{"id":346372,"date":"2026-05-06T04:05:38","date_gmt":"2026-05-06T02:05:38","guid":{"rendered":"http:\/\/rwp.rizoma.com\/negozio\/kit-obturateurs-cadre-ta028\/"},"modified":"2026-05-06T04:07:09","modified_gmt":"2026-05-06T02:07:09","slug":"kit-obturateurs-cadre-ta028","status":"publish","type":"product","link":"https:\/\/www.rizoma.com\/fr\/negozio\/kit-obturateurs-cadre\/TA028\/kit-obturateurs-cadre-ta028\/","title":{"rendered":"Kit obturateurs cadre"},"content":{"rendered":"<p>Le kit bouchons de cadre Rizoma est compos\u00e9 de deux pi\u00e8ces en aluminium finement anodis\u00e9es afin de garantir un r\u00e9sultat esth\u00e9tique plus durable.<\/p>\n","protected":false},"excerpt":{"rendered":"<p>Le kit bouchons de cadre Rizoma est compos\u00e9 de deux pi\u00e8ces en aluminium finement anodis\u00e9es afin de garantir un r\u00e9sultat esth\u00e9tique plus durable.<\/p>\n","protected":false},"featured_media":342880,"template":"","meta":{"_acf_changed":false},"rizoma_assembly_time":[42753],"rizoma_bike":[41456,42033,41779,41457,42034,42060,41802,42049,41806,41895,41804,41805,41951,41952,41795,42057],"rizoma_division":[42651],"rizoma_family":[],"rizoma_model_category":[],"rizoma_product_template":[],"product_brand":[],"product_cat":[44449],"product_tag":[],"class_list":{"0":"post-346372","1":"product","2":"type-product","3":"status-publish","4":"has-post-thumbnail","6":"rizoma_bike-diavel-1200-2010-13","7":"rizoma_bike-diavel-1200-2017-18","8":"rizoma_bike-diavel-1200-amg-2012","9":"rizoma_bike-diavel-1200-carbon-2010-13","10":"rizoma_bike-diavel-1200-carbon-2017-18","11":"rizoma_bike-diavel-1200-cromo-2012","12":"rizoma_bike-diavel-1200-dark-2012-13","13":"rizoma_bike-diavel-1200-diesel-2017-18","14":"rizoma_bike-diavel-1200-strada-2010-14","15":"rizoma_bike-diavel-1200-titanium-2015","16":"rizoma_bike-hypermotard-821-2013-15","17":"rizoma_bike-hypermotard-821-sp-2013-15","18":"rizoma_bike-hypermotard-939-2016-18","19":"rizoma_bike-hypermotard-939-sp-2016-18","20":"rizoma_bike-hyperstrada-821-2013-15","21":"rizoma_bike-hyperstrada-939-2016-18","22":"product_cat-kit-obturateurs-cadre","24":"first","25":"outofstock","26":"sale","27":"taxable","28":"shipping-taxable","29":"purchasable","30":"product-type-variable"},"acf":[],"_links":{"self":[{"href":"https:\/\/www.rizoma.com\/fr\/wp-json\/wp\/v2\/product\/346372","targetHints":{"allow":["GET"]}}],"collection":[{"href":"https:\/\/www.rizoma.com\/fr\/wp-json\/wp\/v2\/product"}],"about":[{"href":"https:\/\/www.rizoma.com\/fr\/wp-json\/wp\/v2\/types\/product"}],"wp:featuredmedia":[{"embeddable":true,"href":"https:\/\/www.rizoma.com\/fr\/wp-json\/wp\/v2\/media\/342880"}],"wp:attachment":[{"href":"https:\/\/www.rizoma.com\/fr\/wp-json\/wp\/v2\/media?parent=346372"}],"wp:term":[{"taxonomy":"rizoma_assembly_time","embeddable":true,"href":"https:\/\/www.rizoma.com\/fr\/wp-json\/wp\/v2\/rizoma_assembly_time?post=346372"},{"taxonomy":"rizoma_bike","embeddable":true,"href":"https:\/\/www.rizoma.com\/fr\/wp-json\/wp\/v2\/rizoma_bike?post=346372"},{"taxonomy":"rizoma_division","embeddable":true,"href":"https:\/\/www.rizoma.com\/fr\/wp-json\/wp\/v2\/rizoma_division?post=346372"},{"taxonomy":"rizoma_family","embeddable":true,"href":"https:\/\/www.rizoma.com\/fr\/wp-json\/wp\/v2\/rizoma_family?post=346372"},{"taxonomy":"rizoma_model_category","embeddable":true,"href":"https:\/\/www.rizoma.com\/fr\/wp-json\/wp\/v2\/rizoma_model_category?post=346372"},{"taxonomy":"rizoma_product_template","embeddable":true,"href":"https:\/\/www.rizoma.com\/fr\/wp-json\/wp\/v2\/rizoma_product_template?post=346372"},{"taxonomy":"product_brand","embeddable":true,"href":"https:\/\/www.rizoma.com\/fr\/wp-json\/wp\/v2\/product_brand?post=346372"},{"taxonomy":"product_cat","embeddable":true,"href":"https:\/\/www.rizoma.com\/fr\/wp-json\/wp\/v2\/product_cat?post=346372"},{"taxonomy":"product_tag","embeddable":true,"href":"https:\/\/www.rizoma.com\/fr\/wp-json\/wp\/v2\/product_tag?post=346372"}],"curies":[{"name":"wp","href":"https:\/\/api.w.org\/{rel}","templated":true}]}}