{"id":345957,"date":"2026-04-28T04:05:17","date_gmt":"2026-04-28T02:05:17","guid":{"rendered":"http:\/\/rwp.rizoma.com\/negozio\/repose-pieds-supplementaires-tout-terrain-hrc-pe660\/"},"modified":"2026-04-28T04:05:34","modified_gmt":"2026-04-28T02:05:34","slug":"repose-pieds-supplementaires-tout-terrain-hrc-pe660","status":"publish","type":"product","link":"https:\/\/www.rizoma.com\/fr\/negozio\/repose-pieds\/HRC-PE660\/repose-pieds-supplementaires-tout-terrain-hrc-pe660\/","title":{"rendered":"Repose-pieds suppl\u00e9mentaires tout terrain"},"content":{"rendered":"<p>Repose-pieds off-road r\u00e9alis\u00e9s en aluminium taill\u00e9 dans la masse.<br \/>La denture ext\u00e9rieure, en acier satin\u00e9, est orient\u00e9e de mani\u00e8re \u00e0 \u00e9viter toute perte d\u2019adh\u00e9rence lat\u00e9rale, notamment lorsque le pilote exerce une pression plus importante du pied sur la partie ext\u00e9rieure du repose-pied.<\/p>\n<p>Certifi\u00e9 T\u00dcV.<\/p>\n","protected":false},"excerpt":{"rendered":"<p>Repose-pieds off-road r\u00e9alis\u00e9s en aluminium taill\u00e9 dans la masse.La denture ext\u00e9rieure, en acier satin\u00e9, est orient\u00e9e de mani\u00e8re \u00e0 \u00e9viter toute perte d\u2019adh\u00e9rence lat\u00e9rale, notamment lorsque le pilote exerce une pression plus importante du pied sur la partie ext\u00e9rieure du repose-pied. Certifi\u00e9 T\u00dcV.<\/p>\n","protected":false},"featured_media":297292,"template":"","meta":{"_acf_changed":false},"rizoma_assembly_time":[42664],"rizoma_bike":[42018,42112,42119,42068,42113],"rizoma_division":[42651],"rizoma_family":[],"rizoma_model_category":[],"rizoma_product_template":[],"product_brand":[],"product_cat":[42750],"product_tag":[],"class_list":{"0":"post-345957","1":"product","2":"type-product","3":"status-publish","4":"has-post-thumbnail","6":"rizoma_bike-x-adv-750-2017","7":"rizoma_bike-x-adv-750-2018-20","8":"rizoma_bike-x-adv-750-desert-track-2018-20","9":"rizoma_bike-x-adv-750-travel-edition-2017","10":"rizoma_bike-x-adv-750-travel-edition-2018-20","11":"product_cat-repose-pieds","13":"first","14":"outofstock","15":"sale","16":"taxable","17":"shipping-taxable","18":"purchasable","19":"product-type-variable"},"acf":[],"_links":{"self":[{"href":"https:\/\/www.rizoma.com\/fr\/wp-json\/wp\/v2\/product\/345957","targetHints":{"allow":["GET"]}}],"collection":[{"href":"https:\/\/www.rizoma.com\/fr\/wp-json\/wp\/v2\/product"}],"about":[{"href":"https:\/\/www.rizoma.com\/fr\/wp-json\/wp\/v2\/types\/product"}],"wp:featuredmedia":[{"embeddable":true,"href":"https:\/\/www.rizoma.com\/fr\/wp-json\/wp\/v2\/media\/297292"}],"wp:attachment":[{"href":"https:\/\/www.rizoma.com\/fr\/wp-json\/wp\/v2\/media?parent=345957"}],"wp:term":[{"taxonomy":"rizoma_assembly_time","embeddable":true,"href":"https:\/\/www.rizoma.com\/fr\/wp-json\/wp\/v2\/rizoma_assembly_time?post=345957"},{"taxonomy":"rizoma_bike","embeddable":true,"href":"https:\/\/www.rizoma.com\/fr\/wp-json\/wp\/v2\/rizoma_bike?post=345957"},{"taxonomy":"rizoma_division","embeddable":true,"href":"https:\/\/www.rizoma.com\/fr\/wp-json\/wp\/v2\/rizoma_division?post=345957"},{"taxonomy":"rizoma_family","embeddable":true,"href":"https:\/\/www.rizoma.com\/fr\/wp-json\/wp\/v2\/rizoma_family?post=345957"},{"taxonomy":"rizoma_model_category","embeddable":true,"href":"https:\/\/www.rizoma.com\/fr\/wp-json\/wp\/v2\/rizoma_model_category?post=345957"},{"taxonomy":"rizoma_product_template","embeddable":true,"href":"https:\/\/www.rizoma.com\/fr\/wp-json\/wp\/v2\/rizoma_product_template?post=345957"},{"taxonomy":"product_brand","embeddable":true,"href":"https:\/\/www.rizoma.com\/fr\/wp-json\/wp\/v2\/product_brand?post=345957"},{"taxonomy":"product_cat","embeddable":true,"href":"https:\/\/www.rizoma.com\/fr\/wp-json\/wp\/v2\/product_cat?post=345957"},{"taxonomy":"product_tag","embeddable":true,"href":"https:\/\/www.rizoma.com\/fr\/wp-json\/wp\/v2\/product_tag?post=345957"}],"curies":[{"name":"wp","href":"https:\/\/api.w.org\/{rel}","templated":true}]}}