{"id":343540,"date":"2026-03-05T14:06:12","date_gmt":"2026-03-05T13:06:12","guid":{"rendered":"http:\/\/rwp.rizoma.com\/negozio\/kit-de-montage-side-mount-bs889\/"},"modified":"2026-03-05T14:07:20","modified_gmt":"2026-03-05T13:07:20","slug":"kit-de-montage-side-mount-bs889","status":"publish","type":"product","link":"https:\/\/www.rizoma.com\/fr\/negozio\/retroviseurs\/BS889\/kit-de-montage-side-mount-bs889\/","title":{"rendered":"Kit de montage Side Mount"},"content":{"rendered":"<p>L\u2019adaptateur Side Mount a \u00e9t\u00e9 cr\u00e9\u00e9 pour installer plusieurs r\u00e9troviseurs Rizoma. En respectant harmonieusement les lignes des r\u00e9troviseurs, il garantit la continuit\u00e9 du design. R\u00e9alis\u00e9 en aluminium taill\u00e9 dans la masse, il est robuste et durable.<\/p>\n","protected":false},"excerpt":{"rendered":"<p>L\u2019adaptateur Side Mount a \u00e9t\u00e9 cr\u00e9\u00e9 pour installer plusieurs r\u00e9troviseurs Rizoma. En respectant harmonieusement les lignes des r\u00e9troviseurs, il garantit la continuit\u00e9 du design. R\u00e9alis\u00e9 en aluminium taill\u00e9 dans la masse, il est robuste et durable.<\/p>\n","protected":false},"featured_media":341498,"template":"","meta":{"_acf_changed":false},"rizoma_assembly_time":[42664],"rizoma_bike":[41817,41410,41411,41412,41809,41970,41413,41838,42111,42289,42128,42301,42290,42283,42305,42177,42575,42591,43987,43988,43989,43990,43991,43394,42604,42605,42606],"rizoma_division":[42651],"rizoma_family":[42667],"rizoma_model_category":[],"rizoma_product_template":[],"product_brand":[],"product_cat":[43939],"product_tag":[],"class_list":{"0":"post-343540","1":"product","2":"type-product","3":"status-publish","4":"has-post-thumbnail","6":"rizoma_bike-f-800-gs-adventure-2013-17","7":"rizoma_bike-r-1200-gs-2004-07","8":"rizoma_bike-r-1200-gs-2008-09","9":"rizoma_bike-r-1200-gs-2010-12","10":"rizoma_bike-r-1200-gs-2013-16","11":"rizoma_bike-r-1200-gs-2017-18","12":"rizoma_bike-r-1200-gs-adventure-2010-13","13":"rizoma_bike-r-1200-gs-adventure-2013-16","14":"rizoma_bike-r-1200-gs-rallye-2017-18","15":"rizoma_bike-r-1250-gs-edition-40-years-gs-2021","16":"rizoma_bike-r-1250-gs-2019-20","17":"rizoma_bike-r-1250-gs-2021-24","18":"rizoma_bike-r-1250-gs-adventure-edition-40-years-gs-2020-21","19":"rizoma_bike-r-1250-gs-adventure-2019-20","20":"rizoma_bike-r-1250-gs-adventure-2021-24","21":"rizoma_bike-r-1250-gs-hp-2019","22":"rizoma_bike-r-1250-gs-ultimate-edition-2023","23":"rizoma_bike-r-1300-gs-2023-26","24":"rizoma_bike-r-1300-gs-adventure-2025-26","25":"rizoma_bike-r-1300-gs-adventure-asa-2025-26","26":"rizoma_bike-r-1300-gs-adventure-option-719-karakorum-2025-26","27":"rizoma_bike-r-1300-gs-adventure-triple-black-2025-26","28":"rizoma_bike-r-1300-gs-adventure-trophy-2025-26","29":"rizoma_bike-r-1300-gs-asa-2024-26","30":"rizoma_bike-r-1300-gs-option-719-tramuntana-2023-26","31":"rizoma_bike-r-1300-gs-triple-black-2023-26","32":"rizoma_bike-r-1300-gs-trophy-2023-26","33":"product_cat-retroviseurs","35":"first","36":"instock","37":"taxable","38":"shipping-taxable","39":"purchasable","40":"product-type-variable"},"acf":[],"_links":{"self":[{"href":"https:\/\/www.rizoma.com\/fr\/wp-json\/wp\/v2\/product\/343540","targetHints":{"allow":["GET"]}}],"collection":[{"href":"https:\/\/www.rizoma.com\/fr\/wp-json\/wp\/v2\/product"}],"about":[{"href":"https:\/\/www.rizoma.com\/fr\/wp-json\/wp\/v2\/types\/product"}],"wp:featuredmedia":[{"embeddable":true,"href":"https:\/\/www.rizoma.com\/fr\/wp-json\/wp\/v2\/media\/341498"}],"wp:attachment":[{"href":"https:\/\/www.rizoma.com\/fr\/wp-json\/wp\/v2\/media?parent=343540"}],"wp:term":[{"taxonomy":"rizoma_assembly_time","embeddable":true,"href":"https:\/\/www.rizoma.com\/fr\/wp-json\/wp\/v2\/rizoma_assembly_time?post=343540"},{"taxonomy":"rizoma_bike","embeddable":true,"href":"https:\/\/www.rizoma.com\/fr\/wp-json\/wp\/v2\/rizoma_bike?post=343540"},{"taxonomy":"rizoma_division","embeddable":true,"href":"https:\/\/www.rizoma.com\/fr\/wp-json\/wp\/v2\/rizoma_division?post=343540"},{"taxonomy":"rizoma_family","embeddable":true,"href":"https:\/\/www.rizoma.com\/fr\/wp-json\/wp\/v2\/rizoma_family?post=343540"},{"taxonomy":"rizoma_model_category","embeddable":true,"href":"https:\/\/www.rizoma.com\/fr\/wp-json\/wp\/v2\/rizoma_model_category?post=343540"},{"taxonomy":"rizoma_product_template","embeddable":true,"href":"https:\/\/www.rizoma.com\/fr\/wp-json\/wp\/v2\/rizoma_product_template?post=343540"},{"taxonomy":"product_brand","embeddable":true,"href":"https:\/\/www.rizoma.com\/fr\/wp-json\/wp\/v2\/product_brand?post=343540"},{"taxonomy":"product_cat","embeddable":true,"href":"https:\/\/www.rizoma.com\/fr\/wp-json\/wp\/v2\/product_cat?post=343540"},{"taxonomy":"product_tag","embeddable":true,"href":"https:\/\/www.rizoma.com\/fr\/wp-json\/wp\/v2\/product_tag?post=343540"}],"curies":[{"name":"wp","href":"https:\/\/api.w.org\/{rel}","templated":true}]}}