{"id":342677,"date":"2026-02-20T04:05:13","date_gmt":"2026-02-20T03:05:13","guid":{"rendered":"http:\/\/rwp.rizoma.com\/negozio\/kit-des-clignotants-avant-rizoma-light-unit-fr855\/"},"modified":"2026-04-08T09:29:43","modified_gmt":"2026-04-08T07:29:43","slug":"kit-des-clignotants-avant-rizoma-light-unit-fr855","status":"publish","type":"product","link":"https:\/\/www.rizoma.com\/fr\/negozio\/clignotants\/FR855\/kit-des-clignotants-avant-rizoma-light-unit-fr855\/","title":{"rendered":"Kit des clignotants avant Rizoma Light Unit"},"content":{"rendered":"<p>Lors du remplacement des r\u00e9troviseurs OEM avec clignotant int\u00e9gr\u00e9 de s\u00e9rie, par des r\u00e9troviseurs Rizoma sans clignotant int\u00e9gr\u00e9, il est possible de restaurer cette fonction gr\u00e2ce au Kit des clignotants avant Rizoma Light Unit. <br \/>Le design innovant de Light Unit est r\u00e9interpr\u00e9t\u00e9 pour s&#8217;int\u00e9gre parfaitement aux lignes de la S 1000 RR. <br \/>Le kit est plug&#038;play, con\u00e7u et fourni avec tout ce qui est n\u00e9cessaire pour personnaliser l&#8217;avant de la BMW.<\/p>\n","protected":false},"excerpt":{"rendered":"<p>Lors du remplacement des r\u00e9troviseurs OEM avec clignotant int\u00e9gr\u00e9 de s\u00e9rie, par des r\u00e9troviseurs Rizoma sans clignotant int\u00e9gr\u00e9, il est possible de restaurer cette fonction gr\u00e2ce au Kit des clignotants avant Rizoma Light Unit. Le design innovant de Light Unit est r\u00e9interpr\u00e9t\u00e9 pour s&#8217;int\u00e9gre parfaitement aux lignes de la S 1000 RR. Le kit est [&hellip;]<\/p>\n","protected":false},"featured_media":339023,"template":"","meta":{"_acf_changed":false},"rizoma_assembly_time":[42675],"rizoma_bike":[42498,42167,42302,42574],"rizoma_division":[42651],"rizoma_family":[42832],"rizoma_model_category":[],"rizoma_product_template":[],"product_brand":[],"product_cat":[42714],"product_tag":[],"class_list":{"0":"post-342677","1":"product","2":"type-product","3":"status-publish","4":"has-post-thumbnail","6":"rizoma_bike-m-1000-rr-50-years-m-2022","7":"rizoma_bike-s-1000-rr-2019-20","8":"rizoma_bike-s-1000-rr-2021-22","9":"rizoma_bike-s-1000-rr-2023-24","10":"product_cat-clignotants","12":"first","13":"instock","14":"taxable","15":"shipping-taxable","16":"purchasable","17":"product-type-variable"},"acf":[],"_links":{"self":[{"href":"https:\/\/www.rizoma.com\/fr\/wp-json\/wp\/v2\/product\/342677","targetHints":{"allow":["GET"]}}],"collection":[{"href":"https:\/\/www.rizoma.com\/fr\/wp-json\/wp\/v2\/product"}],"about":[{"href":"https:\/\/www.rizoma.com\/fr\/wp-json\/wp\/v2\/types\/product"}],"wp:featuredmedia":[{"embeddable":true,"href":"https:\/\/www.rizoma.com\/fr\/wp-json\/wp\/v2\/media\/339023"}],"wp:attachment":[{"href":"https:\/\/www.rizoma.com\/fr\/wp-json\/wp\/v2\/media?parent=342677"}],"wp:term":[{"taxonomy":"rizoma_assembly_time","embeddable":true,"href":"https:\/\/www.rizoma.com\/fr\/wp-json\/wp\/v2\/rizoma_assembly_time?post=342677"},{"taxonomy":"rizoma_bike","embeddable":true,"href":"https:\/\/www.rizoma.com\/fr\/wp-json\/wp\/v2\/rizoma_bike?post=342677"},{"taxonomy":"rizoma_division","embeddable":true,"href":"https:\/\/www.rizoma.com\/fr\/wp-json\/wp\/v2\/rizoma_division?post=342677"},{"taxonomy":"rizoma_family","embeddable":true,"href":"https:\/\/www.rizoma.com\/fr\/wp-json\/wp\/v2\/rizoma_family?post=342677"},{"taxonomy":"rizoma_model_category","embeddable":true,"href":"https:\/\/www.rizoma.com\/fr\/wp-json\/wp\/v2\/rizoma_model_category?post=342677"},{"taxonomy":"rizoma_product_template","embeddable":true,"href":"https:\/\/www.rizoma.com\/fr\/wp-json\/wp\/v2\/rizoma_product_template?post=342677"},{"taxonomy":"product_brand","embeddable":true,"href":"https:\/\/www.rizoma.com\/fr\/wp-json\/wp\/v2\/product_brand?post=342677"},{"taxonomy":"product_cat","embeddable":true,"href":"https:\/\/www.rizoma.com\/fr\/wp-json\/wp\/v2\/product_cat?post=342677"},{"taxonomy":"product_tag","embeddable":true,"href":"https:\/\/www.rizoma.com\/fr\/wp-json\/wp\/v2\/product_tag?post=342677"}],"curies":[{"name":"wp","href":"https:\/\/api.w.org\/{rel}","templated":true}]}}