{"id":341093,"date":"2025-12-09T17:24:36","date_gmt":"2025-12-09T16:24:36","guid":{"rendered":"https:\/\/www.rizoma.com\/negozio\/protection-phare-avant-zbw119\/"},"modified":"2026-02-26T11:41:09","modified_gmt":"2026-02-26T10:41:09","slug":"protection-phare-avant-zbw119","status":"publish","type":"product","link":"https:\/\/www.rizoma.com\/fr\/negozio\/plus-pour-votre-bmw\/ZBW119\/protection-phare-avant-zbw119\/","title":{"rendered":"Protection phare avant"},"content":{"rendered":"<p>Les meilleurs raids longue distance exigent un confort optimal et une s\u00e9curit\u00e9 maximale. Rizoma a con\u00e7u la Protection de phare avant en recherchant le juste \u00e9quilibre entre esth\u00e9tique et fonctionnalit\u00e9. La protection offre une couverture ad\u00e9quate au bloc optique, en associant une grille en aluminium anodis\u00e9 \u00e0 un \u00e9cran en polycarbonate anti-rayures.<br \/>Attention\u00a0: la protection de phare avant ZBW119 a \u00e9t\u00e9 d\u00e9velopp\u00e9e pour un usage tout-terrain.<\/p>\n","protected":false},"excerpt":{"rendered":"<p>Les meilleurs raids longue distance exigent un confort optimal et une s\u00e9curit\u00e9 maximale. Rizoma a con\u00e7u la Protection de phare avant en recherchant le juste \u00e9quilibre entre esth\u00e9tique et fonctionnalit\u00e9. La protection offre une couverture ad\u00e9quate au bloc optique, en associant une grille en aluminium anodis\u00e9 \u00e0 un \u00e9cran en polycarbonate anti-rayures.Attention\u00a0: la protection de [&hellip;]<\/p>\n","protected":false},"featured_media":340879,"template":"","meta":{"_acf_changed":false},"rizoma_assembly_time":[42664],"rizoma_bike":[43897],"rizoma_division":[42651],"rizoma_family":[],"rizoma_model_category":[],"rizoma_product_template":[],"product_brand":[],"product_cat":[42781],"product_tag":[],"class_list":{"0":"post-341093","1":"product","2":"type-product","3":"status-publish","4":"has-post-thumbnail","6":"rizoma_bike-r-12-g-s-2026","7":"product_cat-plus-pour-votre-bmw","9":"first","10":"instock","11":"taxable","12":"shipping-taxable","13":"purchasable","14":"product-type-variable"},"acf":[],"_links":{"self":[{"href":"https:\/\/www.rizoma.com\/fr\/wp-json\/wp\/v2\/product\/341093","targetHints":{"allow":["GET"]}}],"collection":[{"href":"https:\/\/www.rizoma.com\/fr\/wp-json\/wp\/v2\/product"}],"about":[{"href":"https:\/\/www.rizoma.com\/fr\/wp-json\/wp\/v2\/types\/product"}],"wp:featuredmedia":[{"embeddable":true,"href":"https:\/\/www.rizoma.com\/fr\/wp-json\/wp\/v2\/media\/340879"}],"wp:attachment":[{"href":"https:\/\/www.rizoma.com\/fr\/wp-json\/wp\/v2\/media?parent=341093"}],"wp:term":[{"taxonomy":"rizoma_assembly_time","embeddable":true,"href":"https:\/\/www.rizoma.com\/fr\/wp-json\/wp\/v2\/rizoma_assembly_time?post=341093"},{"taxonomy":"rizoma_bike","embeddable":true,"href":"https:\/\/www.rizoma.com\/fr\/wp-json\/wp\/v2\/rizoma_bike?post=341093"},{"taxonomy":"rizoma_division","embeddable":true,"href":"https:\/\/www.rizoma.com\/fr\/wp-json\/wp\/v2\/rizoma_division?post=341093"},{"taxonomy":"rizoma_family","embeddable":true,"href":"https:\/\/www.rizoma.com\/fr\/wp-json\/wp\/v2\/rizoma_family?post=341093"},{"taxonomy":"rizoma_model_category","embeddable":true,"href":"https:\/\/www.rizoma.com\/fr\/wp-json\/wp\/v2\/rizoma_model_category?post=341093"},{"taxonomy":"rizoma_product_template","embeddable":true,"href":"https:\/\/www.rizoma.com\/fr\/wp-json\/wp\/v2\/rizoma_product_template?post=341093"},{"taxonomy":"product_brand","embeddable":true,"href":"https:\/\/www.rizoma.com\/fr\/wp-json\/wp\/v2\/product_brand?post=341093"},{"taxonomy":"product_cat","embeddable":true,"href":"https:\/\/www.rizoma.com\/fr\/wp-json\/wp\/v2\/product_cat?post=341093"},{"taxonomy":"product_tag","embeddable":true,"href":"https:\/\/www.rizoma.com\/fr\/wp-json\/wp\/v2\/product_tag?post=341093"}],"curies":[{"name":"wp","href":"https:\/\/api.w.org\/{rel}","templated":true}]}}