{"id":341048,"date":"2025-12-09T17:14:58","date_gmt":"2025-12-09T16:14:58","guid":{"rendered":"https:\/\/www.rizoma.com\/negozio\/icon-tag-laterales-zbw118\/"},"modified":"2026-03-27T14:46:23","modified_gmt":"2026-03-27T13:46:23","slug":"icon-tag-laterales-zbw118","status":"publish","type":"product","link":"https:\/\/www.rizoma.com\/fr\/negozio\/plus-pour-votre-bmw\/ZBW118\/icon-tag-laterales-zbw118\/","title":{"rendered":"Icon tag lat\u00e9rales"},"content":{"rendered":"<p>Les Icon Tag sont fabriqu\u00e9s \u00e0 partir d&#8217;aluminium usin\u00e9 avec pr\u00e9cision en 3D avec une gravure laser contrast\u00e9e.<\/p>\n","protected":false},"excerpt":{"rendered":"<p>Les Icon Tag sont fabriqu\u00e9s \u00e0 partir d&#8217;aluminium usin\u00e9 avec pr\u00e9cision en 3D avec une gravure laser contrast\u00e9e.<\/p>\n","protected":false},"featured_media":341019,"template":"","meta":{"_acf_changed":false},"rizoma_assembly_time":[42664],"rizoma_bike":[43897,43723],"rizoma_division":[42651],"rizoma_family":[],"rizoma_model_category":[],"rizoma_product_template":[],"product_brand":[],"product_cat":[42781],"product_tag":[],"class_list":{"0":"post-341048","1":"product","2":"type-product","3":"status-publish","4":"has-post-thumbnail","6":"rizoma_bike-r-12-g-s-2026","7":"rizoma_bike-r-12-ninet-2023-26","8":"product_cat-plus-pour-votre-bmw","10":"first","11":"instock","12":"taxable","13":"shipping-taxable","14":"purchasable","15":"product-type-variable"},"acf":[],"_links":{"self":[{"href":"https:\/\/www.rizoma.com\/fr\/wp-json\/wp\/v2\/product\/341048","targetHints":{"allow":["GET"]}}],"collection":[{"href":"https:\/\/www.rizoma.com\/fr\/wp-json\/wp\/v2\/product"}],"about":[{"href":"https:\/\/www.rizoma.com\/fr\/wp-json\/wp\/v2\/types\/product"}],"wp:featuredmedia":[{"embeddable":true,"href":"https:\/\/www.rizoma.com\/fr\/wp-json\/wp\/v2\/media\/341019"}],"wp:attachment":[{"href":"https:\/\/www.rizoma.com\/fr\/wp-json\/wp\/v2\/media?parent=341048"}],"wp:term":[{"taxonomy":"rizoma_assembly_time","embeddable":true,"href":"https:\/\/www.rizoma.com\/fr\/wp-json\/wp\/v2\/rizoma_assembly_time?post=341048"},{"taxonomy":"rizoma_bike","embeddable":true,"href":"https:\/\/www.rizoma.com\/fr\/wp-json\/wp\/v2\/rizoma_bike?post=341048"},{"taxonomy":"rizoma_division","embeddable":true,"href":"https:\/\/www.rizoma.com\/fr\/wp-json\/wp\/v2\/rizoma_division?post=341048"},{"taxonomy":"rizoma_family","embeddable":true,"href":"https:\/\/www.rizoma.com\/fr\/wp-json\/wp\/v2\/rizoma_family?post=341048"},{"taxonomy":"rizoma_model_category","embeddable":true,"href":"https:\/\/www.rizoma.com\/fr\/wp-json\/wp\/v2\/rizoma_model_category?post=341048"},{"taxonomy":"rizoma_product_template","embeddable":true,"href":"https:\/\/www.rizoma.com\/fr\/wp-json\/wp\/v2\/rizoma_product_template?post=341048"},{"taxonomy":"product_brand","embeddable":true,"href":"https:\/\/www.rizoma.com\/fr\/wp-json\/wp\/v2\/product_brand?post=341048"},{"taxonomy":"product_cat","embeddable":true,"href":"https:\/\/www.rizoma.com\/fr\/wp-json\/wp\/v2\/product_cat?post=341048"},{"taxonomy":"product_tag","embeddable":true,"href":"https:\/\/www.rizoma.com\/fr\/wp-json\/wp\/v2\/product_tag?post=341048"}],"curies":[{"name":"wp","href":"https:\/\/api.w.org\/{rel}","templated":true}]}}