{"id":339307,"date":"2025-10-21T04:12:55","date_gmt":"2025-10-21T02:12:55","guid":{"rendered":"https:\/\/www.rizoma.com\/negozio\/bouchons-retroviseurs-bs546\/"},"modified":"2026-03-23T11:00:45","modified_gmt":"2026-03-23T10:00:45","slug":"bouchons-retroviseurs-bs546","status":"publish","type":"product","link":"https:\/\/www.rizoma.com\/fr\/negozio\/retroviseurs\/BS546\/bouchons-retroviseurs-bs546\/","title":{"rendered":"Bouchons r\u00e9troviseurs"},"content":{"rendered":"<p>En cas de remplacement des r\u00e9troviseurs OEM et d\u2019installation de nouveaux r\u00e9troviseurs au guidon, nous recommandons l\u2019achat des obturateurs de r\u00e9troviseur Rizoma (r\u00e9alis\u00e9s en aluminium), que permettent de couvrir avec \u00e9l\u00e9gance les trous laiss\u00e9s sur le car\u00e9nage.<\/p>\n","protected":false},"excerpt":{"rendered":"<p>En cas de remplacement des r\u00e9troviseurs OEM et d\u2019installation de nouveaux r\u00e9troviseurs au guidon, nous recommandons l\u2019achat des obturateurs de r\u00e9troviseur Rizoma (r\u00e9alis\u00e9s en aluminium), que permettent de couvrir avec \u00e9l\u00e9gance les trous laiss\u00e9s sur le car\u00e9nage.<\/p>\n","protected":false},"featured_media":338806,"template":"","meta":{"_acf_changed":false},"rizoma_assembly_time":[42664],"rizoma_bike":[44361,44362,44364,44363],"rizoma_division":[42651],"rizoma_family":[42837],"rizoma_model_category":[],"rizoma_product_template":[],"product_brand":[],"product_cat":[43939],"product_tag":[],"class_list":{"0":"post-339307","1":"product","2":"type-product","3":"status-publish","4":"has-post-thumbnail","6":"rizoma_bike-rs-660-2025-26","7":"rizoma_bike-rs-660-factory-2025-26","8":"rizoma_bike-rsv4-1100-2025-26","9":"rizoma_bike-rsv4-1100-factory-2025-26","10":"product_cat-retroviseurs","12":"first","13":"instock","14":"taxable","15":"shipping-taxable","16":"purchasable","17":"product-type-variable"},"acf":[],"_links":{"self":[{"href":"https:\/\/www.rizoma.com\/fr\/wp-json\/wp\/v2\/product\/339307","targetHints":{"allow":["GET"]}}],"collection":[{"href":"https:\/\/www.rizoma.com\/fr\/wp-json\/wp\/v2\/product"}],"about":[{"href":"https:\/\/www.rizoma.com\/fr\/wp-json\/wp\/v2\/types\/product"}],"wp:featuredmedia":[{"embeddable":true,"href":"https:\/\/www.rizoma.com\/fr\/wp-json\/wp\/v2\/media\/338806"}],"wp:attachment":[{"href":"https:\/\/www.rizoma.com\/fr\/wp-json\/wp\/v2\/media?parent=339307"}],"wp:term":[{"taxonomy":"rizoma_assembly_time","embeddable":true,"href":"https:\/\/www.rizoma.com\/fr\/wp-json\/wp\/v2\/rizoma_assembly_time?post=339307"},{"taxonomy":"rizoma_bike","embeddable":true,"href":"https:\/\/www.rizoma.com\/fr\/wp-json\/wp\/v2\/rizoma_bike?post=339307"},{"taxonomy":"rizoma_division","embeddable":true,"href":"https:\/\/www.rizoma.com\/fr\/wp-json\/wp\/v2\/rizoma_division?post=339307"},{"taxonomy":"rizoma_family","embeddable":true,"href":"https:\/\/www.rizoma.com\/fr\/wp-json\/wp\/v2\/rizoma_family?post=339307"},{"taxonomy":"rizoma_model_category","embeddable":true,"href":"https:\/\/www.rizoma.com\/fr\/wp-json\/wp\/v2\/rizoma_model_category?post=339307"},{"taxonomy":"rizoma_product_template","embeddable":true,"href":"https:\/\/www.rizoma.com\/fr\/wp-json\/wp\/v2\/rizoma_product_template?post=339307"},{"taxonomy":"product_brand","embeddable":true,"href":"https:\/\/www.rizoma.com\/fr\/wp-json\/wp\/v2\/product_brand?post=339307"},{"taxonomy":"product_cat","embeddable":true,"href":"https:\/\/www.rizoma.com\/fr\/wp-json\/wp\/v2\/product_cat?post=339307"},{"taxonomy":"product_tag","embeddable":true,"href":"https:\/\/www.rizoma.com\/fr\/wp-json\/wp\/v2\/product_tag?post=339307"}],"curies":[{"name":"wp","href":"https:\/\/api.w.org\/{rel}","templated":true}]}}