{"id":337228,"date":"2025-07-14T14:09:38","date_gmt":"2025-07-14T12:09:38","guid":{"rendered":"https:\/\/www.rizoma.com\/negozio\/flat-out-fender-eliminator-ptu041\/"},"modified":"2025-07-14T14:15:50","modified_gmt":"2025-07-14T12:15:50","slug":"flat-out-fender-eliminator-ptu041","status":"publish","type":"product","link":"https:\/\/www.rizoma.com\/fr\/negozio\/support-dimmatriculation\/PTU041\/flat-out-fender-eliminator-ptu041\/","title":{"rendered":"FLAT-OUT Fender Eliminator"},"content":{"rendered":"<p>Issu d\u2019un profond engagement envers la communaut\u00e9 motocycliste nord-am\u00e9ricaine, Rizoma d\u00e9voile une nouvelle d\u00e9claration audacieuse d\u2019excellence en design et d\u2019innovation technologique : FLAT-OUT, le seul support d\u2019immatriculation que vous voudrez sur votre moto.<\/p>\n<p>Fabriqu\u00e9e en Italie, cette nouvelle ic\u00f4ne red\u00e9finit les r\u00e8gles du design de l\u2019arri\u00e8re de la moto, alliant harmonieusement esth\u00e9tique \u00e9pur\u00e9e et fonctionnalit\u00e9 lumineuse avanc\u00e9e \u00e0 travers un accessoire unique qui affine les lignes de toute moto.<\/p>\n<p>Sa barre lumineuse enti\u00e8rement int\u00e9gr\u00e9e et multifonction regroupe l\u2019\u00e9clairage de plaque et les clignotants s\u00e9quentiels dans une unit\u00e9 compacte et minimaliste, commune \u00e0 tous les mod\u00e8les. La technologie LED la plus avanc\u00e9e, \u00e9l\u00e9gamment dissimul\u00e9e derri\u00e8re un verre fum\u00e9 noir, offre des performances lumineuses grand angle irr\u00e9prochables.<\/p>\n<p>Anim\u00e9 par la qu\u00eate de perfection, le support de plaque en aluminium est dot\u00e9 de fentes de montage et d\u2019un profil ultra-fin pour r\u00e9duire au maximum la masse non suspendue, tout en conservant un syst\u00e8me l\u00e9ger et ax\u00e9 sur la performance.<\/p>\n<p>Le nom du produit fait directement r\u00e9f\u00e9rence aux deux options de montage rendues possibles par les deux supports en aluminium fournis, offrant aux motards la libert\u00e9 de choisir leur style pr\u00e9f\u00e9r\u00e9 : \u201cFLAT\u201d pour une configuration plus int\u00e9gr\u00e9e et \u201cOUT\u201d pour une disposition standard.<\/p>\n<p>Pour une exp\u00e9rience d\u2019achat et de montage optimale, le Fender Eliminator FLAT-OUT est vendu en kit complet, avec toutes les r\u00e9sistances et le c\u00e2blage inclus pour une installation v\u00e9ritablement Plug &#038; Play.<\/p>\n","protected":false},"excerpt":{"rendered":"<p>Issu d\u2019un profond engagement envers la communaut\u00e9 motocycliste nord-am\u00e9ricaine, Rizoma d\u00e9voile une nouvelle d\u00e9claration audacieuse d\u2019excellence en design et d\u2019innovation technologique : FLAT-OUT, le seul support d\u2019immatriculation que vous voudrez sur votre moto. Fabriqu\u00e9e en Italie, cette nouvelle ic\u00f4ne red\u00e9finit les r\u00e8gles du design de l\u2019arri\u00e8re de la moto, alliant harmonieusement esth\u00e9tique \u00e9pur\u00e9e et fonctionnalit\u00e9 [&hellip;]<\/p>\n","protected":false},"featured_media":335815,"template":"","meta":{"_acf_changed":false},"rizoma_assembly_time":[42691],"rizoma_bike":[42233,44361,42573,44362,42497,42358,42466,44374],"rizoma_division":[42651],"rizoma_family":[],"rizoma_model_category":[],"rizoma_product_template":[],"product_brand":[],"product_cat":[42766],"product_tag":[],"class_list":{"0":"post-337228","1":"product","2":"type-product","3":"status-publish","4":"has-post-thumbnail","6":"rizoma_bike-rs-660-2020-24","7":"rizoma_bike-rs-660-2025-26","8":"rizoma_bike-rs-660-extrema-2023-24","9":"rizoma_bike-rs-660-factory-2025-26","10":"rizoma_bike-rs-660-limited-edition-2020-23","11":"rizoma_bike-tuono-660-2021-25","12":"rizoma_bike-tuono-660-factory-2022-24","13":"rizoma_bike-tuono-660-factory-2025-26","14":"product_cat-support-dimmatriculation","16":"first","17":"outofstock","18":"taxable","19":"shipping-taxable","20":"purchasable","21":"product-type-variable"},"acf":[],"_links":{"self":[{"href":"https:\/\/www.rizoma.com\/fr\/wp-json\/wp\/v2\/product\/337228","targetHints":{"allow":["GET"]}}],"collection":[{"href":"https:\/\/www.rizoma.com\/fr\/wp-json\/wp\/v2\/product"}],"about":[{"href":"https:\/\/www.rizoma.com\/fr\/wp-json\/wp\/v2\/types\/product"}],"wp:featuredmedia":[{"embeddable":true,"href":"https:\/\/www.rizoma.com\/fr\/wp-json\/wp\/v2\/media\/335815"}],"wp:attachment":[{"href":"https:\/\/www.rizoma.com\/fr\/wp-json\/wp\/v2\/media?parent=337228"}],"wp:term":[{"taxonomy":"rizoma_assembly_time","embeddable":true,"href":"https:\/\/www.rizoma.com\/fr\/wp-json\/wp\/v2\/rizoma_assembly_time?post=337228"},{"taxonomy":"rizoma_bike","embeddable":true,"href":"https:\/\/www.rizoma.com\/fr\/wp-json\/wp\/v2\/rizoma_bike?post=337228"},{"taxonomy":"rizoma_division","embeddable":true,"href":"https:\/\/www.rizoma.com\/fr\/wp-json\/wp\/v2\/rizoma_division?post=337228"},{"taxonomy":"rizoma_family","embeddable":true,"href":"https:\/\/www.rizoma.com\/fr\/wp-json\/wp\/v2\/rizoma_family?post=337228"},{"taxonomy":"rizoma_model_category","embeddable":true,"href":"https:\/\/www.rizoma.com\/fr\/wp-json\/wp\/v2\/rizoma_model_category?post=337228"},{"taxonomy":"rizoma_product_template","embeddable":true,"href":"https:\/\/www.rizoma.com\/fr\/wp-json\/wp\/v2\/rizoma_product_template?post=337228"},{"taxonomy":"product_brand","embeddable":true,"href":"https:\/\/www.rizoma.com\/fr\/wp-json\/wp\/v2\/product_brand?post=337228"},{"taxonomy":"product_cat","embeddable":true,"href":"https:\/\/www.rizoma.com\/fr\/wp-json\/wp\/v2\/product_cat?post=337228"},{"taxonomy":"product_tag","embeddable":true,"href":"https:\/\/www.rizoma.com\/fr\/wp-json\/wp\/v2\/product_tag?post=337228"}],"curies":[{"name":"wp","href":"https:\/\/api.w.org\/{rel}","templated":true}]}}