{"id":336856,"date":"2025-07-08T14:53:19","date_gmt":"2025-07-08T12:53:19","guid":{"rendered":"https:\/\/www.rizoma.com\/negozio\/r21-bs125\/"},"modified":"2026-03-05T06:25:09","modified_gmt":"2026-03-05T05:25:09","slug":"r21-bs125","status":"publish","type":"product","link":"https:\/\/www.rizoma.com\/fr\/negozio\/retroviseurs\/BS125\/r21-bs125\/motorbike\/7298\/honda\/cbr-1000-rr\/","title":{"rendered":"R21"},"content":{"rendered":"<p>Ce n\u2019est pas un miroir: c\u2019est une lentille r\u00e9trovisive invisible. Seulement 18 g, lentille ZEISS\u00ae incassable, fixation magn\u00e9tique.<br \/>R21 vous permet de voir derri\u00e8re vous sans tourner la t\u00eate, tout en restant dans le flux.<\/p>\n<p>Con\u00e7ue pour ceux qui veulent voir sans se retourner, rester concentr\u00e9s et rouler avec plus de conscience.<br \/>La lentille ZEISS\u00ae garantit une vision nette, sans distorsion, incassable et r\u00e9sistante aux rayures. Son profil a\u00e9rodynamique a \u00e9t\u00e9 test\u00e9 en soufflerie.<br \/>Le syst\u00e8me magn\u00e9tique assure une fixation stable et un retrait rapide d\u2019un simple geste.<\/p>\n<p>\u00c0 l\u2019int\u00e9rieur du guidon se trouve l\u2019Unit\u00e9 de R\u00e9glage: une sph\u00e8re int\u00e9gr\u00e9e qui permet un ajustement fluide et pr\u00e9cis selon les postures et configurations.<br \/>Cette base invisible accueille l\u2019Unit\u00e9 Optique, qui int\u00e8gre la lentille r\u00e9trovisive dans un design harmonieux, compact et essentiel.<br \/>R21 est fait pour ceux qui recherchent un avantage sans compromis.<br \/>Technologie invisible, s\u00e9curit\u00e9 renforc\u00e9e, vision continue.<br \/>Pour ceux qui ne veulent plus jamais se retourner.<\/p>\n","protected":false},"excerpt":{"rendered":"<p>Ce n\u2019est pas un miroir: c\u2019est une lentille r\u00e9trovisive invisible. Seulement 18 g, lentille ZEISS\u00ae incassable, fixation magn\u00e9tique.R21 vous permet de voir derri\u00e8re vous sans tourner la t\u00eate, tout en restant dans le flux. Con\u00e7ue pour ceux qui veulent voir sans se retourner, rester concentr\u00e9s et rouler avec plus de conscience.La lentille ZEISS\u00ae garantit une [&hellip;]<\/p>\n","protected":false},"featured_media":336812,"template":"","meta":{"_acf_changed":false},"rizoma_assembly_time":[42664],"rizoma_bike":[],"rizoma_division":[43900],"rizoma_family":[42925],"rizoma_model_category":[],"rizoma_product_template":[],"product_brand":[],"product_cat":[43939],"product_tag":[],"class_list":{"0":"post-336856","1":"product","2":"type-product","3":"status-publish","4":"has-post-thumbnail","6":"product_cat-retroviseurs","8":"first","9":"instock","10":"taxable","11":"shipping-taxable","12":"purchasable","13":"product-type-variable"},"acf":[],"_links":{"self":[{"href":"https:\/\/www.rizoma.com\/fr\/wp-json\/wp\/v2\/product\/336856","targetHints":{"allow":["GET"]}}],"collection":[{"href":"https:\/\/www.rizoma.com\/fr\/wp-json\/wp\/v2\/product"}],"about":[{"href":"https:\/\/www.rizoma.com\/fr\/wp-json\/wp\/v2\/types\/product"}],"wp:featuredmedia":[{"embeddable":true,"href":"https:\/\/www.rizoma.com\/fr\/wp-json\/wp\/v2\/media\/336812"}],"wp:attachment":[{"href":"https:\/\/www.rizoma.com\/fr\/wp-json\/wp\/v2\/media?parent=336856"}],"wp:term":[{"taxonomy":"rizoma_assembly_time","embeddable":true,"href":"https:\/\/www.rizoma.com\/fr\/wp-json\/wp\/v2\/rizoma_assembly_time?post=336856"},{"taxonomy":"rizoma_bike","embeddable":true,"href":"https:\/\/www.rizoma.com\/fr\/wp-json\/wp\/v2\/rizoma_bike?post=336856"},{"taxonomy":"rizoma_division","embeddable":true,"href":"https:\/\/www.rizoma.com\/fr\/wp-json\/wp\/v2\/rizoma_division?post=336856"},{"taxonomy":"rizoma_family","embeddable":true,"href":"https:\/\/www.rizoma.com\/fr\/wp-json\/wp\/v2\/rizoma_family?post=336856"},{"taxonomy":"rizoma_model_category","embeddable":true,"href":"https:\/\/www.rizoma.com\/fr\/wp-json\/wp\/v2\/rizoma_model_category?post=336856"},{"taxonomy":"rizoma_product_template","embeddable":true,"href":"https:\/\/www.rizoma.com\/fr\/wp-json\/wp\/v2\/rizoma_product_template?post=336856"},{"taxonomy":"product_brand","embeddable":true,"href":"https:\/\/www.rizoma.com\/fr\/wp-json\/wp\/v2\/product_brand?post=336856"},{"taxonomy":"product_cat","embeddable":true,"href":"https:\/\/www.rizoma.com\/fr\/wp-json\/wp\/v2\/product_cat?post=336856"},{"taxonomy":"product_tag","embeddable":true,"href":"https:\/\/www.rizoma.com\/fr\/wp-json\/wp\/v2\/product_tag?post=336856"}],"curies":[{"name":"wp","href":"https:\/\/api.w.org\/{rel}","templated":true}]}}