{"id":336267,"date":"2025-06-23T14:07:21","date_gmt":"2025-06-23T12:07:21","guid":{"rendered":"https:\/\/www.rizoma.com\/negozio\/corsa-s-ts115\/"},"modified":"2026-03-09T23:46:10","modified_gmt":"2026-03-09T22:46:10","slug":"corsa-s-ts115","status":"publish","type":"product","link":"https:\/\/www.rizoma.com\/fr\/negozio\/clignotants\/TS115\/corsa-s-ts115\/","title":{"rendered":"Corsa S"},"content":{"rendered":"<p>Corsa S, un style sportif et actuel et des dimensions r\u00e9duites. Gr\u00e2ce \u00e0 la technologie \u00e0 LED SMD de derni\u00e8re g\u00e9n\u00e9ration qui comprend trois fonctions (clignotant, feu de position arri\u00e8re et feu de stop), il garantit une forte intensit\u00e9 lumineuse et la conformit\u00e9 aux normes d\u2019homologation europ\u00e9ennes. Disponible en diff\u00e9rentes couleurs.<\/p>\n","protected":false},"excerpt":{"rendered":"<p>Corsa S, un style sportif et actuel et des dimensions r\u00e9duites. Gr\u00e2ce \u00e0 la technologie \u00e0 LED SMD de derni\u00e8re g\u00e9n\u00e9ration qui comprend trois fonctions (clignotant, feu de position arri\u00e8re et feu de stop), il garantit une forte intensit\u00e9 lumineuse et la conformit\u00e9 aux normes d\u2019homologation europ\u00e9ennes. Disponible en diff\u00e9rentes couleurs.<\/p>\n","protected":false},"featured_media":326687,"template":"","meta":{"_acf_changed":false},"rizoma_assembly_time":[42742],"rizoma_bike":[43787,43808,43800,43798,43811,43795,43781,43820,43812,43785,43777,43817,43794,43803,43805,43802,43822,41820,42094,42199,43690,42399,42479,43821,43779,43819,43782,43813,43790,43780,43791,43786,43793,43783,43789,43824,42351,42474,42377,42240,42352,42469,42619,44429,41751,41938,41845,41760,41787,41750,41759,41817,41439,41763,42516,43912,42288,43892,42498,43707,41796,41772,43818,43797,43807,41922,41688,41791,41893,41445,41908,42289,42301,42290,42305,42575,42591,43987,43988,43989,43990,43991,43394,42604,42605,42606,42296,42551,41839,42006,41979,42248,41981,41953,42297,42298,42299,42372,42003,42178,44364,44363,41840,42345,43913,42167,42574,43701,42236,42607,43816,41937,42047,42554,42599,44461,44462,41773,43804,42262,41948,41964,43993,41869,41531,41803],"rizoma_division":[42651],"rizoma_family":[42852],"rizoma_model_category":[],"rizoma_product_template":[],"product_brand":[],"product_cat":[42714],"product_tag":[],"class_list":{"0":"post-336267","1":"product","2":"type-product","3":"status-publish","4":"has-post-thumbnail","6":"rizoma_bike-107-breakout-2018-19-fxbr","7":"rizoma_bike-107-fat-bob-2017-20-fxfb","8":"rizoma_bike-107-fat-boy-2017-20-flfb","9":"rizoma_bike-107-slim-2018-20-flsl","10":"rizoma_bike-107-street-bob-2018-20-fxbb","11":"rizoma_bike-114-breakout-2018-20-fxbrs","12":"rizoma_bike-114-fat-bob-2018-20-fxfbs","13":"rizoma_bike-114-fat-boy-2018-20-flfbs","14":"rizoma_bike-114-fxdr-2019-20","15":"rizoma_bike-1200-forty-eight-2016-20","16":"rizoma_bike-1200-xl-sportster-low-2007","17":"rizoma_bike-1200c-sportster-custom-2005-06","18":"rizoma_bike-1200c-sportster-custom-2007","19":"rizoma_bike-1200c-sportster-custom-2008-12","20":"rizoma_bike-1200l-xl-sportster-low-2005-06","21":"rizoma_bike-1200l-xl-sportster-low-2008-09","22":"rizoma_bike-1200n-sportster-nightster-xl-2008-12","23":"rizoma_bike-125-duke-abs-2013-16","24":"rizoma_bike-790-duke-2018-20","25":"rizoma_bike-790-duke-2019","26":"rizoma_bike-790-duke-2025-26","27":"rizoma_bike-790-duke-l-2019-20","28":"rizoma_bike-790-duke-l-2023-24","29":"rizoma_bike-883-sportester-r-2007","30":"rizoma_bike-883-sportster-custom-2006","31":"rizoma_bike-883-sportster-r-2006","32":"rizoma_bike-883-sportster-xl-2006","33":"rizoma_bike-883-sportster-xl-2007","34":"rizoma_bike-883-sportster-xl-2008-09","35":"rizoma_bike-883c-sportster-custom-xl-2007","36":"rizoma_bike-883c-sportster-custom-xl-2008-12","37":"rizoma_bike-883l-sportster-low-xl-2005","38":"rizoma_bike-883l-sportster-low-xl-2006","39":"rizoma_bike-883l-sportster-low-xl-2007","40":"rizoma_bike-883l-sportster-low-xl-2008-12","41":"rizoma_bike-883r-sportster-xl-2008-16","42":"rizoma_bike-890-duke-2021-23","43":"rizoma_bike-890-duke-gp-2022-23","44":"rizoma_bike-890-duke-l-2021","45":"rizoma_bike-890-duke-r-2020","46":"rizoma_bike-890-duke-r-2021","47":"rizoma_bike-890-duke-r-2022-23","48":"rizoma_bike-990-duke-2024-26","49":"rizoma_bike-990-duke-r-2026","50":"rizoma_bike-brutale-920-2011-12","51":"rizoma_bike-cb-500-f-abs-2016","52":"rizoma_bike-cb-650-f-abs-2014-17","53":"rizoma_bike-er-6f-2012-13","54":"rizoma_bike-er-6f-abs-2012-16","55":"rizoma_bike-er-6n-2009-11","56":"rizoma_bike-er-6n-abs-2012-16","57":"rizoma_bike-f-800-gs-adventure-2013-17","58":"rizoma_bike-f-800-r-2009-11","59":"rizoma_bike-integra-700-2011-13","60":"rizoma_bike-m-1000-r-2023-24","61":"rizoma_bike-m-1000-r-2025-26","62":"rizoma_bike-m-1000-rr-2023-24","63":"rizoma_bike-m-1000-rr-2025-26","64":"rizoma_bike-m-1000-rr-50-years-m-2022","65":"rizoma_bike-m-1000-xr-2024-26","66":"rizoma_bike-multistrada-1200-s-granturismo-2013-14","67":"rizoma_bike-nc700x-abs-2012-13","68":"rizoma_bike-night-rod-special-2006-vrscdx","69":"rizoma_bike-night-rod-special-2007-vrscdx","70":"rizoma_bike-night-rod-special-2008-16-vrscdx","71":"rizoma_bike-ninja-300-abs-2012-16","72":"rizoma_bike-ninja-600-zx-6r-2009-16","73":"rizoma_bike-ninja-636-zx-6r-2013","74":"rizoma_bike-r-1200-r-2015-16","75":"rizoma_bike-r-1200-r-classic-2011-12","76":"rizoma_bike-r-1200-rs-2015-16","77":"rizoma_bike-r-1250-gs-edition-40-years-gs-2021","78":"rizoma_bike-r-1250-gs-2021-24","79":"rizoma_bike-r-1250-gs-adventure-edition-40-years-gs-2020-21","80":"rizoma_bike-r-1250-gs-adventure-2021-24","81":"rizoma_bike-r-1250-gs-ultimate-edition-2023","82":"rizoma_bike-r-1300-gs-2023-26","83":"rizoma_bike-r-1300-gs-adventure-2025-26","84":"rizoma_bike-r-1300-gs-adventure-asa-2025-26","85":"rizoma_bike-r-1300-gs-adventure-option-719-karakorum-2025-26","86":"rizoma_bike-r-1300-gs-adventure-triple-black-2025-26","87":"rizoma_bike-r-1300-gs-adventure-trophy-2025-26","88":"rizoma_bike-r-1300-gs-asa-2024-26","89":"rizoma_bike-r-1300-gs-option-719-tramuntana-2023-26","90":"rizoma_bike-r-1300-gs-triple-black-2023-26","91":"rizoma_bike-r-1300-gs-trophy-2023-26","92":"rizoma_bike-r-ninet-2021-24","93":"rizoma_bike-r-ninet-100-years-2023","94":"rizoma_bike-r-ninet-1200-2014-16","95":"rizoma_bike-r-ninet-1200-2017-20","96":"rizoma_bike-r-ninet-1200-pure-2017-20","97":"rizoma_bike-r-ninet-1200-pure-2020","98":"rizoma_bike-r-ninet-1200-racer-2017-20","99":"rizoma_bike-r-ninet-1200-scrambler-2016-20","100":"rizoma_bike-r-ninet-pure-2021-24","101":"rizoma_bike-r-ninet-scrambler-2021-24","102":"rizoma_bike-r-ninet-urban-gs-2021-24","103":"rizoma_bike-r-ninet-urban-gs-1200-edition-40-years-gs-2021","104":"rizoma_bike-r-ninet-urban-gs-1200-2017-20","105":"rizoma_bike-r-ninet-5-1200-2019-20","106":"rizoma_bike-rsv4-1100-2025-26","107":"rizoma_bike-rsv4-1100-factory-2025-26","108":"rizoma_bike-s-1000-r-2014-16","109":"rizoma_bike-s-1000-r-2021-24","110":"rizoma_bike-s-1000-r-2025-26","111":"rizoma_bike-s-1000-rr-2019-20","112":"rizoma_bike-s-1000-rr-2023-24","113":"rizoma_bike-s-1000-rr-2025-26","114":"rizoma_bike-s-1000-xr-2020-23","115":"rizoma_bike-s-1000-xr-2024-26","116":"rizoma_bike-softail-slim-2011-17-fls","117":"rizoma_bike-thruxton-1200-r-2016","118":"rizoma_bike-thruxton-1200-r-2017-18","119":"rizoma_bike-thruxton-rs-chrome-edition-2023","120":"rizoma_bike-thruxton-rs-final-edition-2024-25","121":"rizoma_bike-tuono-v4-2025-26","122":"rizoma_bike-tuono-v4-factory-2025-26","123":"rizoma_bike-versys-1000-abs-2011-14","124":"rizoma_bike-vrscx-2007","125":"rizoma_bike-xsr-900-80-black-2020","126":"rizoma_bike-xsr-900-abs-2016-20","127":"rizoma_bike-xsr-900-abs-60th-anniversary-2016-18","128":"rizoma_bike-z-1000-sx-abs-2011-13","129":"rizoma_bike-z-1000-sx-abs-2014-16","130":"rizoma_bike-z-750-r-abs-2011-12","131":"rizoma_bike-z-800-abs-2012-16","132":"product_cat-clignotants","134":"first","135":"instock","136":"taxable","137":"shipping-taxable","138":"purchasable","139":"product-type-variable"},"acf":[],"_links":{"self":[{"href":"https:\/\/www.rizoma.com\/fr\/wp-json\/wp\/v2\/product\/336267","targetHints":{"allow":["GET"]}}],"collection":[{"href":"https:\/\/www.rizoma.com\/fr\/wp-json\/wp\/v2\/product"}],"about":[{"href":"https:\/\/www.rizoma.com\/fr\/wp-json\/wp\/v2\/types\/product"}],"wp:featuredmedia":[{"embeddable":true,"href":"https:\/\/www.rizoma.com\/fr\/wp-json\/wp\/v2\/media\/326687"}],"wp:attachment":[{"href":"https:\/\/www.rizoma.com\/fr\/wp-json\/wp\/v2\/media?parent=336267"}],"wp:term":[{"taxonomy":"rizoma_assembly_time","embeddable":true,"href":"https:\/\/www.rizoma.com\/fr\/wp-json\/wp\/v2\/rizoma_assembly_time?post=336267"},{"taxonomy":"rizoma_bike","embeddable":true,"href":"https:\/\/www.rizoma.com\/fr\/wp-json\/wp\/v2\/rizoma_bike?post=336267"},{"taxonomy":"rizoma_division","embeddable":true,"href":"https:\/\/www.rizoma.com\/fr\/wp-json\/wp\/v2\/rizoma_division?post=336267"},{"taxonomy":"rizoma_family","embeddable":true,"href":"https:\/\/www.rizoma.com\/fr\/wp-json\/wp\/v2\/rizoma_family?post=336267"},{"taxonomy":"rizoma_model_category","embeddable":true,"href":"https:\/\/www.rizoma.com\/fr\/wp-json\/wp\/v2\/rizoma_model_category?post=336267"},{"taxonomy":"rizoma_product_template","embeddable":true,"href":"https:\/\/www.rizoma.com\/fr\/wp-json\/wp\/v2\/rizoma_product_template?post=336267"},{"taxonomy":"product_brand","embeddable":true,"href":"https:\/\/www.rizoma.com\/fr\/wp-json\/wp\/v2\/product_brand?post=336267"},{"taxonomy":"product_cat","embeddable":true,"href":"https:\/\/www.rizoma.com\/fr\/wp-json\/wp\/v2\/product_cat?post=336267"},{"taxonomy":"product_tag","embeddable":true,"href":"https:\/\/www.rizoma.com\/fr\/wp-json\/wp\/v2\/product_tag?post=336267"}],"curies":[{"name":"wp","href":"https:\/\/api.w.org\/{rel}","templated":true}]}}