{"id":331307,"date":"2025-06-04T17:24:01","date_gmt":"2025-06-04T15:24:01","guid":{"rendered":"https:\/\/www.rizoma.com\/negozio\/kit-de-montage-multifit-bar-mount-ma434\/"},"modified":"2025-12-18T00:40:28","modified_gmt":"2025-12-17T23:40:28","slug":"kit-de-montage-multifit-bar-mount-ma434","status":"publish","type":"product","link":"https:\/\/www.rizoma.com\/fr\/negozio\/retroviseurs\/MA434\/kit-de-montage-multifit-bar-mount-ma434\/","title":{"rendered":"Kit de montage Multifit Bar Mount"},"content":{"rendered":"<p>L&#8217;adaptateur universel pour r\u00e9troviseur avec embout de guidon a \u00e9t\u00e9 cr\u00e9\u00e9 pour permettre l&#8217;assemblage de r\u00e9troviseurs Rizoma sur chaque moto avec guidon d&#8217;un diam\u00e8tre ext\u00e9rieur de 22 mm et d&#8217;un diam\u00e8tre int\u00e9rieur de 13,5 \u00e0 20 mm. En suivant les lignes des miroirs avec harmonie, il garantit la continuit\u00e9 du design. Il est \u00e9galement fabriqu\u00e9 dans la masse  d\u2019aluminium, pour lui donner force et durabilit\u00e9 dans le temps.<\/p>\n","protected":false},"excerpt":{"rendered":"<p>L&#8217;adaptateur universel pour r\u00e9troviseur avec embout de guidon a \u00e9t\u00e9 cr\u00e9\u00e9 pour permettre l&#8217;assemblage de r\u00e9troviseurs Rizoma sur chaque moto avec guidon d&#8217;un diam\u00e8tre ext\u00e9rieur de 22 mm et d&#8217;un diam\u00e8tre int\u00e9rieur de 13,5 \u00e0 20 mm. En suivant les lignes des miroirs avec harmonie, il garantit la continuit\u00e9 du design. Il est \u00e9galement fabriqu\u00e9 [&hellip;]<\/p>\n","protected":false},"featured_media":310891,"template":"","meta":{"_acf_changed":false},"rizoma_assembly_time":[42664],"rizoma_bike":[],"rizoma_division":[42651],"rizoma_family":[42667],"rizoma_model_category":[],"rizoma_product_template":[],"product_brand":[],"product_cat":[43939],"product_tag":[],"class_list":{"0":"post-331307","1":"product","2":"type-product","3":"status-publish","4":"has-post-thumbnail","6":"product_cat-retroviseurs","8":"first","9":"instock","10":"sale","11":"taxable","12":"shipping-taxable","13":"purchasable","14":"product-type-variable"},"acf":[],"_links":{"self":[{"href":"https:\/\/www.rizoma.com\/fr\/wp-json\/wp\/v2\/product\/331307","targetHints":{"allow":["GET"]}}],"collection":[{"href":"https:\/\/www.rizoma.com\/fr\/wp-json\/wp\/v2\/product"}],"about":[{"href":"https:\/\/www.rizoma.com\/fr\/wp-json\/wp\/v2\/types\/product"}],"wp:featuredmedia":[{"embeddable":true,"href":"https:\/\/www.rizoma.com\/fr\/wp-json\/wp\/v2\/media\/310891"}],"wp:attachment":[{"href":"https:\/\/www.rizoma.com\/fr\/wp-json\/wp\/v2\/media?parent=331307"}],"wp:term":[{"taxonomy":"rizoma_assembly_time","embeddable":true,"href":"https:\/\/www.rizoma.com\/fr\/wp-json\/wp\/v2\/rizoma_assembly_time?post=331307"},{"taxonomy":"rizoma_bike","embeddable":true,"href":"https:\/\/www.rizoma.com\/fr\/wp-json\/wp\/v2\/rizoma_bike?post=331307"},{"taxonomy":"rizoma_division","embeddable":true,"href":"https:\/\/www.rizoma.com\/fr\/wp-json\/wp\/v2\/rizoma_division?post=331307"},{"taxonomy":"rizoma_family","embeddable":true,"href":"https:\/\/www.rizoma.com\/fr\/wp-json\/wp\/v2\/rizoma_family?post=331307"},{"taxonomy":"rizoma_model_category","embeddable":true,"href":"https:\/\/www.rizoma.com\/fr\/wp-json\/wp\/v2\/rizoma_model_category?post=331307"},{"taxonomy":"rizoma_product_template","embeddable":true,"href":"https:\/\/www.rizoma.com\/fr\/wp-json\/wp\/v2\/rizoma_product_template?post=331307"},{"taxonomy":"product_brand","embeddable":true,"href":"https:\/\/www.rizoma.com\/fr\/wp-json\/wp\/v2\/product_brand?post=331307"},{"taxonomy":"product_cat","embeddable":true,"href":"https:\/\/www.rizoma.com\/fr\/wp-json\/wp\/v2\/product_cat?post=331307"},{"taxonomy":"product_tag","embeddable":true,"href":"https:\/\/www.rizoma.com\/fr\/wp-json\/wp\/v2\/product_tag?post=331307"}],"curies":[{"name":"wp","href":"https:\/\/api.w.org\/{rel}","templated":true}]}}