{"id":327863,"date":"2025-03-11T04:05:19","date_gmt":"2025-03-11T03:05:19","guid":{"rendered":"https:\/\/www.rizoma.com\/negozio\/carter-dembrayage-zbw109\/"},"modified":"2025-08-16T19:16:42","modified_gmt":"2025-08-16T17:16:42","slug":"carter-dembrayage-zbw109","status":"publish","type":"product","link":"https:\/\/www.rizoma.com\/fr\/negozio\/plus-pour-votre-bmw\/ZBW109\/carter-dembrayage-zbw109\/","title":{"rendered":"Carter d&#8217;embrayage"},"content":{"rendered":"<p>Un chef-d&#8217;\u0153uvre de design, une d\u00e9claration claire de la vision de Rizoma en mati\u00e8re d&#8217;am\u00e9lioration de la beaut\u00e9, l&#8217;expression ultime de l&#8217;usinage de l&#8217;aluminium et le m\u00e9lange parfait de la forme et de la fonction.<\/p>\n<p>Le carter en aluminium sans bord est \u00e9quip\u00e9 d&#8217;une fen\u00eatre en Lexan transparente de haute technologie, qui permet aux passionn\u00e9s de montrer et d&#8217;admirer la beaut\u00e9 du d\u00e9tail de l&#8217;embrayage.<\/p>\n<p>Les composants internes ont \u00e9t\u00e9 d\u00e9velopp\u00e9s pour garantir l&#8217;excellence esth\u00e9tique et technique.  <\/p>\n<p>Le syst\u00e8me de ventilation de l&#8217;embrayage, compos\u00e9 d&#8217;un plateau de pression et d&#8217;une bague de pression en aluminium l\u00e9ger, est sp\u00e9cialement con\u00e7u pour optimiser au maximum la circulation de l&#8217;huile d&#8217;embrayage \u00e0 l&#8217;int\u00e9rieur du couvercle. De plus, pour minimiser les masses en mouvement et augmenter la r\u00e9sistance m\u00e9canique, Rizoma a s\u00e9lectionn\u00e9 des vis en titane pour la fixation des pi\u00e8ces internes.<\/p>\n<p>Pour une meilleure exp\u00e9rience d&#8217;achat et de montage, le couvercle d&#8217;embrayage est vendu comme un kit, compos\u00e9 de toutes les pi\u00e8ces n\u00e9cessaires pour le remplacement complet des composants OEM, y compris un bouchon d&#8217;huile en aluminium usin\u00e9 et des roulements \u00e0 aiguilles pr\u00e9assembl\u00e9s pour l&#8217;arbre de d\u00e9brayage.<\/p>\n<p>Le produit a \u00e9t\u00e9 con\u00e7u pour une installation rapide Plug and Play.<\/p>\n","protected":false},"excerpt":{"rendered":"<p>Un chef-d&#8217;\u0153uvre de design, une d\u00e9claration claire de la vision de Rizoma en mati\u00e8re d&#8217;am\u00e9lioration de la beaut\u00e9, l&#8217;expression ultime de l&#8217;usinage de l&#8217;aluminium et le m\u00e9lange parfait de la forme et de la fonction. Le carter en aluminium sans bord est \u00e9quip\u00e9 d&#8217;une fen\u00eatre en Lexan transparente de haute technologie, qui permet aux passionn\u00e9s [&hellip;]<\/p>\n","protected":false},"featured_media":327858,"template":"","meta":{"_acf_changed":false},"rizoma_assembly_time":[42691],"rizoma_bike":[42516,43912,43707,42345,43913,42167,42302,42574,43701,42236,42607],"rizoma_division":[42651],"rizoma_family":[],"rizoma_model_category":[],"rizoma_product_template":[],"product_brand":[],"product_cat":[42781],"product_tag":[],"class_list":{"0":"post-327863","1":"product","2":"type-product","3":"status-publish","4":"has-post-thumbnail","6":"rizoma_bike-m-1000-r-2023-24","7":"rizoma_bike-m-1000-r-2025-26","8":"rizoma_bike-m-1000-xr-2024-26","9":"rizoma_bike-s-1000-r-2021-24","10":"rizoma_bike-s-1000-r-2025-26","11":"rizoma_bike-s-1000-rr-2019-20","12":"rizoma_bike-s-1000-rr-2021-22","13":"rizoma_bike-s-1000-rr-2023-24","14":"rizoma_bike-s-1000-rr-2025-26","15":"rizoma_bike-s-1000-xr-2020-23","16":"rizoma_bike-s-1000-xr-2024-26","17":"product_cat-plus-pour-votre-bmw","19":"first","20":"instock","21":"taxable","22":"shipping-taxable","23":"purchasable","24":"product-type-variable"},"acf":[],"_links":{"self":[{"href":"https:\/\/www.rizoma.com\/fr\/wp-json\/wp\/v2\/product\/327863","targetHints":{"allow":["GET"]}}],"collection":[{"href":"https:\/\/www.rizoma.com\/fr\/wp-json\/wp\/v2\/product"}],"about":[{"href":"https:\/\/www.rizoma.com\/fr\/wp-json\/wp\/v2\/types\/product"}],"wp:featuredmedia":[{"embeddable":true,"href":"https:\/\/www.rizoma.com\/fr\/wp-json\/wp\/v2\/media\/327858"}],"wp:attachment":[{"href":"https:\/\/www.rizoma.com\/fr\/wp-json\/wp\/v2\/media?parent=327863"}],"wp:term":[{"taxonomy":"rizoma_assembly_time","embeddable":true,"href":"https:\/\/www.rizoma.com\/fr\/wp-json\/wp\/v2\/rizoma_assembly_time?post=327863"},{"taxonomy":"rizoma_bike","embeddable":true,"href":"https:\/\/www.rizoma.com\/fr\/wp-json\/wp\/v2\/rizoma_bike?post=327863"},{"taxonomy":"rizoma_division","embeddable":true,"href":"https:\/\/www.rizoma.com\/fr\/wp-json\/wp\/v2\/rizoma_division?post=327863"},{"taxonomy":"rizoma_family","embeddable":true,"href":"https:\/\/www.rizoma.com\/fr\/wp-json\/wp\/v2\/rizoma_family?post=327863"},{"taxonomy":"rizoma_model_category","embeddable":true,"href":"https:\/\/www.rizoma.com\/fr\/wp-json\/wp\/v2\/rizoma_model_category?post=327863"},{"taxonomy":"rizoma_product_template","embeddable":true,"href":"https:\/\/www.rizoma.com\/fr\/wp-json\/wp\/v2\/rizoma_product_template?post=327863"},{"taxonomy":"product_brand","embeddable":true,"href":"https:\/\/www.rizoma.com\/fr\/wp-json\/wp\/v2\/product_brand?post=327863"},{"taxonomy":"product_cat","embeddable":true,"href":"https:\/\/www.rizoma.com\/fr\/wp-json\/wp\/v2\/product_cat?post=327863"},{"taxonomy":"product_tag","embeddable":true,"href":"https:\/\/www.rizoma.com\/fr\/wp-json\/wp\/v2\/product_tag?post=327863"}],"curies":[{"name":"wp","href":"https:\/\/api.w.org\/{rel}","templated":true}]}}