{"id":318597,"date":"2024-11-21T17:54:36","date_gmt":"2024-11-21T16:54:36","guid":{"rendered":"https:\/\/rwp.rizoma.com\/negozio\/saute-vent-avec-kit-de-montage-zyf065\/"},"modified":"2025-01-14T13:13:31","modified_gmt":"2025-01-14T12:13:31","slug":"saute-vent-avec-kit-de-montage-zyf065","status":"publish","type":"product","link":"https:\/\/www.rizoma.com\/fr\/negozio\/saute-vents\/ZYF065\/saute-vent-avec-kit-de-montage-zyf065\/","title":{"rendered":"Saute-vent avec Kit de montage"},"content":{"rendered":"<p>R\u00e9alis\u00e9 dans un bloc d\u2019aluminium et usin\u00e9 au travers d\u2019outillage de grande technicit\u00e9 en 3D. Le saute-vent Rizoma am\u00e9liore l\u2019a\u00e9rodynamisme de la moto et souligne son style et sa personnalit\u00e9 gr\u00e2ce \u00e0 son design \u00e0 la fois Racing et classique. Il est propos\u00e9 avec le kit de montage.<\/p>\n","protected":false},"excerpt":{"rendered":"<p>R\u00e9alis\u00e9 dans un bloc d\u2019aluminium et usin\u00e9 au travers d\u2019outillage de grande technicit\u00e9 en 3D. Le saute-vent Rizoma am\u00e9liore l\u2019a\u00e9rodynamisme de la moto et souligne son style et sa personnalit\u00e9 gr\u00e2ce \u00e0 son design \u00e0 la fois Racing et classique. Il est propos\u00e9 avec le kit de montage.<\/p>\n","protected":false},"featured_media":313309,"template":"","meta":{"_acf_changed":false},"rizoma_assembly_time":[42675],"rizoma_bike":[42610,42611,42640],"rizoma_division":[42651],"rizoma_family":[],"rizoma_model_category":[],"rizoma_product_template":[],"product_brand":[],"product_cat":[42827],"product_tag":[],"class_list":{"0":"post-318597","1":"product","2":"type-product","3":"status-publish","4":"has-post-thumbnail","6":"rizoma_bike-mt-09-2024-26","7":"rizoma_bike-mt-09-sp-2024-26","8":"rizoma_bike-mt-09-y-amt-2024-26","9":"product_cat-saute-vents","11":"first","12":"instock","13":"taxable","14":"shipping-taxable","15":"purchasable","16":"product-type-variable"},"acf":[],"_links":{"self":[{"href":"https:\/\/www.rizoma.com\/fr\/wp-json\/wp\/v2\/product\/318597","targetHints":{"allow":["GET"]}}],"collection":[{"href":"https:\/\/www.rizoma.com\/fr\/wp-json\/wp\/v2\/product"}],"about":[{"href":"https:\/\/www.rizoma.com\/fr\/wp-json\/wp\/v2\/types\/product"}],"wp:featuredmedia":[{"embeddable":true,"href":"https:\/\/www.rizoma.com\/fr\/wp-json\/wp\/v2\/media\/313309"}],"wp:attachment":[{"href":"https:\/\/www.rizoma.com\/fr\/wp-json\/wp\/v2\/media?parent=318597"}],"wp:term":[{"taxonomy":"rizoma_assembly_time","embeddable":true,"href":"https:\/\/www.rizoma.com\/fr\/wp-json\/wp\/v2\/rizoma_assembly_time?post=318597"},{"taxonomy":"rizoma_bike","embeddable":true,"href":"https:\/\/www.rizoma.com\/fr\/wp-json\/wp\/v2\/rizoma_bike?post=318597"},{"taxonomy":"rizoma_division","embeddable":true,"href":"https:\/\/www.rizoma.com\/fr\/wp-json\/wp\/v2\/rizoma_division?post=318597"},{"taxonomy":"rizoma_family","embeddable":true,"href":"https:\/\/www.rizoma.com\/fr\/wp-json\/wp\/v2\/rizoma_family?post=318597"},{"taxonomy":"rizoma_model_category","embeddable":true,"href":"https:\/\/www.rizoma.com\/fr\/wp-json\/wp\/v2\/rizoma_model_category?post=318597"},{"taxonomy":"rizoma_product_template","embeddable":true,"href":"https:\/\/www.rizoma.com\/fr\/wp-json\/wp\/v2\/rizoma_product_template?post=318597"},{"taxonomy":"product_brand","embeddable":true,"href":"https:\/\/www.rizoma.com\/fr\/wp-json\/wp\/v2\/product_brand?post=318597"},{"taxonomy":"product_cat","embeddable":true,"href":"https:\/\/www.rizoma.com\/fr\/wp-json\/wp\/v2\/product_cat?post=318597"},{"taxonomy":"product_tag","embeddable":true,"href":"https:\/\/www.rizoma.com\/fr\/wp-json\/wp\/v2\/product_tag?post=318597"}],"curies":[{"name":"wp","href":"https:\/\/api.w.org\/{rel}","templated":true}]}}