{"id":318567,"date":"2024-11-21T17:53:51","date_gmt":"2024-11-21T16:53:51","guid":{"rendered":"https:\/\/rwp.rizoma.com\/negozio\/kit-catadioptre-pour-support-dimmatriculation-ee195\/"},"modified":"2025-11-22T00:07:30","modified_gmt":"2025-11-21T23:07:30","slug":"kit-catadioptre-pour-support-dimmatriculation-ee195","status":"publish","type":"product","link":"https:\/\/www.rizoma.com\/fr\/negozio\/support-dimmatriculation\/EE195\/kit-catadioptre-pour-support-dimmatriculation-ee195\/","title":{"rendered":"Kit catadioptre pour support d\u2019immatriculation"},"content":{"rendered":"<p>Le kit catadioptre pour support d\u2019immatriculation est un produit homologu\u00e9, facile \u00e0 installer  et peut s&#8217;adapter \u00e0 diff\u00e9rents supports d\u2019immatriculation. Il est compatible avec tous les supports d\u2019immatriculation Rizoma.<\/p>\n","protected":false},"excerpt":{"rendered":"<p>Le kit catadioptre pour support d\u2019immatriculation est un produit homologu\u00e9, facile \u00e0 installer et peut s&#8217;adapter \u00e0 diff\u00e9rents supports d\u2019immatriculation. Il est compatible avec tous les supports d\u2019immatriculation Rizoma.<\/p>\n","protected":false},"featured_media":308351,"template":"","meta":{"_acf_changed":false},"rizoma_assembly_time":[42753],"rizoma_bike":[],"rizoma_division":[42651],"rizoma_family":[42914],"rizoma_model_category":[],"rizoma_product_template":[],"product_brand":[],"product_cat":[42766],"product_tag":[],"class_list":{"0":"post-318567","1":"product","2":"type-product","3":"status-publish","4":"has-post-thumbnail","6":"product_cat-support-dimmatriculation","8":"first","9":"instock","10":"taxable","11":"shipping-taxable","12":"purchasable","13":"product-type-variable"},"acf":[],"_links":{"self":[{"href":"https:\/\/www.rizoma.com\/fr\/wp-json\/wp\/v2\/product\/318567","targetHints":{"allow":["GET"]}}],"collection":[{"href":"https:\/\/www.rizoma.com\/fr\/wp-json\/wp\/v2\/product"}],"about":[{"href":"https:\/\/www.rizoma.com\/fr\/wp-json\/wp\/v2\/types\/product"}],"wp:featuredmedia":[{"embeddable":true,"href":"https:\/\/www.rizoma.com\/fr\/wp-json\/wp\/v2\/media\/308351"}],"wp:attachment":[{"href":"https:\/\/www.rizoma.com\/fr\/wp-json\/wp\/v2\/media?parent=318567"}],"wp:term":[{"taxonomy":"rizoma_assembly_time","embeddable":true,"href":"https:\/\/www.rizoma.com\/fr\/wp-json\/wp\/v2\/rizoma_assembly_time?post=318567"},{"taxonomy":"rizoma_bike","embeddable":true,"href":"https:\/\/www.rizoma.com\/fr\/wp-json\/wp\/v2\/rizoma_bike?post=318567"},{"taxonomy":"rizoma_division","embeddable":true,"href":"https:\/\/www.rizoma.com\/fr\/wp-json\/wp\/v2\/rizoma_division?post=318567"},{"taxonomy":"rizoma_family","embeddable":true,"href":"https:\/\/www.rizoma.com\/fr\/wp-json\/wp\/v2\/rizoma_family?post=318567"},{"taxonomy":"rizoma_model_category","embeddable":true,"href":"https:\/\/www.rizoma.com\/fr\/wp-json\/wp\/v2\/rizoma_model_category?post=318567"},{"taxonomy":"rizoma_product_template","embeddable":true,"href":"https:\/\/www.rizoma.com\/fr\/wp-json\/wp\/v2\/rizoma_product_template?post=318567"},{"taxonomy":"product_brand","embeddable":true,"href":"https:\/\/www.rizoma.com\/fr\/wp-json\/wp\/v2\/product_brand?post=318567"},{"taxonomy":"product_cat","embeddable":true,"href":"https:\/\/www.rizoma.com\/fr\/wp-json\/wp\/v2\/product_cat?post=318567"},{"taxonomy":"product_tag","embeddable":true,"href":"https:\/\/www.rizoma.com\/fr\/wp-json\/wp\/v2\/product_tag?post=318567"}],"curies":[{"name":"wp","href":"https:\/\/api.w.org\/{rel}","templated":true}]}}