{"id":318557,"date":"2024-11-21T17:53:37","date_gmt":"2024-11-21T16:53:37","guid":{"rendered":"https:\/\/rwp.rizoma.com\/negozio\/protection-axe-de-roue-avant-pw223\/"},"modified":"2025-03-06T18:03:11","modified_gmt":"2025-03-06T17:03:11","slug":"protection-axe-de-roue-avant-pw223","status":"publish","type":"product","link":"https:\/\/www.rizoma.com\/fr\/negozio\/protections-axe-de-roue\/PW223\/protection-axe-de-roue-avant-pw223\/motorbike\/4572\/ducati\/st2\/","title":{"rendered":"Protection axe de roue avant"},"content":{"rendered":"<p>Les fourches sont parmi les premi\u00e8res extr\u00e9mit\u00e9s \u00e0 entrer en contact avec le sol en cas de chute. Les protections d\u2019axe de roue Rizoma sont con\u00e7ues pour r\u00e9duire le frottement sur le sol et pour att\u00e9nuer les chocs \u00e9ventuels en cas de glissade. Partie structurelle taill\u00e9e dans la masse d\u2019aluminium et slider en Delrin\u00ae rempla\u00e7able. Un excellent compromis entre esth\u00e9tique, l\u00e9g\u00e8ret\u00e9 et fonctionnalit\u00e9.<\/p>\n","protected":false},"excerpt":{"rendered":"<p>Les fourches sont parmi les premi\u00e8res extr\u00e9mit\u00e9s \u00e0 entrer en contact avec le sol en cas de chute. Les protections d\u2019axe de roue Rizoma sont con\u00e7ues pour r\u00e9duire le frottement sur le sol et pour att\u00e9nuer les chocs \u00e9ventuels en cas de glissade. Partie structurelle taill\u00e9e dans la masse d\u2019aluminium et slider en Delrin\u00ae rempla\u00e7able. [&hellip;]<\/p>\n","protected":false},"featured_media":308161,"template":"","meta":{"_acf_changed":false},"rizoma_assembly_time":[42664],"rizoma_bike":[42608,42609,42392,42393,42394],"rizoma_division":[42651],"rizoma_family":[],"rizoma_model_category":[],"rizoma_product_template":[],"product_brand":[],"product_cat":[42993],"product_tag":[],"class_list":{"0":"post-318557","1":"product","2":"type-product","3":"status-publish","4":"has-post-thumbnail","6":"rizoma_bike-hypermotard-698-mono-2024-26","7":"rizoma_bike-hypermotard-698-mono-rve-2024-26","8":"rizoma_bike-hypermotard-950-2022-25","9":"rizoma_bike-hypermotard-950-rve-2022-25","10":"rizoma_bike-hypermotard-950-sp-2022-25","11":"product_cat-protections-axe-de-roue","13":"first","14":"instock","15":"sale","16":"taxable","17":"shipping-taxable","18":"purchasable","19":"product-type-variable"},"acf":[],"_links":{"self":[{"href":"https:\/\/www.rizoma.com\/fr\/wp-json\/wp\/v2\/product\/318557","targetHints":{"allow":["GET"]}}],"collection":[{"href":"https:\/\/www.rizoma.com\/fr\/wp-json\/wp\/v2\/product"}],"about":[{"href":"https:\/\/www.rizoma.com\/fr\/wp-json\/wp\/v2\/types\/product"}],"wp:featuredmedia":[{"embeddable":true,"href":"https:\/\/www.rizoma.com\/fr\/wp-json\/wp\/v2\/media\/308161"}],"wp:attachment":[{"href":"https:\/\/www.rizoma.com\/fr\/wp-json\/wp\/v2\/media?parent=318557"}],"wp:term":[{"taxonomy":"rizoma_assembly_time","embeddable":true,"href":"https:\/\/www.rizoma.com\/fr\/wp-json\/wp\/v2\/rizoma_assembly_time?post=318557"},{"taxonomy":"rizoma_bike","embeddable":true,"href":"https:\/\/www.rizoma.com\/fr\/wp-json\/wp\/v2\/rizoma_bike?post=318557"},{"taxonomy":"rizoma_division","embeddable":true,"href":"https:\/\/www.rizoma.com\/fr\/wp-json\/wp\/v2\/rizoma_division?post=318557"},{"taxonomy":"rizoma_family","embeddable":true,"href":"https:\/\/www.rizoma.com\/fr\/wp-json\/wp\/v2\/rizoma_family?post=318557"},{"taxonomy":"rizoma_model_category","embeddable":true,"href":"https:\/\/www.rizoma.com\/fr\/wp-json\/wp\/v2\/rizoma_model_category?post=318557"},{"taxonomy":"rizoma_product_template","embeddable":true,"href":"https:\/\/www.rizoma.com\/fr\/wp-json\/wp\/v2\/rizoma_product_template?post=318557"},{"taxonomy":"product_brand","embeddable":true,"href":"https:\/\/www.rizoma.com\/fr\/wp-json\/wp\/v2\/product_brand?post=318557"},{"taxonomy":"product_cat","embeddable":true,"href":"https:\/\/www.rizoma.com\/fr\/wp-json\/wp\/v2\/product_cat?post=318557"},{"taxonomy":"product_tag","embeddable":true,"href":"https:\/\/www.rizoma.com\/fr\/wp-json\/wp\/v2\/product_tag?post=318557"}],"curies":[{"name":"wp","href":"https:\/\/api.w.org\/{rel}","templated":true}]}}