{"id":318477,"date":"2024-11-21T17:51:46","date_gmt":"2024-11-21T16:51:46","guid":{"rendered":"https:\/\/rwp.rizoma.com\/negozio\/protection-phare-avant-zbw112\/"},"modified":"2025-10-14T11:10:29","modified_gmt":"2025-10-14T09:10:29","slug":"protection-phare-avant-zbw112","status":"publish","type":"product","link":"https:\/\/www.rizoma.com\/fr\/negozio\/plus-pour-votre-bmw\/ZBW112\/protection-phare-avant-zbw112\/","title":{"rendered":"Protection phare avant"},"content":{"rendered":"<p>Rizoma a con\u00e7u la protection de phare avant en cherchant \u00e0 atteindre un juste \u00e9quilibre entre l&#8217;aspect pratique, gr\u00e2ce au syst\u00e8me de fixation\/retrait rapide, le design et la fonctionnalit\u00e9. La protection, gr\u00e2ce au LEXAN\u00ae de grande qualit\u00e9, permet de prot\u00e9ger ad\u00e9quatement le groupe optique de la GS. Attention\u00a0: la protection de phare avant ZBW112 a \u00e9t\u00e9 d\u00e9velopp\u00e9e pour un usage tout-terrain.<\/p>\n","protected":false},"excerpt":{"rendered":"<p>Rizoma a con\u00e7u la protection de phare avant en cherchant \u00e0 atteindre un juste \u00e9quilibre entre l&#8217;aspect pratique, gr\u00e2ce au syst\u00e8me de fixation\/retrait rapide, le design et la fonctionnalit\u00e9. La protection, gr\u00e2ce au LEXAN\u00ae de grande qualit\u00e9, permet de prot\u00e9ger ad\u00e9quatement le groupe optique de la GS. Attention\u00a0: la protection de phare avant ZBW112 a [&hellip;]<\/p>\n","protected":false},"featured_media":311261,"template":"","meta":{"_acf_changed":false},"rizoma_assembly_time":[42664],"rizoma_bike":[42591,43394,42604,42605,42606],"rizoma_division":[42651],"rizoma_family":[],"rizoma_model_category":[],"rizoma_product_template":[],"product_brand":[],"product_cat":[42781],"product_tag":[],"class_list":{"0":"post-318477","1":"product","2":"type-product","3":"status-publish","4":"has-post-thumbnail","6":"rizoma_bike-r-1300-gs-2023-26","7":"rizoma_bike-r-1300-gs-asa-2024-26","8":"rizoma_bike-r-1300-gs-option-719-tramuntana-2023-26","9":"rizoma_bike-r-1300-gs-triple-black-2023-26","10":"rizoma_bike-r-1300-gs-trophy-2023-26","11":"product_cat-plus-pour-votre-bmw","13":"first","14":"instock","15":"taxable","16":"shipping-taxable","17":"purchasable","18":"product-type-variable"},"acf":[],"_links":{"self":[{"href":"https:\/\/www.rizoma.com\/fr\/wp-json\/wp\/v2\/product\/318477","targetHints":{"allow":["GET"]}}],"collection":[{"href":"https:\/\/www.rizoma.com\/fr\/wp-json\/wp\/v2\/product"}],"about":[{"href":"https:\/\/www.rizoma.com\/fr\/wp-json\/wp\/v2\/types\/product"}],"wp:featuredmedia":[{"embeddable":true,"href":"https:\/\/www.rizoma.com\/fr\/wp-json\/wp\/v2\/media\/311261"}],"wp:attachment":[{"href":"https:\/\/www.rizoma.com\/fr\/wp-json\/wp\/v2\/media?parent=318477"}],"wp:term":[{"taxonomy":"rizoma_assembly_time","embeddable":true,"href":"https:\/\/www.rizoma.com\/fr\/wp-json\/wp\/v2\/rizoma_assembly_time?post=318477"},{"taxonomy":"rizoma_bike","embeddable":true,"href":"https:\/\/www.rizoma.com\/fr\/wp-json\/wp\/v2\/rizoma_bike?post=318477"},{"taxonomy":"rizoma_division","embeddable":true,"href":"https:\/\/www.rizoma.com\/fr\/wp-json\/wp\/v2\/rizoma_division?post=318477"},{"taxonomy":"rizoma_family","embeddable":true,"href":"https:\/\/www.rizoma.com\/fr\/wp-json\/wp\/v2\/rizoma_family?post=318477"},{"taxonomy":"rizoma_model_category","embeddable":true,"href":"https:\/\/www.rizoma.com\/fr\/wp-json\/wp\/v2\/rizoma_model_category?post=318477"},{"taxonomy":"rizoma_product_template","embeddable":true,"href":"https:\/\/www.rizoma.com\/fr\/wp-json\/wp\/v2\/rizoma_product_template?post=318477"},{"taxonomy":"product_brand","embeddable":true,"href":"https:\/\/www.rizoma.com\/fr\/wp-json\/wp\/v2\/product_brand?post=318477"},{"taxonomy":"product_cat","embeddable":true,"href":"https:\/\/www.rizoma.com\/fr\/wp-json\/wp\/v2\/product_cat?post=318477"},{"taxonomy":"product_tag","embeddable":true,"href":"https:\/\/www.rizoma.com\/fr\/wp-json\/wp\/v2\/product_tag?post=318477"}],"curies":[{"name":"wp","href":"https:\/\/api.w.org\/{rel}","templated":true}]}}