{"id":318467,"date":"2024-11-21T17:51:33","date_gmt":"2024-11-21T16:51:33","guid":{"rendered":"https:\/\/rwp.rizoma.com\/negozio\/kit-cablage-de-clignotants-arriere-rizoma-ee213\/"},"modified":"2025-09-20T10:32:01","modified_gmt":"2025-09-20T08:32:01","slug":"kit-cablage-de-clignotants-arriere-rizoma-ee213","status":"publish","type":"product","link":"https:\/\/www.rizoma.com\/fr\/negozio\/clignotants\/EE213\/kit-cablage-de-clignotants-arriere-rizoma-ee213\/","title":{"rendered":"Kit c\u00e2blage de clignotants arri\u00e8re Rizoma"},"content":{"rendered":"<p>Le kit de c\u00e2blage \u00e9lectrique Rizoma est n\u00e9cessaire pour le montage des clignotants Rizoma.<br \/>Il est conseill\u00e9 de v\u00e9rifier les dessins techniques avant l\u2019achat. Chaque kit comprend 2 c\u00e2blages et 6 connecteurs T-Tap. Pour monter 4 clignotants, il est n\u00e9cessaire d\u2019acheter 2 kits.<\/p>\n","protected":false},"excerpt":{"rendered":"<p>Le kit de c\u00e2blage \u00e9lectrique Rizoma est n\u00e9cessaire pour le montage des clignotants Rizoma.Il est conseill\u00e9 de v\u00e9rifier les dessins techniques avant l\u2019achat. Chaque kit comprend 2 c\u00e2blages et 6 connecteurs T-Tap. Pour monter 4 clignotants, il est n\u00e9cessaire d\u2019acheter 2 kits.<\/p>\n","protected":false},"featured_media":307906,"template":"","meta":{"_acf_changed":false},"rizoma_assembly_time":[42664],"rizoma_bike":[42289,42301,42290,42305,42575,42167,42302],"rizoma_division":[42651],"rizoma_family":[42858],"rizoma_model_category":[],"rizoma_product_template":[],"product_brand":[],"product_cat":[42714],"product_tag":[],"class_list":{"0":"post-318467","1":"product","2":"type-product","3":"status-publish","4":"has-post-thumbnail","6":"rizoma_bike-r-1250-gs-edition-40-years-gs-2021","7":"rizoma_bike-r-1250-gs-2021-24","8":"rizoma_bike-r-1250-gs-adventure-edition-40-years-gs-2020-21","9":"rizoma_bike-r-1250-gs-adventure-2021-24","10":"rizoma_bike-r-1250-gs-ultimate-edition-2023","11":"rizoma_bike-s-1000-rr-2019-20","12":"rizoma_bike-s-1000-rr-2021-22","13":"product_cat-clignotants","15":"first","16":"instock","17":"taxable","18":"shipping-taxable","19":"purchasable","20":"product-type-variable"},"acf":[],"_links":{"self":[{"href":"https:\/\/www.rizoma.com\/fr\/wp-json\/wp\/v2\/product\/318467","targetHints":{"allow":["GET"]}}],"collection":[{"href":"https:\/\/www.rizoma.com\/fr\/wp-json\/wp\/v2\/product"}],"about":[{"href":"https:\/\/www.rizoma.com\/fr\/wp-json\/wp\/v2\/types\/product"}],"wp:featuredmedia":[{"embeddable":true,"href":"https:\/\/www.rizoma.com\/fr\/wp-json\/wp\/v2\/media\/307906"}],"wp:attachment":[{"href":"https:\/\/www.rizoma.com\/fr\/wp-json\/wp\/v2\/media?parent=318467"}],"wp:term":[{"taxonomy":"rizoma_assembly_time","embeddable":true,"href":"https:\/\/www.rizoma.com\/fr\/wp-json\/wp\/v2\/rizoma_assembly_time?post=318467"},{"taxonomy":"rizoma_bike","embeddable":true,"href":"https:\/\/www.rizoma.com\/fr\/wp-json\/wp\/v2\/rizoma_bike?post=318467"},{"taxonomy":"rizoma_division","embeddable":true,"href":"https:\/\/www.rizoma.com\/fr\/wp-json\/wp\/v2\/rizoma_division?post=318467"},{"taxonomy":"rizoma_family","embeddable":true,"href":"https:\/\/www.rizoma.com\/fr\/wp-json\/wp\/v2\/rizoma_family?post=318467"},{"taxonomy":"rizoma_model_category","embeddable":true,"href":"https:\/\/www.rizoma.com\/fr\/wp-json\/wp\/v2\/rizoma_model_category?post=318467"},{"taxonomy":"rizoma_product_template","embeddable":true,"href":"https:\/\/www.rizoma.com\/fr\/wp-json\/wp\/v2\/rizoma_product_template?post=318467"},{"taxonomy":"product_brand","embeddable":true,"href":"https:\/\/www.rizoma.com\/fr\/wp-json\/wp\/v2\/product_brand?post=318467"},{"taxonomy":"product_cat","embeddable":true,"href":"https:\/\/www.rizoma.com\/fr\/wp-json\/wp\/v2\/product_cat?post=318467"},{"taxonomy":"product_tag","embeddable":true,"href":"https:\/\/www.rizoma.com\/fr\/wp-json\/wp\/v2\/product_tag?post=318467"}],"curies":[{"name":"wp","href":"https:\/\/api.w.org\/{rel}","templated":true}]}}