{"id":318462,"date":"2024-11-21T17:51:26","date_gmt":"2024-11-21T16:51:26","guid":{"rendered":"https:\/\/rwp.rizoma.com\/negozio\/embase-de-bequille-zbw115\/"},"modified":"2026-01-25T00:28:08","modified_gmt":"2026-01-24T23:28:08","slug":"embase-de-bequille-zbw115","status":"publish","type":"product","link":"https:\/\/www.rizoma.com\/fr\/negozio\/plus-pour-votre-bmw\/ZBW115\/embase-de-bequille-zbw115\/motorbike\/10000123\/cake\/osa\/","title":{"rendered":"Embase de b\u00e9quille"},"content":{"rendered":"<p>L\u2019embase de b\u00e9quille Rizoma, taill\u00e9e dans la masse d\u2019aluminium, a une forme et des dimensions sp\u00e9cialement con\u00e7ues pour \u00e9viter toute interf\u00e9rence avec le pilote durant la conduite. Le design Rizoma offre une base plus large pour augmenter la stabilit\u00e9, m\u00eame sur l&#8217;asphalte chaud ou la chauss\u00e9e glissante.Un \u00e9l\u00e9ment aussi fonctionnel que soign\u00e9 sur le plan esth\u00e9tique.<\/p>\n","protected":false},"excerpt":{"rendered":"<p>L\u2019embase de b\u00e9quille Rizoma, taill\u00e9e dans la masse d\u2019aluminium, a une forme et des dimensions sp\u00e9cialement con\u00e7ues pour \u00e9viter toute interf\u00e9rence avec le pilote durant la conduite. Le design Rizoma offre une base plus large pour augmenter la stabilit\u00e9, m\u00eame sur l&#8217;asphalte chaud ou la chauss\u00e9e glissante.Un \u00e9l\u00e9ment aussi fonctionnel que soign\u00e9 sur le plan [&hellip;]<\/p>\n","protected":false},"featured_media":309151,"template":"","meta":{"_acf_changed":false},"rizoma_assembly_time":[42664],"rizoma_bike":[42591,43394,42604,42605,42606],"rizoma_division":[42651],"rizoma_family":[],"rizoma_model_category":[],"rizoma_product_template":[],"product_brand":[],"product_cat":[42781],"product_tag":[],"class_list":{"0":"post-318462","1":"product","2":"type-product","3":"status-publish","4":"has-post-thumbnail","6":"rizoma_bike-r-1300-gs-2023-26","7":"rizoma_bike-r-1300-gs-asa-2024-26","8":"rizoma_bike-r-1300-gs-option-719-tramuntana-2023-26","9":"rizoma_bike-r-1300-gs-triple-black-2023-26","10":"rizoma_bike-r-1300-gs-trophy-2023-26","11":"product_cat-plus-pour-votre-bmw","13":"first","14":"instock","15":"taxable","16":"shipping-taxable","17":"purchasable","18":"product-type-variable"},"acf":[],"_links":{"self":[{"href":"https:\/\/www.rizoma.com\/fr\/wp-json\/wp\/v2\/product\/318462","targetHints":{"allow":["GET"]}}],"collection":[{"href":"https:\/\/www.rizoma.com\/fr\/wp-json\/wp\/v2\/product"}],"about":[{"href":"https:\/\/www.rizoma.com\/fr\/wp-json\/wp\/v2\/types\/product"}],"wp:featuredmedia":[{"embeddable":true,"href":"https:\/\/www.rizoma.com\/fr\/wp-json\/wp\/v2\/media\/309151"}],"wp:attachment":[{"href":"https:\/\/www.rizoma.com\/fr\/wp-json\/wp\/v2\/media?parent=318462"}],"wp:term":[{"taxonomy":"rizoma_assembly_time","embeddable":true,"href":"https:\/\/www.rizoma.com\/fr\/wp-json\/wp\/v2\/rizoma_assembly_time?post=318462"},{"taxonomy":"rizoma_bike","embeddable":true,"href":"https:\/\/www.rizoma.com\/fr\/wp-json\/wp\/v2\/rizoma_bike?post=318462"},{"taxonomy":"rizoma_division","embeddable":true,"href":"https:\/\/www.rizoma.com\/fr\/wp-json\/wp\/v2\/rizoma_division?post=318462"},{"taxonomy":"rizoma_family","embeddable":true,"href":"https:\/\/www.rizoma.com\/fr\/wp-json\/wp\/v2\/rizoma_family?post=318462"},{"taxonomy":"rizoma_model_category","embeddable":true,"href":"https:\/\/www.rizoma.com\/fr\/wp-json\/wp\/v2\/rizoma_model_category?post=318462"},{"taxonomy":"rizoma_product_template","embeddable":true,"href":"https:\/\/www.rizoma.com\/fr\/wp-json\/wp\/v2\/rizoma_product_template?post=318462"},{"taxonomy":"product_brand","embeddable":true,"href":"https:\/\/www.rizoma.com\/fr\/wp-json\/wp\/v2\/product_brand?post=318462"},{"taxonomy":"product_cat","embeddable":true,"href":"https:\/\/www.rizoma.com\/fr\/wp-json\/wp\/v2\/product_cat?post=318462"},{"taxonomy":"product_tag","embeddable":true,"href":"https:\/\/www.rizoma.com\/fr\/wp-json\/wp\/v2\/product_tag?post=318462"}],"curies":[{"name":"wp","href":"https:\/\/api.w.org\/{rel}","templated":true}]}}