{"id":318387,"date":"2024-11-21T17:49:35","date_gmt":"2024-11-21T16:49:35","guid":{"rendered":"https:\/\/rwp.rizoma.com\/negozio\/obturateurs-clignotants-oem-fr323\/"},"modified":"2025-05-29T04:12:51","modified_gmt":"2025-05-29T02:12:51","slug":"obturateurs-clignotants-oem-fr323","status":"publish","type":"product","link":"https:\/\/www.rizoma.com\/fr\/negozio\/clignotants\/FR323\/obturateurs-clignotants-oem-fr323\/","title":{"rendered":"Obturateurs clignotants OEM"},"content":{"rendered":"<p>Les obturateurs de clignotants, r\u00e9alis\u00e9s en Delrin, permettent de fermer le trou de fixation peu esth\u00e9tique laiss\u00e9 en cas de repositionnement des clignotants.<br \/>Pour harmoniser l\u2019extremit\u00e8 oppos\u00e9 du montage de Proguard System <br \/>Les obturateurs sont parfaitement assortis au montage du Kit des clignotants arri\u00e8re Rizoma Light Unit FR447.<\/p>\n","protected":false},"excerpt":{"rendered":"<p>Les obturateurs de clignotants, r\u00e9alis\u00e9s en Delrin, permettent de fermer le trou de fixation peu esth\u00e9tique laiss\u00e9 en cas de repositionnement des clignotants.Pour harmoniser l\u2019extremit\u00e8 oppos\u00e9 du montage de Proguard System Les obturateurs sont parfaitement assortis au montage du Kit des clignotants arri\u00e8re Rizoma Light Unit FR447.<\/p>\n","protected":false},"featured_media":305641,"template":"","meta":{"_acf_changed":false},"rizoma_assembly_time":[42664],"rizoma_bike":[42625,42517,44018],"rizoma_division":[42651],"rizoma_family":[42847],"rizoma_model_category":[],"rizoma_product_template":[],"product_brand":[],"product_cat":[42714],"product_tag":[],"class_list":{"0":"post-318387","1":"product","2":"type-product","3":"status-publish","4":"has-post-thumbnail","6":"rizoma_bike-diavel-for-bentley-2024","7":"rizoma_bike-diavel-v4-2023-26","8":"rizoma_bike-diavel-v4-rs-2026","9":"product_cat-clignotants","11":"first","12":"instock","13":"taxable","14":"shipping-taxable","15":"purchasable","16":"product-type-variable"},"acf":[],"_links":{"self":[{"href":"https:\/\/www.rizoma.com\/fr\/wp-json\/wp\/v2\/product\/318387","targetHints":{"allow":["GET"]}}],"collection":[{"href":"https:\/\/www.rizoma.com\/fr\/wp-json\/wp\/v2\/product"}],"about":[{"href":"https:\/\/www.rizoma.com\/fr\/wp-json\/wp\/v2\/types\/product"}],"wp:featuredmedia":[{"embeddable":true,"href":"https:\/\/www.rizoma.com\/fr\/wp-json\/wp\/v2\/media\/305641"}],"wp:attachment":[{"href":"https:\/\/www.rizoma.com\/fr\/wp-json\/wp\/v2\/media?parent=318387"}],"wp:term":[{"taxonomy":"rizoma_assembly_time","embeddable":true,"href":"https:\/\/www.rizoma.com\/fr\/wp-json\/wp\/v2\/rizoma_assembly_time?post=318387"},{"taxonomy":"rizoma_bike","embeddable":true,"href":"https:\/\/www.rizoma.com\/fr\/wp-json\/wp\/v2\/rizoma_bike?post=318387"},{"taxonomy":"rizoma_division","embeddable":true,"href":"https:\/\/www.rizoma.com\/fr\/wp-json\/wp\/v2\/rizoma_division?post=318387"},{"taxonomy":"rizoma_family","embeddable":true,"href":"https:\/\/www.rizoma.com\/fr\/wp-json\/wp\/v2\/rizoma_family?post=318387"},{"taxonomy":"rizoma_model_category","embeddable":true,"href":"https:\/\/www.rizoma.com\/fr\/wp-json\/wp\/v2\/rizoma_model_category?post=318387"},{"taxonomy":"rizoma_product_template","embeddable":true,"href":"https:\/\/www.rizoma.com\/fr\/wp-json\/wp\/v2\/rizoma_product_template?post=318387"},{"taxonomy":"product_brand","embeddable":true,"href":"https:\/\/www.rizoma.com\/fr\/wp-json\/wp\/v2\/product_brand?post=318387"},{"taxonomy":"product_cat","embeddable":true,"href":"https:\/\/www.rizoma.com\/fr\/wp-json\/wp\/v2\/product_cat?post=318387"},{"taxonomy":"product_tag","embeddable":true,"href":"https:\/\/www.rizoma.com\/fr\/wp-json\/wp\/v2\/product_tag?post=318387"}],"curies":[{"name":"wp","href":"https:\/\/api.w.org\/{rel}","templated":true}]}}