{"id":318332,"date":"2024-11-21T17:48:18","date_gmt":"2024-11-21T16:48:18","guid":{"rendered":"https:\/\/rwp.rizoma.com\/negozio\/bouchons-de-reservoir-dessence-street-tf041\/"},"modified":"2025-06-06T04:31:00","modified_gmt":"2025-06-06T02:31:00","slug":"bouchons-de-reservoir-dessence-street-tf041","status":"publish","type":"product","link":"https:\/\/www.rizoma.com\/fr\/negozio\/bouchons-de-reservoir-dessence\/TF041\/bouchons-de-reservoir-dessence-street-tf041\/motorbike\/12281\/yamaha\/mt-07\/","title":{"rendered":"Bouchons de r\u00e9servoir d&#8217;essence Street"},"content":{"rendered":"<p>Le bouchon de r\u00e9servoir d\u2019essence de Rizoma, enti\u00e8rement taill\u00e9 dans la masse d\u2019aluminium, allie design, technicit\u00e9, mat\u00e9riaux d\u2019excellente qualit\u00e9 et s\u00e9curit\u00e9. En effet, le Key Lock System dont il est dot\u00e9 \u00e9vite le risque de vol sans affecter la simplicit\u00e9 d\u2019installation et d\u2019utilisation. Enfin, la finition bicolore obtenue gr\u00e2ce au traitement de surface par anodisation assure un r\u00e9sultat esth\u00e9tique plus durable.<\/p>\n","protected":false},"excerpt":{"rendered":"<p>Le bouchon de r\u00e9servoir d\u2019essence de Rizoma, enti\u00e8rement taill\u00e9 dans la masse d\u2019aluminium, allie design, technicit\u00e9, mat\u00e9riaux d\u2019excellente qualit\u00e9 et s\u00e9curit\u00e9. En effet, le Key Lock System dont il est dot\u00e9 \u00e9vite le risque de vol sans affecter la simplicit\u00e9 d\u2019installation et d\u2019utilisation. Enfin, la finition bicolore obtenue gr\u00e2ce au traitement de surface par anodisation [&hellip;]<\/p>\n","protected":false},"featured_media":294457,"template":"","meta":{"_acf_changed":false},"rizoma_assembly_time":[42664],"rizoma_bike":[41542,41545,41544,41546,41547,41548,41697,41699,41700],"rizoma_division":[42651],"rizoma_family":[],"rizoma_model_category":[],"rizoma_product_template":[],"product_brand":[],"product_cat":[43034],"product_tag":[],"class_list":{"0":"post-318332","1":"product","2":"type-product","3":"status-publish","4":"has-post-thumbnail","6":"rizoma_bike-brutale-1078-rr-1","7":"rizoma_bike-brutale-750-america-2004-06","8":"rizoma_bike-brutale-750-s-2002-06","9":"rizoma_bike-brutale-750-serie-oro-2001-05","10":"rizoma_bike-brutale-910-s-2005-11","11":"rizoma_bike-brutale-989-r-1","12":"rizoma_bike-f4-1000-312-r-2007-09","13":"rizoma_bike-f4-1000-s-2004-05","14":"rizoma_bike-f4-750-s-2000-02","15":"product_cat-bouchons-de-reservoir-dessence","17":"first","18":"instock","19":"taxable","20":"shipping-taxable","21":"purchasable","22":"product-type-variable"},"acf":[],"_links":{"self":[{"href":"https:\/\/www.rizoma.com\/fr\/wp-json\/wp\/v2\/product\/318332","targetHints":{"allow":["GET"]}}],"collection":[{"href":"https:\/\/www.rizoma.com\/fr\/wp-json\/wp\/v2\/product"}],"about":[{"href":"https:\/\/www.rizoma.com\/fr\/wp-json\/wp\/v2\/types\/product"}],"wp:featuredmedia":[{"embeddable":true,"href":"https:\/\/www.rizoma.com\/fr\/wp-json\/wp\/v2\/media\/294457"}],"wp:attachment":[{"href":"https:\/\/www.rizoma.com\/fr\/wp-json\/wp\/v2\/media?parent=318332"}],"wp:term":[{"taxonomy":"rizoma_assembly_time","embeddable":true,"href":"https:\/\/www.rizoma.com\/fr\/wp-json\/wp\/v2\/rizoma_assembly_time?post=318332"},{"taxonomy":"rizoma_bike","embeddable":true,"href":"https:\/\/www.rizoma.com\/fr\/wp-json\/wp\/v2\/rizoma_bike?post=318332"},{"taxonomy":"rizoma_division","embeddable":true,"href":"https:\/\/www.rizoma.com\/fr\/wp-json\/wp\/v2\/rizoma_division?post=318332"},{"taxonomy":"rizoma_family","embeddable":true,"href":"https:\/\/www.rizoma.com\/fr\/wp-json\/wp\/v2\/rizoma_family?post=318332"},{"taxonomy":"rizoma_model_category","embeddable":true,"href":"https:\/\/www.rizoma.com\/fr\/wp-json\/wp\/v2\/rizoma_model_category?post=318332"},{"taxonomy":"rizoma_product_template","embeddable":true,"href":"https:\/\/www.rizoma.com\/fr\/wp-json\/wp\/v2\/rizoma_product_template?post=318332"},{"taxonomy":"product_brand","embeddable":true,"href":"https:\/\/www.rizoma.com\/fr\/wp-json\/wp\/v2\/product_brand?post=318332"},{"taxonomy":"product_cat","embeddable":true,"href":"https:\/\/www.rizoma.com\/fr\/wp-json\/wp\/v2\/product_cat?post=318332"},{"taxonomy":"product_tag","embeddable":true,"href":"https:\/\/www.rizoma.com\/fr\/wp-json\/wp\/v2\/product_tag?post=318332"}],"curies":[{"name":"wp","href":"https:\/\/api.w.org\/{rel}","templated":true}]}}