{"id":318272,"date":"2024-11-21T17:46:50","date_gmt":"2024-11-21T16:46:50","guid":{"rendered":"https:\/\/rwp.rizoma.com\/negozio\/kit-de-montage-clignotants-sguardo-pour-combinaison-avec-retroviseurs-embouts-de-guidon-bsfr001\/"},"modified":"2025-01-14T11:22:15","modified_gmt":"2025-01-14T10:22:15","slug":"kit-de-montage-clignotants-sguardo-pour-combinaison-avec-retroviseurs-embouts-de-guidon-bsfr001","status":"publish","type":"product","link":"https:\/\/www.rizoma.com\/fr\/negozio\/retroviseurs\/BSFR001\/kit-de-montage-clignotants-sguardo-pour-combinaison-avec-retroviseurs-embouts-de-guidon-bsfr001\/","title":{"rendered":"Kit de montage clignotants Sguardo pour combinaison avec r\u00e9troviseurs embouts de guidon"},"content":{"rendered":"<p>Les adaptateurs BSFR vous permettent de monter les indicateurs direction Sguardo Rizoma (TS060), en combinaison avec des r\u00e9troviseurs End Mount Rizoma Spy-Arm (BS300 \/ BS303), Lunar (BS315), Reverse Retro (BS072), Reverse Radial (BS233), Eccentrico (BS147), Cut Edge (BS295\/BS296).<br \/>Adaptateur BSFR001B compatible avec des guidons de 25,4 mm de diam\u00e8tre ext\u00e9rieur et de 21 \u00e0 23 mm de diam\u00e8tre int\u00e9rieur.<\/p>\n","protected":false},"excerpt":{"rendered":"<p>Les adaptateurs BSFR vous permettent de monter les indicateurs direction Sguardo Rizoma (TS060), en combinaison avec des r\u00e9troviseurs End Mount Rizoma Spy-Arm (BS300 \/ BS303), Lunar (BS315), Reverse Retro (BS072), Reverse Radial (BS233), Eccentrico (BS147), Cut Edge (BS295\/BS296).Adaptateur BSFR001B compatible avec des guidons de 25,4 mm de diam\u00e8tre ext\u00e9rieur et de 21 \u00e0 23 mm [&hellip;]<\/p>\n","protected":false},"featured_media":297342,"template":"","meta":{"_acf_changed":false},"rizoma_assembly_time":[42675],"rizoma_bike":[43785],"rizoma_division":[42651],"rizoma_family":[42667],"rizoma_model_category":[],"rizoma_product_template":[],"product_brand":[],"product_cat":[43939],"product_tag":[],"class_list":{"0":"post-318272","1":"product","2":"type-product","3":"status-publish","4":"has-post-thumbnail","6":"rizoma_bike-1200-forty-eight-2016-20","7":"product_cat-retroviseurs","9":"first","10":"instock","11":"taxable","12":"shipping-taxable","13":"purchasable","14":"product-type-variable"},"acf":[],"_links":{"self":[{"href":"https:\/\/www.rizoma.com\/fr\/wp-json\/wp\/v2\/product\/318272","targetHints":{"allow":["GET"]}}],"collection":[{"href":"https:\/\/www.rizoma.com\/fr\/wp-json\/wp\/v2\/product"}],"about":[{"href":"https:\/\/www.rizoma.com\/fr\/wp-json\/wp\/v2\/types\/product"}],"wp:featuredmedia":[{"embeddable":true,"href":"https:\/\/www.rizoma.com\/fr\/wp-json\/wp\/v2\/media\/297342"}],"wp:attachment":[{"href":"https:\/\/www.rizoma.com\/fr\/wp-json\/wp\/v2\/media?parent=318272"}],"wp:term":[{"taxonomy":"rizoma_assembly_time","embeddable":true,"href":"https:\/\/www.rizoma.com\/fr\/wp-json\/wp\/v2\/rizoma_assembly_time?post=318272"},{"taxonomy":"rizoma_bike","embeddable":true,"href":"https:\/\/www.rizoma.com\/fr\/wp-json\/wp\/v2\/rizoma_bike?post=318272"},{"taxonomy":"rizoma_division","embeddable":true,"href":"https:\/\/www.rizoma.com\/fr\/wp-json\/wp\/v2\/rizoma_division?post=318272"},{"taxonomy":"rizoma_family","embeddable":true,"href":"https:\/\/www.rizoma.com\/fr\/wp-json\/wp\/v2\/rizoma_family?post=318272"},{"taxonomy":"rizoma_model_category","embeddable":true,"href":"https:\/\/www.rizoma.com\/fr\/wp-json\/wp\/v2\/rizoma_model_category?post=318272"},{"taxonomy":"rizoma_product_template","embeddable":true,"href":"https:\/\/www.rizoma.com\/fr\/wp-json\/wp\/v2\/rizoma_product_template?post=318272"},{"taxonomy":"product_brand","embeddable":true,"href":"https:\/\/www.rizoma.com\/fr\/wp-json\/wp\/v2\/product_brand?post=318272"},{"taxonomy":"product_cat","embeddable":true,"href":"https:\/\/www.rizoma.com\/fr\/wp-json\/wp\/v2\/product_cat?post=318272"},{"taxonomy":"product_tag","embeddable":true,"href":"https:\/\/www.rizoma.com\/fr\/wp-json\/wp\/v2\/product_tag?post=318272"}],"curies":[{"name":"wp","href":"https:\/\/api.w.org\/{rel}","templated":true}]}}