{"id":318242,"date":"2024-11-21T17:46:09","date_gmt":"2024-11-21T16:46:09","guid":{"rendered":"https:\/\/rwp.rizoma.com\/negozio\/kit-pontets-az430\/"},"modified":"2025-01-14T11:02:39","modified_gmt":"2025-01-14T10:02:39","slug":"kit-pontets-az430","status":"publish","type":"product","link":"https:\/\/www.rizoma.com\/fr\/negozio\/kit-pour-guidons\/AZ430\/kit-pontets-az430\/","title":{"rendered":"Kit Pontets"},"content":{"rendered":"<p>Les pontets pour guidon \u00d8 25,4 mm sont taill\u00e9s dans la masse d\u2019aluminium et valoris\u00e9s par la combinaison de l\u2019usinage 3D et de la finition obtenue par un traitement de surface par anodisation qui garantit \u00e0 ce produit une qualit\u00e9 durable. Custom style pour ceux qui souhaitent enrichir leur moto de d\u00e9tails haut de gamme.<\/p>\n","protected":false},"excerpt":{"rendered":"<p>Les pontets pour guidon \u00d8 25,4 mm sont taill\u00e9s dans la masse d\u2019aluminium et valoris\u00e9s par la combinaison de l\u2019usinage 3D et de la finition obtenue par un traitement de surface par anodisation qui garantit \u00e0 ce produit une qualit\u00e9 durable. Custom style pour ceux qui souhaitent enrichir leur moto de d\u00e9tails haut de gamme.<\/p>\n","protected":false},"featured_media":296992,"template":"","meta":{"_acf_changed":false},"rizoma_assembly_time":[42664],"rizoma_bike":[41569,41935,44379,44380,42598,42601,42552,43391,43392,42602,41575,41886,41825,41830,41832,41887,41962,41826,41973],"rizoma_division":[42651],"rizoma_family":[42656],"rizoma_model_category":[],"rizoma_product_template":[],"product_brand":[],"product_cat":[42661],"product_tag":[],"class_list":{"0":"post-318242","1":"product","2":"type-product","3":"status-publish","4":"has-post-thumbnail","6":"rizoma_bike-bonneville-t100-2008-16","7":"rizoma_bike-bonneville-t120-2016-20","8":"rizoma_bike-bonneville-t120-2026","9":"rizoma_bike-bonneville-t120-black-2026","10":"rizoma_bike-bonneville-t120-black-dgr-limited-edition-2023","11":"rizoma_bike-bonneville-t120-black-stealth-edition-2024","12":"rizoma_bike-bonneville-t120-chrome-edition-2023","13":"rizoma_bike-bonneville-t120-elvis-2024-26","14":"rizoma_bike-bonneville-t120-icon-edition-2025-26","15":"rizoma_bike-bonneville-t120-stealth-edition-2024","16":"rizoma_bike-thruxton-900-2004-15","17":"rizoma_bike-thruxton-900-ace-2014-15","18":"rizoma_bike-xv-950-2014-16","19":"rizoma_bike-xv-950-abs","20":"rizoma_bike-xv-950-abs-2014-17","21":"rizoma_bike-xv-950-abs-racer-2015-18","22":"rizoma_bike-xv-950-abs-racer-60th-anniversary-2015-17","23":"rizoma_bike-xv-950-r-abs-2014-16","24":"rizoma_bike-xv-950-r-abs-2017-20","25":"product_cat-kit-pour-guidons","27":"first","28":"instock","29":"taxable","30":"shipping-taxable","31":"purchasable","32":"product-type-variable"},"acf":[],"_links":{"self":[{"href":"https:\/\/www.rizoma.com\/fr\/wp-json\/wp\/v2\/product\/318242","targetHints":{"allow":["GET"]}}],"collection":[{"href":"https:\/\/www.rizoma.com\/fr\/wp-json\/wp\/v2\/product"}],"about":[{"href":"https:\/\/www.rizoma.com\/fr\/wp-json\/wp\/v2\/types\/product"}],"wp:featuredmedia":[{"embeddable":true,"href":"https:\/\/www.rizoma.com\/fr\/wp-json\/wp\/v2\/media\/296992"}],"wp:attachment":[{"href":"https:\/\/www.rizoma.com\/fr\/wp-json\/wp\/v2\/media?parent=318242"}],"wp:term":[{"taxonomy":"rizoma_assembly_time","embeddable":true,"href":"https:\/\/www.rizoma.com\/fr\/wp-json\/wp\/v2\/rizoma_assembly_time?post=318242"},{"taxonomy":"rizoma_bike","embeddable":true,"href":"https:\/\/www.rizoma.com\/fr\/wp-json\/wp\/v2\/rizoma_bike?post=318242"},{"taxonomy":"rizoma_division","embeddable":true,"href":"https:\/\/www.rizoma.com\/fr\/wp-json\/wp\/v2\/rizoma_division?post=318242"},{"taxonomy":"rizoma_family","embeddable":true,"href":"https:\/\/www.rizoma.com\/fr\/wp-json\/wp\/v2\/rizoma_family?post=318242"},{"taxonomy":"rizoma_model_category","embeddable":true,"href":"https:\/\/www.rizoma.com\/fr\/wp-json\/wp\/v2\/rizoma_model_category?post=318242"},{"taxonomy":"rizoma_product_template","embeddable":true,"href":"https:\/\/www.rizoma.com\/fr\/wp-json\/wp\/v2\/rizoma_product_template?post=318242"},{"taxonomy":"product_brand","embeddable":true,"href":"https:\/\/www.rizoma.com\/fr\/wp-json\/wp\/v2\/product_brand?post=318242"},{"taxonomy":"product_cat","embeddable":true,"href":"https:\/\/www.rizoma.com\/fr\/wp-json\/wp\/v2\/product_cat?post=318242"},{"taxonomy":"product_tag","embeddable":true,"href":"https:\/\/www.rizoma.com\/fr\/wp-json\/wp\/v2\/product_tag?post=318242"}],"curies":[{"name":"wp","href":"https:\/\/api.w.org\/{rel}","templated":true}]}}