{"id":318147,"date":"2024-11-21T17:43:51","date_gmt":"2024-11-21T16:43:51","guid":{"rendered":"https:\/\/rwp.rizoma.com\/negozio\/leviers-dembrayage-rrc-lcr605\/"},"modified":"2025-12-18T00:37:39","modified_gmt":"2025-12-17T23:37:39","slug":"leviers-dembrayage-rrc-lcr605","status":"publish","type":"product","link":"https:\/\/www.rizoma.com\/fr\/negozio\/leviers-de-frein-embrayage\/LCR605\/leviers-dembrayage-rrc-lcr605\/","title":{"rendered":"Leviers d&#8217;Embrayage RRC"},"content":{"rendered":"<p>A\u00e9rodynamisme et grip. Les leviers RRC ont \u00e9t\u00e9 d\u00e9velopp\u00e9s suite aux analyses et aux essais r\u00e9alis\u00e9s en soufflerie. En effet, la pression de l\u2019air qui d\u00e9coule d\u2019une utilisation sportive, \u00e0 grande vitesse, a une forte incidence sur le circuit de freinage. Pour r\u00e9duire cet effet, l\u2019extr\u00e9mit\u00e9 ext\u00e9rieure du levier a \u00e9t\u00e9 \u00e9vid\u00e9e de mani\u00e8re \u00e0 r\u00e9duire au minimum la pression existante et \u00e0 garantir ainsi un fonctionnement optimal. Le r\u00e9glage des leviers RRC, taill\u00e9s dans la masse d\u2019aluminium et anodis\u00e9s, est plus accessible gr\u00e2ce \u00e0 sa position sup\u00e9rieure.<\/p>\n","protected":false},"excerpt":{"rendered":"<p>A\u00e9rodynamisme et grip. Les leviers RRC ont \u00e9t\u00e9 d\u00e9velopp\u00e9s suite aux analyses et aux essais r\u00e9alis\u00e9s en soufflerie. En effet, la pression de l\u2019air qui d\u00e9coule d\u2019une utilisation sportive, \u00e0 grande vitesse, a une forte incidence sur le circuit de freinage. Pour r\u00e9duire cet effet, l\u2019extr\u00e9mit\u00e9 ext\u00e9rieure du levier a \u00e9t\u00e9 \u00e9vid\u00e9e de mani\u00e8re \u00e0 [&hellip;]<\/p>\n","protected":false},"featured_media":294367,"template":"","meta":{"_acf_changed":false},"rizoma_assembly_time":[42675],"rizoma_bike":[42094,42199,43690,42399,42479],"rizoma_division":[42651],"rizoma_family":[42802],"rizoma_model_category":[],"rizoma_product_template":[],"product_brand":[],"product_cat":[42807],"product_tag":[],"class_list":{"0":"post-318147","1":"product","2":"type-product","3":"status-publish","4":"has-post-thumbnail","6":"rizoma_bike-790-duke-2018-20","7":"rizoma_bike-790-duke-2019","8":"rizoma_bike-790-duke-2025-26","9":"rizoma_bike-790-duke-l-2019-20","10":"rizoma_bike-790-duke-l-2023-24","11":"product_cat-leviers-de-frein-embrayage","13":"first","14":"instock","15":"sale","16":"taxable","17":"shipping-taxable","18":"purchasable","19":"product-type-variable"},"acf":[],"_links":{"self":[{"href":"https:\/\/www.rizoma.com\/fr\/wp-json\/wp\/v2\/product\/318147","targetHints":{"allow":["GET"]}}],"collection":[{"href":"https:\/\/www.rizoma.com\/fr\/wp-json\/wp\/v2\/product"}],"about":[{"href":"https:\/\/www.rizoma.com\/fr\/wp-json\/wp\/v2\/types\/product"}],"wp:featuredmedia":[{"embeddable":true,"href":"https:\/\/www.rizoma.com\/fr\/wp-json\/wp\/v2\/media\/294367"}],"wp:attachment":[{"href":"https:\/\/www.rizoma.com\/fr\/wp-json\/wp\/v2\/media?parent=318147"}],"wp:term":[{"taxonomy":"rizoma_assembly_time","embeddable":true,"href":"https:\/\/www.rizoma.com\/fr\/wp-json\/wp\/v2\/rizoma_assembly_time?post=318147"},{"taxonomy":"rizoma_bike","embeddable":true,"href":"https:\/\/www.rizoma.com\/fr\/wp-json\/wp\/v2\/rizoma_bike?post=318147"},{"taxonomy":"rizoma_division","embeddable":true,"href":"https:\/\/www.rizoma.com\/fr\/wp-json\/wp\/v2\/rizoma_division?post=318147"},{"taxonomy":"rizoma_family","embeddable":true,"href":"https:\/\/www.rizoma.com\/fr\/wp-json\/wp\/v2\/rizoma_family?post=318147"},{"taxonomy":"rizoma_model_category","embeddable":true,"href":"https:\/\/www.rizoma.com\/fr\/wp-json\/wp\/v2\/rizoma_model_category?post=318147"},{"taxonomy":"rizoma_product_template","embeddable":true,"href":"https:\/\/www.rizoma.com\/fr\/wp-json\/wp\/v2\/rizoma_product_template?post=318147"},{"taxonomy":"product_brand","embeddable":true,"href":"https:\/\/www.rizoma.com\/fr\/wp-json\/wp\/v2\/product_brand?post=318147"},{"taxonomy":"product_cat","embeddable":true,"href":"https:\/\/www.rizoma.com\/fr\/wp-json\/wp\/v2\/product_cat?post=318147"},{"taxonomy":"product_tag","embeddable":true,"href":"https:\/\/www.rizoma.com\/fr\/wp-json\/wp\/v2\/product_tag?post=318147"}],"curies":[{"name":"wp","href":"https:\/\/api.w.org\/{rel}","templated":true}]}}