{"id":318060,"date":"2024-11-21T17:41:40","date_gmt":"2024-11-21T16:41:40","guid":{"rendered":"https:\/\/rwp.rizoma.com\/negozio\/leviers-dembrayage-adjustable-plus-lcx102\/"},"modified":"2026-02-27T13:24:03","modified_gmt":"2026-02-27T12:24:03","slug":"leviers-dembrayage-adjustable-plus-lcx102","status":"publish","type":"product","link":"https:\/\/www.rizoma.com\/fr\/negozio\/leviers-de-frein-embrayage\/LCX102\/leviers-dembrayage-adjustable-plus-lcx102\/motorbike\/4572\/ducati\/st2\/","title":{"rendered":"Leviers d&#8217;Embrayage Adjustable Plus"},"content":{"rendered":"<p>Les leviers Adjustable Plus ont \u00e9t\u00e9 con\u00e7us pour offrir un maximum de confort en termes d&#8217;adh\u00e9rence et de r\u00e9glage en fonction de votre style de conduite. En particulier, en plus du syst\u00e8me de r\u00e9glage de la position du levier, situ\u00e9 sur le dessus pour permettre une plus grande accessibilit\u00e9, un syst\u00e8me coulissant suppl\u00e9mentaire a \u00e9t\u00e9 con\u00e7u pour r\u00e9gler la longueur du levier. De plus, le kit comprend un insert en caoutchouc con\u00e7u pour combler l&#8217;espacement cr\u00e9\u00e9 lorsque le levier est dans son extension maximale (jusqu&#8217;\u00e0 20 mm), \u00e9vitant ainsi une usure excessive des gants.<br \/>Les leviers Adjustable Plus, en aluminium usin\u00e9, sont disponibles en quatre anodisations diff\u00e9rentes.<\/p>\n","protected":false},"excerpt":{"rendered":"<p>Les leviers Adjustable Plus ont \u00e9t\u00e9 con\u00e7us pour offrir un maximum de confort en termes d&#8217;adh\u00e9rence et de r\u00e9glage en fonction de votre style de conduite. En particulier, en plus du syst\u00e8me de r\u00e9glage de la position du levier, situ\u00e9 sur le dessus pour permettre une plus grande accessibilit\u00e9, un syst\u00e8me coulissant suppl\u00e9mentaire a \u00e9t\u00e9 [&hellip;]<\/p>\n","protected":false},"featured_media":294422,"template":"","meta":{"_acf_changed":false},"rizoma_assembly_time":[42675],"rizoma_bike":[42011,41845,42165,42315,43869,43870,42166,42316,42630,42645],"rizoma_division":[42651],"rizoma_family":[42802],"rizoma_model_category":[],"rizoma_product_template":[],"product_brand":[],"product_cat":[42807],"product_tag":[],"class_list":{"0":"post-318060","1":"product","2":"type-product","3":"status-publish","4":"has-post-thumbnail","6":"rizoma_bike-cb-650-f-2017-18","7":"rizoma_bike-cb-650-f-abs-2014-17","8":"rizoma_bike-cb-650-r-2019-20","9":"rizoma_bike-cb-650-r-2021-23","10":"rizoma_bike-cb-650-r-2024-25","11":"rizoma_bike-cb-650-r-e-clutch-2024-26","12":"rizoma_bike-cbr-650-r-2019-20","13":"rizoma_bike-cbr-650-r-2021-23","14":"rizoma_bike-cbr-650-r-2024-26","15":"rizoma_bike-cbr-650-r-e-clutch-2024-26","16":"product_cat-leviers-de-frein-embrayage","18":"first","19":"instock","20":"taxable","21":"shipping-taxable","22":"purchasable","23":"product-type-variable"},"acf":[],"_links":{"self":[{"href":"https:\/\/www.rizoma.com\/fr\/wp-json\/wp\/v2\/product\/318060","targetHints":{"allow":["GET"]}}],"collection":[{"href":"https:\/\/www.rizoma.com\/fr\/wp-json\/wp\/v2\/product"}],"about":[{"href":"https:\/\/www.rizoma.com\/fr\/wp-json\/wp\/v2\/types\/product"}],"wp:featuredmedia":[{"embeddable":true,"href":"https:\/\/www.rizoma.com\/fr\/wp-json\/wp\/v2\/media\/294422"}],"wp:attachment":[{"href":"https:\/\/www.rizoma.com\/fr\/wp-json\/wp\/v2\/media?parent=318060"}],"wp:term":[{"taxonomy":"rizoma_assembly_time","embeddable":true,"href":"https:\/\/www.rizoma.com\/fr\/wp-json\/wp\/v2\/rizoma_assembly_time?post=318060"},{"taxonomy":"rizoma_bike","embeddable":true,"href":"https:\/\/www.rizoma.com\/fr\/wp-json\/wp\/v2\/rizoma_bike?post=318060"},{"taxonomy":"rizoma_division","embeddable":true,"href":"https:\/\/www.rizoma.com\/fr\/wp-json\/wp\/v2\/rizoma_division?post=318060"},{"taxonomy":"rizoma_family","embeddable":true,"href":"https:\/\/www.rizoma.com\/fr\/wp-json\/wp\/v2\/rizoma_family?post=318060"},{"taxonomy":"rizoma_model_category","embeddable":true,"href":"https:\/\/www.rizoma.com\/fr\/wp-json\/wp\/v2\/rizoma_model_category?post=318060"},{"taxonomy":"rizoma_product_template","embeddable":true,"href":"https:\/\/www.rizoma.com\/fr\/wp-json\/wp\/v2\/rizoma_product_template?post=318060"},{"taxonomy":"product_brand","embeddable":true,"href":"https:\/\/www.rizoma.com\/fr\/wp-json\/wp\/v2\/product_brand?post=318060"},{"taxonomy":"product_cat","embeddable":true,"href":"https:\/\/www.rizoma.com\/fr\/wp-json\/wp\/v2\/product_cat?post=318060"},{"taxonomy":"product_tag","embeddable":true,"href":"https:\/\/www.rizoma.com\/fr\/wp-json\/wp\/v2\/product_tag?post=318060"}],"curies":[{"name":"wp","href":"https:\/\/api.w.org\/{rel}","templated":true}]}}