{"id":318015,"date":"2024-11-21T17:40:34","date_gmt":"2024-11-21T16:40:34","guid":{"rendered":"https:\/\/rwp.rizoma.com\/negozio\/leviers-dembrayage-3d-lcj620\/"},"modified":"2025-07-16T17:39:53","modified_gmt":"2025-07-16T15:39:53","slug":"leviers-dembrayage-3d-lcj620","status":"publish","type":"product","link":"https:\/\/www.rizoma.com\/fr\/negozio\/leviers-de-frein-embrayage\/LCJ620\/leviers-dembrayage-3d-lcj620\/","title":{"rendered":"Leviers d&#8217;Embrayage 3D"},"content":{"rendered":"<p>A\u00e9rodynamisme et grip. Les leviers 3D ont \u00e9t\u00e9 d\u00e9velopp\u00e9s suite aux analyses et aux essais r\u00e9alis\u00e9s en soufflerie. En effet, la pression de l\u2019air qui d\u00e9coule d\u2019une utilisation sportive, \u00e0 grande vitesse, a une forte incidence sur le circuit de freinage. Pour r\u00e9duire cet effet, l\u2019extr\u00e9mit\u00e9 ext\u00e9rieure du levier a \u00e9t\u00e9 \u00e9vid\u00e9e de mani\u00e8re \u00e0 r\u00e9duire au minimum la pression existante et \u00e0 garantir ainsi un fonctionnement optimal. Les leviers taill\u00e9s dans la masse d\u2019aluminium et anodis\u00e9s, qui sont articul\u00e9s sur coussinets avec ressorts de rappel, disposent d\u2019une grande amplitude de r\u00e9glage et offrent ainsi pr\u00e9cision et fiabilit\u00e9. De plus, l\u2019articulation permet aux leviers de se replier en cas de chute et de r\u00e9duire ainsi les risques de casse. Enfin, l\u2019usinage de surface garantit une meilleure prise en main, \u00e9galement optimis\u00e9e, durant le r\u00e9glage du levier,\u00a0par les anneaux color\u00e9s en silicone qui apportent \u00e9galement une touche de personnalisation.<\/p>\n","protected":false},"excerpt":{"rendered":"<p>A\u00e9rodynamisme et grip. Les leviers 3D ont \u00e9t\u00e9 d\u00e9velopp\u00e9s suite aux analyses et aux essais r\u00e9alis\u00e9s en soufflerie. En effet, la pression de l\u2019air qui d\u00e9coule d\u2019une utilisation sportive, \u00e0 grande vitesse, a une forte incidence sur le circuit de freinage. Pour r\u00e9duire cet effet, l\u2019extr\u00e9mit\u00e9 ext\u00e9rieure du levier a \u00e9t\u00e9 \u00e9vid\u00e9e de mani\u00e8re \u00e0 [&hellip;]<\/p>\n","protected":false},"featured_media":294347,"template":"","meta":{"_acf_changed":false},"rizoma_assembly_time":[42675],"rizoma_bike":[44421,42026,42114,42122,42105,42106,42012,42013,42168,42189,42241,44423,44428,41778,42359,44426,42360,44430,44424],"rizoma_division":[42651],"rizoma_family":[42802],"rizoma_model_category":[],"rizoma_product_template":[],"product_brand":[],"product_cat":[42807],"product_tag":[],"class_list":{"0":"post-318015","1":"product","2":"type-product","3":"status-publish","4":"has-post-thumbnail","6":"rizoma_bike-v7-850-stone-special-abs-2021","7":"rizoma_bike-v7-iii-anniversario-2017-18","8":"rizoma_bike-v7-iii-carbon-2018-20","9":"rizoma_bike-v7-iii-limited-2018","10":"rizoma_bike-v7-iii-milano-2018-20","11":"rizoma_bike-v7-iii-rough-2018-20","12":"rizoma_bike-v7-iii-special-2017-20","13":"rizoma_bike-v7-iii-stone-2017-20","14":"rizoma_bike-v7-iii-stone-2019","15":"rizoma_bike-v7-iii-stone-night-pack-2019-20","16":"rizoma_bike-v7-iii-stone-s-2020","17":"rizoma_bike-v7-special-2021-24","18":"rizoma_bike-v7-special-2025-26","19":"rizoma_bike-v7-stone-2012-15","20":"rizoma_bike-v7-stone-2021-24","21":"rizoma_bike-v7-stone-2025-26","22":"rizoma_bike-v7-stone-centenario-2021-22","23":"rizoma_bike-v7-stone-special-edition-2022-25","24":"rizoma_bike-v7-stone-ten-2024-25","25":"product_cat-leviers-de-frein-embrayage","27":"first","28":"instock","29":"sale","30":"taxable","31":"shipping-taxable","32":"purchasable","33":"product-type-variable"},"acf":[],"_links":{"self":[{"href":"https:\/\/www.rizoma.com\/fr\/wp-json\/wp\/v2\/product\/318015","targetHints":{"allow":["GET"]}}],"collection":[{"href":"https:\/\/www.rizoma.com\/fr\/wp-json\/wp\/v2\/product"}],"about":[{"href":"https:\/\/www.rizoma.com\/fr\/wp-json\/wp\/v2\/types\/product"}],"wp:featuredmedia":[{"embeddable":true,"href":"https:\/\/www.rizoma.com\/fr\/wp-json\/wp\/v2\/media\/294347"}],"wp:attachment":[{"href":"https:\/\/www.rizoma.com\/fr\/wp-json\/wp\/v2\/media?parent=318015"}],"wp:term":[{"taxonomy":"rizoma_assembly_time","embeddable":true,"href":"https:\/\/www.rizoma.com\/fr\/wp-json\/wp\/v2\/rizoma_assembly_time?post=318015"},{"taxonomy":"rizoma_bike","embeddable":true,"href":"https:\/\/www.rizoma.com\/fr\/wp-json\/wp\/v2\/rizoma_bike?post=318015"},{"taxonomy":"rizoma_division","embeddable":true,"href":"https:\/\/www.rizoma.com\/fr\/wp-json\/wp\/v2\/rizoma_division?post=318015"},{"taxonomy":"rizoma_family","embeddable":true,"href":"https:\/\/www.rizoma.com\/fr\/wp-json\/wp\/v2\/rizoma_family?post=318015"},{"taxonomy":"rizoma_model_category","embeddable":true,"href":"https:\/\/www.rizoma.com\/fr\/wp-json\/wp\/v2\/rizoma_model_category?post=318015"},{"taxonomy":"rizoma_product_template","embeddable":true,"href":"https:\/\/www.rizoma.com\/fr\/wp-json\/wp\/v2\/rizoma_product_template?post=318015"},{"taxonomy":"product_brand","embeddable":true,"href":"https:\/\/www.rizoma.com\/fr\/wp-json\/wp\/v2\/product_brand?post=318015"},{"taxonomy":"product_cat","embeddable":true,"href":"https:\/\/www.rizoma.com\/fr\/wp-json\/wp\/v2\/product_cat?post=318015"},{"taxonomy":"product_tag","embeddable":true,"href":"https:\/\/www.rizoma.com\/fr\/wp-json\/wp\/v2\/product_tag?post=318015"}],"curies":[{"name":"wp","href":"https:\/\/api.w.org\/{rel}","templated":true}]}}