{"id":317775,"date":"2024-11-21T17:34:34","date_gmt":"2024-11-21T16:34:34","guid":{"rendered":"https:\/\/rwp.rizoma.com\/negozio\/kit-protections-lateral-pm225\/"},"modified":"2025-01-14T13:03:08","modified_gmt":"2025-01-14T12:03:08","slug":"kit-protections-lateral-pm225","status":"publish","type":"product","link":"https:\/\/www.rizoma.com\/fr\/negozio\/protections-lateral\/PM225\/kit-protections-lateral-pm225\/","title":{"rendered":"Kit protections lat\u00e9ral"},"content":{"rendered":"<p>Les protections de moteur Rizoma sont sp\u00e9cifiquement d\u00e9velopp\u00e9es pour le mod\u00e8le de moto auquel elles sont destin\u00e9es, afin de garantir une compatibilit\u00e9 et une fonctionnalit\u00e9 optimales, ainsi qu\u2019un montage simple et rapide.<br \/>La partie structurelle est taill\u00e9e dans la masse d\u2019aluminium, et le slider est en Delrin\u00ae afin de pouvoir le remplacer facilement en cas de chute.<br \/>Les lignes simples soulignent le soin extr\u00eame apport\u00e9 aux d\u00e9tails des protections qui, au-del\u00e0 de leur utilisation fonctionnelle, deviennent \u00e9galement de v\u00e9ritables objets de design.<\/p>\n","protected":false},"excerpt":{"rendered":"<p>Les protections de moteur Rizoma sont sp\u00e9cifiquement d\u00e9velopp\u00e9es pour le mod\u00e8le de moto auquel elles sont destin\u00e9es, afin de garantir une compatibilit\u00e9 et une fonctionnalit\u00e9 optimales, ainsi qu\u2019un montage simple et rapide.La partie structurelle est taill\u00e9e dans la masse d\u2019aluminium, et le slider est en Delrin\u00ae afin de pouvoir le remplacer facilement en cas de [&hellip;]<\/p>\n","protected":false},"featured_media":308176,"template":"","meta":{"_acf_changed":false},"rizoma_assembly_time":[42789],"rizoma_bike":[42451,42610,42452,42611,42640,44408,44409,44411,44410,44412],"rizoma_division":[42651],"rizoma_family":[],"rizoma_model_category":[],"rizoma_product_template":[],"product_brand":[],"product_cat":[42756],"product_tag":[],"class_list":{"0":"post-317775","1":"product","2":"type-product","3":"status-publish","4":"has-post-thumbnail","6":"rizoma_bike-mt-09-2022-23","7":"rizoma_bike-mt-09-2024-26","8":"rizoma_bike-mt-09-sp-2022-23","9":"rizoma_bike-mt-09-sp-2024-26","10":"rizoma_bike-mt-09-y-amt-2024-26","11":"rizoma_bike-tracer-9-2025-26","12":"rizoma_bike-tracer-9-gt-2025-26","13":"rizoma_bike-tracer-9-gt-y-amt-2025-26","14":"rizoma_bike-tracer-9-gtplus-y-amt-2025","15":"rizoma_bike-tracer-9-y-amt-2025-26","16":"product_cat-protections-lateral","18":"first","19":"instock","20":"taxable","21":"shipping-taxable","22":"purchasable","23":"product-type-variable"},"acf":[],"_links":{"self":[{"href":"https:\/\/www.rizoma.com\/fr\/wp-json\/wp\/v2\/product\/317775","targetHints":{"allow":["GET"]}}],"collection":[{"href":"https:\/\/www.rizoma.com\/fr\/wp-json\/wp\/v2\/product"}],"about":[{"href":"https:\/\/www.rizoma.com\/fr\/wp-json\/wp\/v2\/types\/product"}],"wp:featuredmedia":[{"embeddable":true,"href":"https:\/\/www.rizoma.com\/fr\/wp-json\/wp\/v2\/media\/308176"}],"wp:attachment":[{"href":"https:\/\/www.rizoma.com\/fr\/wp-json\/wp\/v2\/media?parent=317775"}],"wp:term":[{"taxonomy":"rizoma_assembly_time","embeddable":true,"href":"https:\/\/www.rizoma.com\/fr\/wp-json\/wp\/v2\/rizoma_assembly_time?post=317775"},{"taxonomy":"rizoma_bike","embeddable":true,"href":"https:\/\/www.rizoma.com\/fr\/wp-json\/wp\/v2\/rizoma_bike?post=317775"},{"taxonomy":"rizoma_division","embeddable":true,"href":"https:\/\/www.rizoma.com\/fr\/wp-json\/wp\/v2\/rizoma_division?post=317775"},{"taxonomy":"rizoma_family","embeddable":true,"href":"https:\/\/www.rizoma.com\/fr\/wp-json\/wp\/v2\/rizoma_family?post=317775"},{"taxonomy":"rizoma_model_category","embeddable":true,"href":"https:\/\/www.rizoma.com\/fr\/wp-json\/wp\/v2\/rizoma_model_category?post=317775"},{"taxonomy":"rizoma_product_template","embeddable":true,"href":"https:\/\/www.rizoma.com\/fr\/wp-json\/wp\/v2\/rizoma_product_template?post=317775"},{"taxonomy":"product_brand","embeddable":true,"href":"https:\/\/www.rizoma.com\/fr\/wp-json\/wp\/v2\/product_brand?post=317775"},{"taxonomy":"product_cat","embeddable":true,"href":"https:\/\/www.rizoma.com\/fr\/wp-json\/wp\/v2\/product_cat?post=317775"},{"taxonomy":"product_tag","embeddable":true,"href":"https:\/\/www.rizoma.com\/fr\/wp-json\/wp\/v2\/product_tag?post=317775"}],"curies":[{"name":"wp","href":"https:\/\/api.w.org\/{rel}","templated":true}]}}