{"id":317710,"date":"2024-11-21T17:33:05","date_gmt":"2024-11-21T16:33:05","guid":{"rendered":"https:\/\/rwp.rizoma.com\/negozio\/selle-se001\/"},"modified":"2025-05-29T04:10:49","modified_gmt":"2025-05-29T02:10:49","slug":"selle-se001","status":"publish","type":"product","link":"https:\/\/www.rizoma.com\/fr\/negozio\/plus-pour-votre-yamaha\/SE001\/selle-se001\/","title":{"rendered":"Selle"},"content":{"rendered":"<p>La selle Rizoma compl\u00e8te le total look d\u00e9di\u00e9 \u00e0 la Yamaha XSR 900.<br \/>Avec son design, compl\u00e8tement revu par rapport aux lignes originales, elle est l&#8217;incarnation de la monoplace.<br \/>La selle du passager, plus effil\u00e9e, int\u00e8gre formellement la partie arri\u00e8re et rend l&#8217;arri\u00e8re de la moto plus compact et a\u00e9rodynamique.<br \/>La combinaison de deux mat\u00e9riaux allie praticit\u00e9, \u00e9l\u00e9gance et modernit\u00e9 : N\u00e9opr\u00e8ne pour l&#8217;arri\u00e8re et les c\u00f4t\u00e9s, mat\u00e9riau antid\u00e9rapant, avec un l\u00e9ger effet de su\u00e8de hydrofuge, tandis que pour la selle du pilote, un tissu technique textur\u00e9, mati\u00e8re synth\u00e9tique, lisse, avec surface ajour\u00e9e, offre l&#8217;adh\u00e9rence professionnelle appropri\u00e9e, inspir\u00e9e du monde de la course.<br \/>Toute la structure interne de soutien et le cadre sont en r\u00e9sine, tandis que le syst\u00e8me de fixation est en aluminium.<\/p>\n","protected":false},"excerpt":{"rendered":"<p>La selle Rizoma compl\u00e8te le total look d\u00e9di\u00e9 \u00e0 la Yamaha XSR 900.Avec son design, compl\u00e8tement revu par rapport aux lignes originales, elle est l&#8217;incarnation de la monoplace.La selle du passager, plus effil\u00e9e, int\u00e8gre formellement la partie arri\u00e8re et rend l&#8217;arri\u00e8re de la moto plus compact et a\u00e9rodynamique.La combinaison de deux mat\u00e9riaux allie praticit\u00e9, \u00e9l\u00e9gance [&hellip;]<\/p>\n","protected":false},"featured_media":312496,"template":"","meta":{"_acf_changed":false},"rizoma_assembly_time":[42753],"rizoma_bike":[42457],"rizoma_division":[42651],"rizoma_family":[],"rizoma_model_category":[],"rizoma_product_template":[],"product_brand":[],"product_cat":[42797],"product_tag":[],"class_list":{"0":"post-317710","1":"product","2":"type-product","3":"status-publish","4":"has-post-thumbnail","6":"rizoma_bike-xsr-900-2022-24","7":"product_cat-plus-pour-votre-yamaha","9":"first","10":"instock","11":"taxable","12":"shipping-taxable","13":"purchasable","14":"product-type-variable"},"acf":[],"_links":{"self":[{"href":"https:\/\/www.rizoma.com\/fr\/wp-json\/wp\/v2\/product\/317710","targetHints":{"allow":["GET"]}}],"collection":[{"href":"https:\/\/www.rizoma.com\/fr\/wp-json\/wp\/v2\/product"}],"about":[{"href":"https:\/\/www.rizoma.com\/fr\/wp-json\/wp\/v2\/types\/product"}],"wp:featuredmedia":[{"embeddable":true,"href":"https:\/\/www.rizoma.com\/fr\/wp-json\/wp\/v2\/media\/312496"}],"wp:attachment":[{"href":"https:\/\/www.rizoma.com\/fr\/wp-json\/wp\/v2\/media?parent=317710"}],"wp:term":[{"taxonomy":"rizoma_assembly_time","embeddable":true,"href":"https:\/\/www.rizoma.com\/fr\/wp-json\/wp\/v2\/rizoma_assembly_time?post=317710"},{"taxonomy":"rizoma_bike","embeddable":true,"href":"https:\/\/www.rizoma.com\/fr\/wp-json\/wp\/v2\/rizoma_bike?post=317710"},{"taxonomy":"rizoma_division","embeddable":true,"href":"https:\/\/www.rizoma.com\/fr\/wp-json\/wp\/v2\/rizoma_division?post=317710"},{"taxonomy":"rizoma_family","embeddable":true,"href":"https:\/\/www.rizoma.com\/fr\/wp-json\/wp\/v2\/rizoma_family?post=317710"},{"taxonomy":"rizoma_model_category","embeddable":true,"href":"https:\/\/www.rizoma.com\/fr\/wp-json\/wp\/v2\/rizoma_model_category?post=317710"},{"taxonomy":"rizoma_product_template","embeddable":true,"href":"https:\/\/www.rizoma.com\/fr\/wp-json\/wp\/v2\/rizoma_product_template?post=317710"},{"taxonomy":"product_brand","embeddable":true,"href":"https:\/\/www.rizoma.com\/fr\/wp-json\/wp\/v2\/product_brand?post=317710"},{"taxonomy":"product_cat","embeddable":true,"href":"https:\/\/www.rizoma.com\/fr\/wp-json\/wp\/v2\/product_cat?post=317710"},{"taxonomy":"product_tag","embeddable":true,"href":"https:\/\/www.rizoma.com\/fr\/wp-json\/wp\/v2\/product_tag?post=317710"}],"curies":[{"name":"wp","href":"https:\/\/api.w.org\/{rel}","templated":true}]}}