{"id":317690,"date":"2024-11-21T17:32:38","date_gmt":"2024-11-21T16:32:38","guid":{"rendered":"https:\/\/rwp.rizoma.com\/negozio\/kit-des-clignotants-arriere-rizoma-light-unit-fr447\/"},"modified":"2025-05-16T15:51:48","modified_gmt":"2025-05-16T13:51:48","slug":"kit-des-clignotants-arriere-rizoma-light-unit-fr447","status":"publish","type":"product","link":"https:\/\/www.rizoma.com\/fr\/negozio\/clignotants\/FR447\/kit-des-clignotants-arriere-rizoma-light-unit-fr447\/","title":{"rendered":"Kit des clignotants arri\u00e8re Rizoma Light Unit"},"content":{"rendered":"<p>Le design innovant de Light Unit est r\u00e9interpr\u00e9t\u00e9 pour s&#8217;int\u00e9grer parfaitement aux lignes de la Diavle V4. Le kit est plug&#038;play, con\u00e7u et fourni avec tout ce qui est n\u00e9cessaire pour personnaliser l&#8217;arri\u00e8re de la Ducati. Le kit FR447A est uniquement compatible avec les clignotants Rizoma Light Unit en combinaison avec le Kit Support d\u2019immatriculation Rizoma PTL524B ou le support d\u2019immatriculation OEM et obturateurs clignotants d\u2019origine FR323B.<\/p>\n","protected":false},"excerpt":{"rendered":"<p>Le design innovant de Light Unit est r\u00e9interpr\u00e9t\u00e9 pour s&#8217;int\u00e9grer parfaitement aux lignes de la Diavle V4. Le kit est plug&#038;play, con\u00e7u et fourni avec tout ce qui est n\u00e9cessaire pour personnaliser l&#8217;arri\u00e8re de la Ducati. Le kit FR447A est uniquement compatible avec les clignotants Rizoma Light Unit en combinaison avec le Kit Support d\u2019immatriculation [&hellip;]<\/p>\n","protected":false},"featured_media":307711,"template":"","meta":{"_acf_changed":false},"rizoma_assembly_time":[42675],"rizoma_bike":[42625,42517,44018],"rizoma_division":[42651],"rizoma_family":[42832],"rizoma_model_category":[],"rizoma_product_template":[],"product_brand":[],"product_cat":[42714],"product_tag":[],"class_list":{"0":"post-317690","1":"product","2":"type-product","3":"status-publish","4":"has-post-thumbnail","6":"rizoma_bike-diavel-for-bentley-2024","7":"rizoma_bike-diavel-v4-2023-26","8":"rizoma_bike-diavel-v4-rs-2026","9":"product_cat-clignotants","11":"first","12":"instock","13":"taxable","14":"shipping-taxable","15":"purchasable","16":"product-type-variable"},"acf":[],"_links":{"self":[{"href":"https:\/\/www.rizoma.com\/fr\/wp-json\/wp\/v2\/product\/317690","targetHints":{"allow":["GET"]}}],"collection":[{"href":"https:\/\/www.rizoma.com\/fr\/wp-json\/wp\/v2\/product"}],"about":[{"href":"https:\/\/www.rizoma.com\/fr\/wp-json\/wp\/v2\/types\/product"}],"wp:featuredmedia":[{"embeddable":true,"href":"https:\/\/www.rizoma.com\/fr\/wp-json\/wp\/v2\/media\/307711"}],"wp:attachment":[{"href":"https:\/\/www.rizoma.com\/fr\/wp-json\/wp\/v2\/media?parent=317690"}],"wp:term":[{"taxonomy":"rizoma_assembly_time","embeddable":true,"href":"https:\/\/www.rizoma.com\/fr\/wp-json\/wp\/v2\/rizoma_assembly_time?post=317690"},{"taxonomy":"rizoma_bike","embeddable":true,"href":"https:\/\/www.rizoma.com\/fr\/wp-json\/wp\/v2\/rizoma_bike?post=317690"},{"taxonomy":"rizoma_division","embeddable":true,"href":"https:\/\/www.rizoma.com\/fr\/wp-json\/wp\/v2\/rizoma_division?post=317690"},{"taxonomy":"rizoma_family","embeddable":true,"href":"https:\/\/www.rizoma.com\/fr\/wp-json\/wp\/v2\/rizoma_family?post=317690"},{"taxonomy":"rizoma_model_category","embeddable":true,"href":"https:\/\/www.rizoma.com\/fr\/wp-json\/wp\/v2\/rizoma_model_category?post=317690"},{"taxonomy":"rizoma_product_template","embeddable":true,"href":"https:\/\/www.rizoma.com\/fr\/wp-json\/wp\/v2\/rizoma_product_template?post=317690"},{"taxonomy":"product_brand","embeddable":true,"href":"https:\/\/www.rizoma.com\/fr\/wp-json\/wp\/v2\/product_brand?post=317690"},{"taxonomy":"product_cat","embeddable":true,"href":"https:\/\/www.rizoma.com\/fr\/wp-json\/wp\/v2\/product_cat?post=317690"},{"taxonomy":"product_tag","embeddable":true,"href":"https:\/\/www.rizoma.com\/fr\/wp-json\/wp\/v2\/product_tag?post=317690"}],"curies":[{"name":"wp","href":"https:\/\/api.w.org\/{rel}","templated":true}]}}