{"id":317665,"date":"2024-11-21T17:32:04","date_gmt":"2024-11-21T16:32:04","guid":{"rendered":"https:\/\/rwp.rizoma.com\/negozio\/cache-carter-zyf064\/"},"modified":"2025-09-24T10:54:08","modified_gmt":"2025-09-24T08:54:08","slug":"cache-carter-zyf064","status":"publish","type":"product","link":"https:\/\/www.rizoma.com\/fr\/negozio\/plus-pour-votre-yamaha\/ZYF064\/cache-carter-zyf064\/","title":{"rendered":"Cache-carter"},"content":{"rendered":"<p>Le cache-carter de Rizoma, enti\u00e8rement taill\u00e9 dans la masse d\u2019aluminium, est parfaitement dans le style de votre T-Max. Mat\u00e9riau de qualit\u00e9 et usinage soign\u00e9 dans les moindres d\u00e9tails. Il est caract\u00e9ris\u00e9 par le graphisme Rizoma typique obtenu gr\u00e2ce \u00e0 un traitement d\u2019anodisation qui garantit un r\u00e9sultat esth\u00e9tique plus durable.<\/p>\n","protected":false},"excerpt":{"rendered":"<p>Le cache-carter de Rizoma, enti\u00e8rement taill\u00e9 dans la masse d\u2019aluminium, est parfaitement dans le style de votre T-Max. Mat\u00e9riau de qualit\u00e9 et usinage soign\u00e9 dans les moindres d\u00e9tails. Il est caract\u00e9ris\u00e9 par le graphisme Rizoma typique obtenu gr\u00e2ce \u00e0 un traitement d\u2019anodisation qui garantit un r\u00e9sultat esth\u00e9tique plus durable.<\/p>\n","protected":false},"featured_media":303931,"template":"","meta":{"_acf_changed":false},"rizoma_assembly_time":[42664],"rizoma_bike":[42225,42447,43421,44422,42226,42378,42448,43422],"rizoma_division":[42651],"rizoma_family":[],"rizoma_model_category":[],"rizoma_product_template":[],"product_brand":[],"product_cat":[42797],"product_tag":[],"class_list":{"0":"post-317665","1":"product","2":"type-product","3":"status-publish","4":"has-post-thumbnail","6":"rizoma_bike-t-max-560-2020-21","7":"rizoma_bike-t-max-560-2022-24","8":"rizoma_bike-t-max-560-2025-26","9":"rizoma_bike-t-max-560-25th-anniversary-2026","10":"rizoma_bike-t-max-560-tech-max-2020","11":"rizoma_bike-t-max-560-tech-max-2021","12":"rizoma_bike-t-max-560-tech-max-2022-24","13":"rizoma_bike-t-max-560-tech-max-2025-26","14":"product_cat-plus-pour-votre-yamaha","16":"first","17":"instock","18":"taxable","19":"shipping-taxable","20":"purchasable","21":"product-type-variable"},"acf":[],"_links":{"self":[{"href":"https:\/\/www.rizoma.com\/fr\/wp-json\/wp\/v2\/product\/317665","targetHints":{"allow":["GET"]}}],"collection":[{"href":"https:\/\/www.rizoma.com\/fr\/wp-json\/wp\/v2\/product"}],"about":[{"href":"https:\/\/www.rizoma.com\/fr\/wp-json\/wp\/v2\/types\/product"}],"wp:featuredmedia":[{"embeddable":true,"href":"https:\/\/www.rizoma.com\/fr\/wp-json\/wp\/v2\/media\/303931"}],"wp:attachment":[{"href":"https:\/\/www.rizoma.com\/fr\/wp-json\/wp\/v2\/media?parent=317665"}],"wp:term":[{"taxonomy":"rizoma_assembly_time","embeddable":true,"href":"https:\/\/www.rizoma.com\/fr\/wp-json\/wp\/v2\/rizoma_assembly_time?post=317665"},{"taxonomy":"rizoma_bike","embeddable":true,"href":"https:\/\/www.rizoma.com\/fr\/wp-json\/wp\/v2\/rizoma_bike?post=317665"},{"taxonomy":"rizoma_division","embeddable":true,"href":"https:\/\/www.rizoma.com\/fr\/wp-json\/wp\/v2\/rizoma_division?post=317665"},{"taxonomy":"rizoma_family","embeddable":true,"href":"https:\/\/www.rizoma.com\/fr\/wp-json\/wp\/v2\/rizoma_family?post=317665"},{"taxonomy":"rizoma_model_category","embeddable":true,"href":"https:\/\/www.rizoma.com\/fr\/wp-json\/wp\/v2\/rizoma_model_category?post=317665"},{"taxonomy":"rizoma_product_template","embeddable":true,"href":"https:\/\/www.rizoma.com\/fr\/wp-json\/wp\/v2\/rizoma_product_template?post=317665"},{"taxonomy":"product_brand","embeddable":true,"href":"https:\/\/www.rizoma.com\/fr\/wp-json\/wp\/v2\/product_brand?post=317665"},{"taxonomy":"product_cat","embeddable":true,"href":"https:\/\/www.rizoma.com\/fr\/wp-json\/wp\/v2\/product_cat?post=317665"},{"taxonomy":"product_tag","embeddable":true,"href":"https:\/\/www.rizoma.com\/fr\/wp-json\/wp\/v2\/product_tag?post=317665"}],"curies":[{"name":"wp","href":"https:\/\/api.w.org\/{rel}","templated":true}]}}