{"id":317645,"date":"2024-11-21T17:31:38","date_gmt":"2024-11-21T16:31:38","guid":{"rendered":"https:\/\/rwp.rizoma.com\/negozio\/frein-de-parking-zyf060\/"},"modified":"2025-04-30T17:47:33","modified_gmt":"2025-04-30T15:47:33","slug":"frein-de-parking-zyf060","status":"publish","type":"product","link":"https:\/\/www.rizoma.com\/fr\/negozio\/plus-pour-votre-yamaha\/ZYF060\/frein-de-parking-zyf060\/","title":{"rendered":"Frein de Parking"},"content":{"rendered":"<p>Le frein de parking de Rizoma est enti\u00e8rement taill\u00e9 dans la masse d\u2019aluminium gr\u00e2ce \u00e0 un usinage 3D, puis soumis \u00e0 un traitement d\u2019anodisation qui garantit une couleur lumineuse et un r\u00e9sultat esth\u00e9tique plus durable.<\/p>\n","protected":false},"excerpt":{"rendered":"<p>Le frein de parking de Rizoma est enti\u00e8rement taill\u00e9 dans la masse d\u2019aluminium gr\u00e2ce \u00e0 un usinage 3D, puis soumis \u00e0 un traitement d\u2019anodisation qui garantit une couleur lumineuse et un r\u00e9sultat esth\u00e9tique plus durable.<\/p>\n","protected":false},"featured_media":304136,"template":"","meta":{"_acf_changed":false},"rizoma_assembly_time":[42675],"rizoma_bike":[42023,42024,42025,42120,42225,42447,43421,44422,42226,42378,42448,43422],"rizoma_division":[42651],"rizoma_family":[],"rizoma_model_category":[],"rizoma_product_template":[],"product_brand":[],"product_cat":[42797],"product_tag":[],"class_list":{"0":"post-317645","1":"product","2":"type-product","3":"status-publish","4":"has-post-thumbnail","6":"rizoma_bike-t-max-530-2017-19","7":"rizoma_bike-t-max-530-dx-2017-19","8":"rizoma_bike-t-max-530-sx-2017-19","9":"rizoma_bike-t-max-530-sx-sport-edition-2018-19","10":"rizoma_bike-t-max-560-2020-21","11":"rizoma_bike-t-max-560-2022-24","12":"rizoma_bike-t-max-560-2025-26","13":"rizoma_bike-t-max-560-25th-anniversary-2026","14":"rizoma_bike-t-max-560-tech-max-2020","15":"rizoma_bike-t-max-560-tech-max-2021","16":"rizoma_bike-t-max-560-tech-max-2022-24","17":"rizoma_bike-t-max-560-tech-max-2025-26","18":"product_cat-plus-pour-votre-yamaha","20":"first","21":"instock","22":"taxable","23":"shipping-taxable","24":"purchasable","25":"product-type-variable"},"acf":[],"_links":{"self":[{"href":"https:\/\/www.rizoma.com\/fr\/wp-json\/wp\/v2\/product\/317645","targetHints":{"allow":["GET"]}}],"collection":[{"href":"https:\/\/www.rizoma.com\/fr\/wp-json\/wp\/v2\/product"}],"about":[{"href":"https:\/\/www.rizoma.com\/fr\/wp-json\/wp\/v2\/types\/product"}],"wp:featuredmedia":[{"embeddable":true,"href":"https:\/\/www.rizoma.com\/fr\/wp-json\/wp\/v2\/media\/304136"}],"wp:attachment":[{"href":"https:\/\/www.rizoma.com\/fr\/wp-json\/wp\/v2\/media?parent=317645"}],"wp:term":[{"taxonomy":"rizoma_assembly_time","embeddable":true,"href":"https:\/\/www.rizoma.com\/fr\/wp-json\/wp\/v2\/rizoma_assembly_time?post=317645"},{"taxonomy":"rizoma_bike","embeddable":true,"href":"https:\/\/www.rizoma.com\/fr\/wp-json\/wp\/v2\/rizoma_bike?post=317645"},{"taxonomy":"rizoma_division","embeddable":true,"href":"https:\/\/www.rizoma.com\/fr\/wp-json\/wp\/v2\/rizoma_division?post=317645"},{"taxonomy":"rizoma_family","embeddable":true,"href":"https:\/\/www.rizoma.com\/fr\/wp-json\/wp\/v2\/rizoma_family?post=317645"},{"taxonomy":"rizoma_model_category","embeddable":true,"href":"https:\/\/www.rizoma.com\/fr\/wp-json\/wp\/v2\/rizoma_model_category?post=317645"},{"taxonomy":"rizoma_product_template","embeddable":true,"href":"https:\/\/www.rizoma.com\/fr\/wp-json\/wp\/v2\/rizoma_product_template?post=317645"},{"taxonomy":"product_brand","embeddable":true,"href":"https:\/\/www.rizoma.com\/fr\/wp-json\/wp\/v2\/product_brand?post=317645"},{"taxonomy":"product_cat","embeddable":true,"href":"https:\/\/www.rizoma.com\/fr\/wp-json\/wp\/v2\/product_cat?post=317645"},{"taxonomy":"product_tag","embeddable":true,"href":"https:\/\/www.rizoma.com\/fr\/wp-json\/wp\/v2\/product_tag?post=317645"}],"curies":[{"name":"wp","href":"https:\/\/api.w.org\/{rel}","templated":true}]}}