{"id":317635,"date":"2024-11-21T17:31:24","date_gmt":"2024-11-21T16:31:24","guid":{"rendered":"https:\/\/rwp.rizoma.com\/negozio\/cache-radiateur-lateral-zyf055\/"},"modified":"2025-01-14T12:58:18","modified_gmt":"2025-01-14T11:58:18","slug":"cache-radiateur-lateral-zyf055","status":"publish","type":"product","link":"https:\/\/www.rizoma.com\/fr\/negozio\/plus-pour-votre-yamaha\/ZYF055\/cache-radiateur-lateral-zyf055\/motorbike\/8387\/mv-agusta\/brutale-800\/","title":{"rendered":"Cache radiateur lat\u00e9ral"},"content":{"rendered":"<p>Les caches lat\u00e9raux du radiateur Rizoma sont en aluminium et remplacent compl\u00e8tement les capots OEM, laissant ainsi la possibilit\u00e9 de surveiller facilement le niveau de liquide de refroidissement. Un d\u00e9tail suppl\u00e9mentaire qui compl\u00e8te la gamme d\u2019accessoires d\u00e9di\u00e9s au rapide XSR 900.<\/p>\n","protected":false},"excerpt":{"rendered":"<p>Les caches lat\u00e9raux du radiateur Rizoma sont en aluminium et remplacent compl\u00e8tement les capots OEM, laissant ainsi la possibilit\u00e9 de surveiller facilement le niveau de liquide de refroidissement. Un d\u00e9tail suppl\u00e9mentaire qui compl\u00e8te la gamme d\u2019accessoires d\u00e9di\u00e9s au rapide XSR 900.<\/p>\n","protected":false},"featured_media":310531,"template":"","meta":{"_acf_changed":false},"rizoma_assembly_time":[42675],"rizoma_bike":[42457],"rizoma_division":[42651],"rizoma_family":[],"rizoma_model_category":[],"rizoma_product_template":[],"product_brand":[],"product_cat":[42797],"product_tag":[],"class_list":{"0":"post-317635","1":"product","2":"type-product","3":"status-publish","4":"has-post-thumbnail","6":"rizoma_bike-xsr-900-2022-24","7":"product_cat-plus-pour-votre-yamaha","9":"first","10":"instock","11":"taxable","12":"shipping-taxable","13":"purchasable","14":"product-type-variable"},"acf":[],"_links":{"self":[{"href":"https:\/\/www.rizoma.com\/fr\/wp-json\/wp\/v2\/product\/317635","targetHints":{"allow":["GET"]}}],"collection":[{"href":"https:\/\/www.rizoma.com\/fr\/wp-json\/wp\/v2\/product"}],"about":[{"href":"https:\/\/www.rizoma.com\/fr\/wp-json\/wp\/v2\/types\/product"}],"wp:featuredmedia":[{"embeddable":true,"href":"https:\/\/www.rizoma.com\/fr\/wp-json\/wp\/v2\/media\/310531"}],"wp:attachment":[{"href":"https:\/\/www.rizoma.com\/fr\/wp-json\/wp\/v2\/media?parent=317635"}],"wp:term":[{"taxonomy":"rizoma_assembly_time","embeddable":true,"href":"https:\/\/www.rizoma.com\/fr\/wp-json\/wp\/v2\/rizoma_assembly_time?post=317635"},{"taxonomy":"rizoma_bike","embeddable":true,"href":"https:\/\/www.rizoma.com\/fr\/wp-json\/wp\/v2\/rizoma_bike?post=317635"},{"taxonomy":"rizoma_division","embeddable":true,"href":"https:\/\/www.rizoma.com\/fr\/wp-json\/wp\/v2\/rizoma_division?post=317635"},{"taxonomy":"rizoma_family","embeddable":true,"href":"https:\/\/www.rizoma.com\/fr\/wp-json\/wp\/v2\/rizoma_family?post=317635"},{"taxonomy":"rizoma_model_category","embeddable":true,"href":"https:\/\/www.rizoma.com\/fr\/wp-json\/wp\/v2\/rizoma_model_category?post=317635"},{"taxonomy":"rizoma_product_template","embeddable":true,"href":"https:\/\/www.rizoma.com\/fr\/wp-json\/wp\/v2\/rizoma_product_template?post=317635"},{"taxonomy":"product_brand","embeddable":true,"href":"https:\/\/www.rizoma.com\/fr\/wp-json\/wp\/v2\/product_brand?post=317635"},{"taxonomy":"product_cat","embeddable":true,"href":"https:\/\/www.rizoma.com\/fr\/wp-json\/wp\/v2\/product_cat?post=317635"},{"taxonomy":"product_tag","embeddable":true,"href":"https:\/\/www.rizoma.com\/fr\/wp-json\/wp\/v2\/product_tag?post=317635"}],"curies":[{"name":"wp","href":"https:\/\/api.w.org\/{rel}","templated":true}]}}