{"id":317590,"date":"2024-11-21T17:30:23","date_gmt":"2024-11-21T16:30:23","guid":{"rendered":"https:\/\/rwp.rizoma.com\/negozio\/saute-vent-avec-kit-de-montage-zth064\/"},"modified":"2025-07-19T09:01:52","modified_gmt":"2025-07-19T07:01:52","slug":"saute-vent-avec-kit-de-montage-zth064","status":"publish","type":"product","link":"https:\/\/www.rizoma.com\/fr\/negozio\/saute-vents\/ZTH064\/saute-vent-avec-kit-de-montage-zth064\/","title":{"rendered":"Saute-vent avec Kit de montage"},"content":{"rendered":"<p>Design innovant et mat\u00e9riaux de qualit\u00e9. Le car\u00e9nage avant Rizoma est fabriqu\u00e9 en polycarbonate, un mat\u00e9riau l\u00e9ger et r\u00e9sistant, en accord avec le style dynamique de cette moto. Il est fourni avec un kit de montage.<\/p>\n","protected":false},"excerpt":{"rendered":"<p>Design innovant et mat\u00e9riaux de qualit\u00e9. Le car\u00e9nage avant Rizoma est fabriqu\u00e9 en polycarbonate, un mat\u00e9riau l\u00e9ger et r\u00e9sistant, en accord avec le style dynamique de cette moto. Il est fourni avec un kit de montage.<\/p>\n","protected":false},"featured_media":308961,"template":"","meta":{"_acf_changed":false},"rizoma_assembly_time":[42742],"rizoma_bike":[42365,44372,44376],"rizoma_division":[42651],"rizoma_family":[],"rizoma_model_category":[],"rizoma_product_template":[],"product_brand":[],"product_cat":[42827],"product_tag":[],"class_list":{"0":"post-317590","1":"product","2":"type-product","3":"status-publish","4":"has-post-thumbnail","6":"rizoma_bike-speed-triple-1200-rs-2021-24","7":"rizoma_bike-speed-triple-1200-rs-2025-26","8":"rizoma_bike-speed-triple-1200-rx-2025-26","9":"product_cat-saute-vents","11":"first","12":"instock","13":"taxable","14":"shipping-taxable","15":"purchasable","16":"product-type-variable"},"acf":[],"_links":{"self":[{"href":"https:\/\/www.rizoma.com\/fr\/wp-json\/wp\/v2\/product\/317590","targetHints":{"allow":["GET"]}}],"collection":[{"href":"https:\/\/www.rizoma.com\/fr\/wp-json\/wp\/v2\/product"}],"about":[{"href":"https:\/\/www.rizoma.com\/fr\/wp-json\/wp\/v2\/types\/product"}],"wp:featuredmedia":[{"embeddable":true,"href":"https:\/\/www.rizoma.com\/fr\/wp-json\/wp\/v2\/media\/308961"}],"wp:attachment":[{"href":"https:\/\/www.rizoma.com\/fr\/wp-json\/wp\/v2\/media?parent=317590"}],"wp:term":[{"taxonomy":"rizoma_assembly_time","embeddable":true,"href":"https:\/\/www.rizoma.com\/fr\/wp-json\/wp\/v2\/rizoma_assembly_time?post=317590"},{"taxonomy":"rizoma_bike","embeddable":true,"href":"https:\/\/www.rizoma.com\/fr\/wp-json\/wp\/v2\/rizoma_bike?post=317590"},{"taxonomy":"rizoma_division","embeddable":true,"href":"https:\/\/www.rizoma.com\/fr\/wp-json\/wp\/v2\/rizoma_division?post=317590"},{"taxonomy":"rizoma_family","embeddable":true,"href":"https:\/\/www.rizoma.com\/fr\/wp-json\/wp\/v2\/rizoma_family?post=317590"},{"taxonomy":"rizoma_model_category","embeddable":true,"href":"https:\/\/www.rizoma.com\/fr\/wp-json\/wp\/v2\/rizoma_model_category?post=317590"},{"taxonomy":"rizoma_product_template","embeddable":true,"href":"https:\/\/www.rizoma.com\/fr\/wp-json\/wp\/v2\/rizoma_product_template?post=317590"},{"taxonomy":"product_brand","embeddable":true,"href":"https:\/\/www.rizoma.com\/fr\/wp-json\/wp\/v2\/product_brand?post=317590"},{"taxonomy":"product_cat","embeddable":true,"href":"https:\/\/www.rizoma.com\/fr\/wp-json\/wp\/v2\/product_cat?post=317590"},{"taxonomy":"product_tag","embeddable":true,"href":"https:\/\/www.rizoma.com\/fr\/wp-json\/wp\/v2\/product_tag?post=317590"}],"curies":[{"name":"wp","href":"https:\/\/api.w.org\/{rel}","templated":true}]}}