{"id":317555,"date":"2024-11-21T17:29:35","date_gmt":"2024-11-21T16:29:35","guid":{"rendered":"https:\/\/rwp.rizoma.com\/negozio\/embouts-pour-guidon-oem-ma542\/"},"modified":"2025-06-25T16:51:23","modified_gmt":"2025-06-25T14:51:23","slug":"embouts-pour-guidon-oem-ma542","status":"publish","type":"product","link":"https:\/\/www.rizoma.com\/fr\/negozio\/kit-pour-guidons\/MA542\/embouts-pour-guidon-oem-ma542\/motorbike\/9948\/triumph\/thruxton-1200\/","title":{"rendered":"Embouts pour guidon OEM"},"content":{"rendered":"<p>Ces composants simples mais \u00e0 l\u2019impact esth\u00e9tique essentiel, et les embouts de guidon, r\u00e9alis\u00e9s en aluminium anodis\u00e9, se distinguent par leur design et leurs couleurs. Rizoma assure un style unique et fait de chaque d\u00e9tail un atout.<\/p>\n","protected":false},"excerpt":{"rendered":"<p>Ces composants simples mais \u00e0 l\u2019impact esth\u00e9tique essentiel, et les embouts de guidon, r\u00e9alis\u00e9s en aluminium anodis\u00e9, se distinguent par leur design et leurs couleurs. Rizoma assure un style unique et fait de chaque d\u00e9tail un atout.<\/p>\n","protected":false},"featured_media":313629,"template":"","meta":{"_acf_changed":false},"rizoma_assembly_time":[42664],"rizoma_bike":[42534,43697],"rizoma_division":[42651],"rizoma_family":[42734],"rizoma_model_category":[],"rizoma_product_template":[],"product_brand":[],"product_cat":[42661],"product_tag":[],"class_list":{"0":"post-317555","1":"product","2":"type-product","3":"status-publish","4":"has-post-thumbnail","6":"rizoma_bike-cb-750-hornet-2023-24","7":"rizoma_bike-cb-750-hornet-2025","8":"product_cat-kit-pour-guidons","10":"first","11":"instock","12":"sale","13":"taxable","14":"shipping-taxable","15":"purchasable","16":"product-type-variable"},"acf":[],"_links":{"self":[{"href":"https:\/\/www.rizoma.com\/fr\/wp-json\/wp\/v2\/product\/317555","targetHints":{"allow":["GET"]}}],"collection":[{"href":"https:\/\/www.rizoma.com\/fr\/wp-json\/wp\/v2\/product"}],"about":[{"href":"https:\/\/www.rizoma.com\/fr\/wp-json\/wp\/v2\/types\/product"}],"wp:featuredmedia":[{"embeddable":true,"href":"https:\/\/www.rizoma.com\/fr\/wp-json\/wp\/v2\/media\/313629"}],"wp:attachment":[{"href":"https:\/\/www.rizoma.com\/fr\/wp-json\/wp\/v2\/media?parent=317555"}],"wp:term":[{"taxonomy":"rizoma_assembly_time","embeddable":true,"href":"https:\/\/www.rizoma.com\/fr\/wp-json\/wp\/v2\/rizoma_assembly_time?post=317555"},{"taxonomy":"rizoma_bike","embeddable":true,"href":"https:\/\/www.rizoma.com\/fr\/wp-json\/wp\/v2\/rizoma_bike?post=317555"},{"taxonomy":"rizoma_division","embeddable":true,"href":"https:\/\/www.rizoma.com\/fr\/wp-json\/wp\/v2\/rizoma_division?post=317555"},{"taxonomy":"rizoma_family","embeddable":true,"href":"https:\/\/www.rizoma.com\/fr\/wp-json\/wp\/v2\/rizoma_family?post=317555"},{"taxonomy":"rizoma_model_category","embeddable":true,"href":"https:\/\/www.rizoma.com\/fr\/wp-json\/wp\/v2\/rizoma_model_category?post=317555"},{"taxonomy":"rizoma_product_template","embeddable":true,"href":"https:\/\/www.rizoma.com\/fr\/wp-json\/wp\/v2\/rizoma_product_template?post=317555"},{"taxonomy":"product_brand","embeddable":true,"href":"https:\/\/www.rizoma.com\/fr\/wp-json\/wp\/v2\/product_brand?post=317555"},{"taxonomy":"product_cat","embeddable":true,"href":"https:\/\/www.rizoma.com\/fr\/wp-json\/wp\/v2\/product_cat?post=317555"},{"taxonomy":"product_tag","embeddable":true,"href":"https:\/\/www.rizoma.com\/fr\/wp-json\/wp\/v2\/product_tag?post=317555"}],"curies":[{"name":"wp","href":"https:\/\/api.w.org\/{rel}","templated":true}]}}