{"id":317455,"date":"2024-11-21T17:27:20","date_gmt":"2024-11-21T16:27:20","guid":{"rendered":"https:\/\/rwp.rizoma.com\/negozio\/kit-de-montage-retroviseur-direct-mount-bs826\/"},"modified":"2025-01-14T12:50:19","modified_gmt":"2025-01-14T11:50:19","slug":"kit-de-montage-retroviseur-direct-mount-bs826","status":"publish","type":"product","link":"https:\/\/www.rizoma.com\/fr\/negozio\/retroviseurs\/BS826\/kit-de-montage-retroviseur-direct-mount-bs826\/","title":{"rendered":"Kit de montage r\u00e9troviseur Direct Mount"},"content":{"rendered":"<p>Chaque adaptateur de r\u00e9troviseur est r\u00e9alis\u00e9 sp\u00e9cifiquement pour le mod\u00e8le de moto correspondant, afin de garantir une fixation optimale sur le guidon. L\u2019adaptateur en acier usin\u00e9, dont le design garantit la continuit\u00e9 avec celui des r\u00e9troviseurs, allie la fonctionnalit\u00e9 au confort sans n\u00e9gliger les caract\u00e9ristiques esth\u00e9tiques.<\/p>\n","protected":false},"excerpt":{"rendered":"<p>Chaque adaptateur de r\u00e9troviseur est r\u00e9alis\u00e9 sp\u00e9cifiquement pour le mod\u00e8le de moto correspondant, afin de garantir une fixation optimale sur le guidon. L\u2019adaptateur en acier usin\u00e9, dont le design garantit la continuit\u00e9 avec celui des r\u00e9troviseurs, allie la fonctionnalit\u00e9 au confort sans n\u00e9gliger les caract\u00e9ristiques esth\u00e9tiques.<\/p>\n","protected":false},"featured_media":309976,"template":"","meta":{"_acf_changed":false},"rizoma_assembly_time":[42664],"rizoma_bike":[42556,43430,43427,43744,43429,42559],"rizoma_division":[42651],"rizoma_family":[42667],"rizoma_model_category":[],"rizoma_product_template":[],"product_brand":[],"product_cat":[43939],"product_tag":[],"class_list":{"0":"post-317455","1":"product","2":"type-product","3":"status-publish","4":"has-post-thumbnail","6":"rizoma_bike-gts-2023-2025","7":"rizoma_bike-gts-310-2025","8":"rizoma_bike-gts-310-super-2025","9":"rizoma_bike-gts-310-super-tech-2025","10":"rizoma_bike-gts-310-supersport-2025","11":"rizoma_bike-gts-super-2023-2025","12":"product_cat-retroviseurs","14":"first","15":"instock","16":"taxable","17":"shipping-taxable","18":"purchasable","19":"product-type-variable"},"acf":[],"_links":{"self":[{"href":"https:\/\/www.rizoma.com\/fr\/wp-json\/wp\/v2\/product\/317455","targetHints":{"allow":["GET"]}}],"collection":[{"href":"https:\/\/www.rizoma.com\/fr\/wp-json\/wp\/v2\/product"}],"about":[{"href":"https:\/\/www.rizoma.com\/fr\/wp-json\/wp\/v2\/types\/product"}],"wp:featuredmedia":[{"embeddable":true,"href":"https:\/\/www.rizoma.com\/fr\/wp-json\/wp\/v2\/media\/309976"}],"wp:attachment":[{"href":"https:\/\/www.rizoma.com\/fr\/wp-json\/wp\/v2\/media?parent=317455"}],"wp:term":[{"taxonomy":"rizoma_assembly_time","embeddable":true,"href":"https:\/\/www.rizoma.com\/fr\/wp-json\/wp\/v2\/rizoma_assembly_time?post=317455"},{"taxonomy":"rizoma_bike","embeddable":true,"href":"https:\/\/www.rizoma.com\/fr\/wp-json\/wp\/v2\/rizoma_bike?post=317455"},{"taxonomy":"rizoma_division","embeddable":true,"href":"https:\/\/www.rizoma.com\/fr\/wp-json\/wp\/v2\/rizoma_division?post=317455"},{"taxonomy":"rizoma_family","embeddable":true,"href":"https:\/\/www.rizoma.com\/fr\/wp-json\/wp\/v2\/rizoma_family?post=317455"},{"taxonomy":"rizoma_model_category","embeddable":true,"href":"https:\/\/www.rizoma.com\/fr\/wp-json\/wp\/v2\/rizoma_model_category?post=317455"},{"taxonomy":"rizoma_product_template","embeddable":true,"href":"https:\/\/www.rizoma.com\/fr\/wp-json\/wp\/v2\/rizoma_product_template?post=317455"},{"taxonomy":"product_brand","embeddable":true,"href":"https:\/\/www.rizoma.com\/fr\/wp-json\/wp\/v2\/product_brand?post=317455"},{"taxonomy":"product_cat","embeddable":true,"href":"https:\/\/www.rizoma.com\/fr\/wp-json\/wp\/v2\/product_cat?post=317455"},{"taxonomy":"product_tag","embeddable":true,"href":"https:\/\/www.rizoma.com\/fr\/wp-json\/wp\/v2\/product_tag?post=317455"}],"curies":[{"name":"wp","href":"https:\/\/api.w.org\/{rel}","templated":true}]}}