{"id":317405,"date":"2024-11-21T17:26:14","date_gmt":"2024-11-21T16:26:14","guid":{"rendered":"https:\/\/rwp.rizoma.com\/negozio\/couvercle-de-corne-zvp039\/"},"modified":"2025-01-14T12:48:43","modified_gmt":"2025-01-14T11:48:43","slug":"couvercle-de-corne-zvp039","status":"publish","type":"product","link":"https:\/\/www.rizoma.com\/fr\/negozio\/plus-pour-votre-vespa\/ZVP039\/couvercle-de-corne-zvp039\/","title":{"rendered":"Couvercle de corne"},"content":{"rendered":"<p>Le couvercle du klaxon Rizoma est fabriqu\u00e9 \u00e0 partir d&#8217;un bloc d&#8217;aluminium, avec un usinage longitudinal et un usinage contrast\u00e9.<br \/>En plus d&#8217;une esth\u00e9tique raffin\u00e9e, la fente centrale permet de maintenir un son propre et clair.<br \/>Il se fixe directement sur la fa\u00e7ade d&#8217;origine \u00e0 l&#8217;aide d&#8217;un support et est disponible en argent et en noir.<\/p>\n","protected":false},"excerpt":{"rendered":"<p>Le couvercle du klaxon Rizoma est fabriqu\u00e9 \u00e0 partir d&#8217;un bloc d&#8217;aluminium, avec un usinage longitudinal et un usinage contrast\u00e9.En plus d&#8217;une esth\u00e9tique raffin\u00e9e, la fente centrale permet de maintenir un son propre et clair.Il se fixe directement sur la fa\u00e7ade d&#8217;origine \u00e0 l&#8217;aide d&#8217;un support et est disponible en argent et en noir.<\/p>\n","protected":false},"featured_media":313489,"template":"","meta":{"_acf_changed":false},"rizoma_assembly_time":[42664],"rizoma_bike":[42569,42563,43435,42565,43436],"rizoma_division":[42651],"rizoma_family":[],"rizoma_model_category":[],"rizoma_product_template":[],"product_brand":[],"product_cat":[42945],"product_tag":[],"class_list":{"0":"post-317405","1":"product","2":"type-product","3":"status-publish","4":"has-post-thumbnail","6":"rizoma_bike-elettrica-2018-2022","7":"rizoma_bike-primavera-2018-2022","8":"rizoma_bike-primavera-2023","9":"rizoma_bike-sprint-2018-2022","10":"rizoma_bike-sprint-2023","11":"product_cat-plus-pour-votre-vespa","13":"first","14":"instock","15":"sale","16":"taxable","17":"shipping-taxable","18":"purchasable","19":"product-type-variable"},"acf":[],"_links":{"self":[{"href":"https:\/\/www.rizoma.com\/fr\/wp-json\/wp\/v2\/product\/317405","targetHints":{"allow":["GET"]}}],"collection":[{"href":"https:\/\/www.rizoma.com\/fr\/wp-json\/wp\/v2\/product"}],"about":[{"href":"https:\/\/www.rizoma.com\/fr\/wp-json\/wp\/v2\/types\/product"}],"wp:featuredmedia":[{"embeddable":true,"href":"https:\/\/www.rizoma.com\/fr\/wp-json\/wp\/v2\/media\/313489"}],"wp:attachment":[{"href":"https:\/\/www.rizoma.com\/fr\/wp-json\/wp\/v2\/media?parent=317405"}],"wp:term":[{"taxonomy":"rizoma_assembly_time","embeddable":true,"href":"https:\/\/www.rizoma.com\/fr\/wp-json\/wp\/v2\/rizoma_assembly_time?post=317405"},{"taxonomy":"rizoma_bike","embeddable":true,"href":"https:\/\/www.rizoma.com\/fr\/wp-json\/wp\/v2\/rizoma_bike?post=317405"},{"taxonomy":"rizoma_division","embeddable":true,"href":"https:\/\/www.rizoma.com\/fr\/wp-json\/wp\/v2\/rizoma_division?post=317405"},{"taxonomy":"rizoma_family","embeddable":true,"href":"https:\/\/www.rizoma.com\/fr\/wp-json\/wp\/v2\/rizoma_family?post=317405"},{"taxonomy":"rizoma_model_category","embeddable":true,"href":"https:\/\/www.rizoma.com\/fr\/wp-json\/wp\/v2\/rizoma_model_category?post=317405"},{"taxonomy":"rizoma_product_template","embeddable":true,"href":"https:\/\/www.rizoma.com\/fr\/wp-json\/wp\/v2\/rizoma_product_template?post=317405"},{"taxonomy":"product_brand","embeddable":true,"href":"https:\/\/www.rizoma.com\/fr\/wp-json\/wp\/v2\/product_brand?post=317405"},{"taxonomy":"product_cat","embeddable":true,"href":"https:\/\/www.rizoma.com\/fr\/wp-json\/wp\/v2\/product_cat?post=317405"},{"taxonomy":"product_tag","embeddable":true,"href":"https:\/\/www.rizoma.com\/fr\/wp-json\/wp\/v2\/product_tag?post=317405"}],"curies":[{"name":"wp","href":"https:\/\/api.w.org\/{rel}","templated":true}]}}