{"id":317395,"date":"2024-11-21T17:25:59","date_gmt":"2024-11-21T16:25:59","guid":{"rendered":"https:\/\/rwp.rizoma.com\/negozio\/grilles-de-ventilation-laterales-zvp027\/"},"modified":"2025-06-11T17:20:55","modified_gmt":"2025-06-11T15:20:55","slug":"grilles-de-ventilation-laterales-zvp027","status":"publish","type":"product","link":"https:\/\/www.rizoma.com\/fr\/negozio\/plus-pour-votre-vespa\/ZVP027\/grilles-de-ventilation-laterales-zvp027\/","title":{"rendered":"Grilles de ventilation lat\u00e9rales"},"content":{"rendered":"<p>Les grilles d&#8217;a\u00e9ration lat\u00e9rales sont enti\u00e8rement fabriqu\u00e9es en aluminium. Elles sont con\u00e7ues avec une attention particuli\u00e8re \u00e0 la dynamique des fluides et sont destin\u00e9es \u00e0 am\u00e9liorer le flux d&#8217;air et la dissipation de la chaleur des radiateurs.<\/p>\n","protected":false},"excerpt":{"rendered":"<p>Les grilles d&#8217;a\u00e9ration lat\u00e9rales sont enti\u00e8rement fabriqu\u00e9es en aluminium. Elles sont con\u00e7ues avec une attention particuli\u00e8re \u00e0 la dynamique des fluides et sont destin\u00e9es \u00e0 am\u00e9liorer le flux d&#8217;air et la dissipation de la chaleur des radiateurs.<\/p>\n","protected":false},"featured_media":304051,"template":"","meta":{"_acf_changed":false},"rizoma_assembly_time":[42675],"rizoma_bike":[42556,43430,43427,43744,43429,42559,42636,44397,44437],"rizoma_division":[42651],"rizoma_family":[],"rizoma_model_category":[],"rizoma_product_template":[],"product_brand":[],"product_cat":[42945],"product_tag":[],"class_list":{"0":"post-317395","1":"product","2":"type-product","3":"status-publish","4":"has-post-thumbnail","6":"rizoma_bike-gts-2023-2025","7":"rizoma_bike-gts-310-2025","8":"rizoma_bike-gts-310-super-2025","9":"rizoma_bike-gts-310-super-tech-2025","10":"rizoma_bike-gts-310-supersport-2025","11":"rizoma_bike-gts-super-2023-2025","12":"rizoma_bike-gtv-2023-2024","13":"rizoma_bike-gtv-310-2025-2026","14":"rizoma_bike-gtv-310-officina-8-2026","15":"product_cat-plus-pour-votre-vespa","17":"first","18":"instock","19":"taxable","20":"shipping-taxable","21":"purchasable","22":"product-type-variable"},"acf":[],"_links":{"self":[{"href":"https:\/\/www.rizoma.com\/fr\/wp-json\/wp\/v2\/product\/317395","targetHints":{"allow":["GET"]}}],"collection":[{"href":"https:\/\/www.rizoma.com\/fr\/wp-json\/wp\/v2\/product"}],"about":[{"href":"https:\/\/www.rizoma.com\/fr\/wp-json\/wp\/v2\/types\/product"}],"wp:featuredmedia":[{"embeddable":true,"href":"https:\/\/www.rizoma.com\/fr\/wp-json\/wp\/v2\/media\/304051"}],"wp:attachment":[{"href":"https:\/\/www.rizoma.com\/fr\/wp-json\/wp\/v2\/media?parent=317395"}],"wp:term":[{"taxonomy":"rizoma_assembly_time","embeddable":true,"href":"https:\/\/www.rizoma.com\/fr\/wp-json\/wp\/v2\/rizoma_assembly_time?post=317395"},{"taxonomy":"rizoma_bike","embeddable":true,"href":"https:\/\/www.rizoma.com\/fr\/wp-json\/wp\/v2\/rizoma_bike?post=317395"},{"taxonomy":"rizoma_division","embeddable":true,"href":"https:\/\/www.rizoma.com\/fr\/wp-json\/wp\/v2\/rizoma_division?post=317395"},{"taxonomy":"rizoma_family","embeddable":true,"href":"https:\/\/www.rizoma.com\/fr\/wp-json\/wp\/v2\/rizoma_family?post=317395"},{"taxonomy":"rizoma_model_category","embeddable":true,"href":"https:\/\/www.rizoma.com\/fr\/wp-json\/wp\/v2\/rizoma_model_category?post=317395"},{"taxonomy":"rizoma_product_template","embeddable":true,"href":"https:\/\/www.rizoma.com\/fr\/wp-json\/wp\/v2\/rizoma_product_template?post=317395"},{"taxonomy":"product_brand","embeddable":true,"href":"https:\/\/www.rizoma.com\/fr\/wp-json\/wp\/v2\/product_brand?post=317395"},{"taxonomy":"product_cat","embeddable":true,"href":"https:\/\/www.rizoma.com\/fr\/wp-json\/wp\/v2\/product_cat?post=317395"},{"taxonomy":"product_tag","embeddable":true,"href":"https:\/\/www.rizoma.com\/fr\/wp-json\/wp\/v2\/product_tag?post=317395"}],"curies":[{"name":"wp","href":"https:\/\/api.w.org\/{rel}","templated":true}]}}