{"id":317385,"date":"2024-11-21T17:25:46","date_gmt":"2024-11-21T16:25:46","guid":{"rendered":"https:\/\/rwp.rizoma.com\/negozio\/urlo-gr256\/"},"modified":"2026-01-08T15:55:32","modified_gmt":"2026-01-08T14:55:32","slug":"urlo-gr256","status":"publish","type":"product","link":"https:\/\/www.rizoma.com\/fr\/negozio\/kit-pour-guidons\/GR256\/urlo-gr256\/","title":{"rendered":"Urlo"},"content":{"rendered":"<p>Les poign\u00e9es Urlo sont ergonomiques et se caract\u00e9risent par la combinaison de l&#8217;aluminium et d&#8217;un technopolym\u00e8re de qualit\u00e9 sup\u00e9rieure. Ce dernier est dot\u00e9 d&#8217;une finition diamant\u00e9e sp\u00e9ciale qui garantit une adh\u00e9rence maximale. Le kit comprend des embouts dont le profil suit parfaitement celui de la poign\u00e9e pour une continuit\u00e9 esth\u00e9tique.<br \/>Disponible en diff\u00e9rentes couleurs obtenues par un processus d&#8217;anodisation qui garantit une meilleure esth\u00e9tique et une plus grande durabilit\u00e9. <\/p>\n","protected":false},"excerpt":{"rendered":"<p>Les poign\u00e9es Urlo sont ergonomiques et se caract\u00e9risent par la combinaison de l&#8217;aluminium et d&#8217;un technopolym\u00e8re de qualit\u00e9 sup\u00e9rieure. Ce dernier est dot\u00e9 d&#8217;une finition diamant\u00e9e sp\u00e9ciale qui garantit une adh\u00e9rence maximale. Le kit comprend des embouts dont le profil suit parfaitement celui de la poign\u00e9e pour une continuit\u00e9 esth\u00e9tique.Disponible en diff\u00e9rentes couleurs obtenues par [&hellip;]<\/p>\n","protected":false},"featured_media":341759,"template":"","meta":{"_acf_changed":false},"rizoma_assembly_time":[42742],"rizoma_bike":[42569,42568,42563,43435,42562,44434,42565,43436,42564,44435,44436],"rizoma_division":[42651],"rizoma_family":[42950],"rizoma_model_category":[],"rizoma_product_template":[],"product_brand":[],"product_cat":[42661],"product_tag":[],"class_list":{"0":"post-317385","1":"product","2":"type-product","3":"status-publish","4":"has-post-thumbnail","6":"rizoma_bike-elettrica-2018-2022","7":"rizoma_bike-elettrica-2023-2024","8":"rizoma_bike-primavera-2018-2022","9":"rizoma_bike-primavera-2023","10":"rizoma_bike-primavera-2024-2025","11":"rizoma_bike-primavera-elettrica-2024-25","12":"rizoma_bike-sprint-2018-2022","13":"rizoma_bike-sprint-2023","14":"rizoma_bike-sprint-2024-2025","15":"rizoma_bike-sprint-elettrica-2024-25","16":"rizoma_bike-sprint-elettrica-2026","17":"product_cat-kit-pour-guidons","19":"first","20":"instock","21":"taxable","22":"shipping-taxable","23":"purchasable","24":"product-type-variable"},"acf":[],"_links":{"self":[{"href":"https:\/\/www.rizoma.com\/fr\/wp-json\/wp\/v2\/product\/317385","targetHints":{"allow":["GET"]}}],"collection":[{"href":"https:\/\/www.rizoma.com\/fr\/wp-json\/wp\/v2\/product"}],"about":[{"href":"https:\/\/www.rizoma.com\/fr\/wp-json\/wp\/v2\/types\/product"}],"wp:featuredmedia":[{"embeddable":true,"href":"https:\/\/www.rizoma.com\/fr\/wp-json\/wp\/v2\/media\/341759"}],"wp:attachment":[{"href":"https:\/\/www.rizoma.com\/fr\/wp-json\/wp\/v2\/media?parent=317385"}],"wp:term":[{"taxonomy":"rizoma_assembly_time","embeddable":true,"href":"https:\/\/www.rizoma.com\/fr\/wp-json\/wp\/v2\/rizoma_assembly_time?post=317385"},{"taxonomy":"rizoma_bike","embeddable":true,"href":"https:\/\/www.rizoma.com\/fr\/wp-json\/wp\/v2\/rizoma_bike?post=317385"},{"taxonomy":"rizoma_division","embeddable":true,"href":"https:\/\/www.rizoma.com\/fr\/wp-json\/wp\/v2\/rizoma_division?post=317385"},{"taxonomy":"rizoma_family","embeddable":true,"href":"https:\/\/www.rizoma.com\/fr\/wp-json\/wp\/v2\/rizoma_family?post=317385"},{"taxonomy":"rizoma_model_category","embeddable":true,"href":"https:\/\/www.rizoma.com\/fr\/wp-json\/wp\/v2\/rizoma_model_category?post=317385"},{"taxonomy":"rizoma_product_template","embeddable":true,"href":"https:\/\/www.rizoma.com\/fr\/wp-json\/wp\/v2\/rizoma_product_template?post=317385"},{"taxonomy":"product_brand","embeddable":true,"href":"https:\/\/www.rizoma.com\/fr\/wp-json\/wp\/v2\/product_brand?post=317385"},{"taxonomy":"product_cat","embeddable":true,"href":"https:\/\/www.rizoma.com\/fr\/wp-json\/wp\/v2\/product_cat?post=317385"},{"taxonomy":"product_tag","embeddable":true,"href":"https:\/\/www.rizoma.com\/fr\/wp-json\/wp\/v2\/product_tag?post=317385"}],"curies":[{"name":"wp","href":"https:\/\/api.w.org\/{rel}","templated":true}]}}