{"id":317325,"date":"2024-11-21T17:24:22","date_gmt":"2024-11-21T16:24:22","guid":{"rendered":"https:\/\/rwp.rizoma.com\/negozio\/pare-brise-zvp024\/"},"modified":"2025-01-14T12:47:08","modified_gmt":"2025-01-14T11:47:08","slug":"pare-brise-zvp024","status":"publish","type":"product","link":"https:\/\/www.rizoma.com\/fr\/negozio\/saute-vents\/ZVP024\/pare-brise-zvp024\/motorbike\/10000142\/vespa\/gts\/","title":{"rendered":"Pare-brise"},"content":{"rendered":"<p>Les lignes fluides et modernes du car\u00e9nage s&#8217;int\u00e8grent parfaitement aux lignes du tableau de bord de la Vespa. Il est r\u00e9alis\u00e9 en polycarbonate fum\u00e9, pour un design qui transmet un maximum de l\u00e9g\u00e8ret\u00e9 et d&#8217;a\u00e9rodynamisme. Compatible avec les r\u00e9troviseurs d&#8217;origine et les r\u00e9troviseurs Rizoma Direct Mount et End Mount.<\/p>\n","protected":false},"excerpt":{"rendered":"<p>Les lignes fluides et modernes du car\u00e9nage s&#8217;int\u00e8grent parfaitement aux lignes du tableau de bord de la Vespa. Il est r\u00e9alis\u00e9 en polycarbonate fum\u00e9, pour un design qui transmet un maximum de l\u00e9g\u00e8ret\u00e9 et d&#8217;a\u00e9rodynamisme. Compatible avec les r\u00e9troviseurs d&#8217;origine et les r\u00e9troviseurs Rizoma Direct Mount et End Mount.<\/p>\n","protected":false},"featured_media":307186,"template":"","meta":{"_acf_changed":false},"rizoma_assembly_time":[42742],"rizoma_bike":[42557,42560],"rizoma_division":[42651],"rizoma_family":[],"rizoma_model_category":[],"rizoma_product_template":[],"product_brand":[],"product_cat":[42827],"product_tag":[],"class_list":{"0":"post-317325","1":"product","2":"type-product","3":"status-publish","4":"has-post-thumbnail","6":"rizoma_bike-gts-2018-2022","7":"rizoma_bike-gts-super-2018-2022","8":"product_cat-saute-vents","10":"first","11":"instock","12":"sale","13":"taxable","14":"shipping-taxable","15":"purchasable","16":"product-type-variable"},"acf":[],"_links":{"self":[{"href":"https:\/\/www.rizoma.com\/fr\/wp-json\/wp\/v2\/product\/317325","targetHints":{"allow":["GET"]}}],"collection":[{"href":"https:\/\/www.rizoma.com\/fr\/wp-json\/wp\/v2\/product"}],"about":[{"href":"https:\/\/www.rizoma.com\/fr\/wp-json\/wp\/v2\/types\/product"}],"wp:featuredmedia":[{"embeddable":true,"href":"https:\/\/www.rizoma.com\/fr\/wp-json\/wp\/v2\/media\/307186"}],"wp:attachment":[{"href":"https:\/\/www.rizoma.com\/fr\/wp-json\/wp\/v2\/media?parent=317325"}],"wp:term":[{"taxonomy":"rizoma_assembly_time","embeddable":true,"href":"https:\/\/www.rizoma.com\/fr\/wp-json\/wp\/v2\/rizoma_assembly_time?post=317325"},{"taxonomy":"rizoma_bike","embeddable":true,"href":"https:\/\/www.rizoma.com\/fr\/wp-json\/wp\/v2\/rizoma_bike?post=317325"},{"taxonomy":"rizoma_division","embeddable":true,"href":"https:\/\/www.rizoma.com\/fr\/wp-json\/wp\/v2\/rizoma_division?post=317325"},{"taxonomy":"rizoma_family","embeddable":true,"href":"https:\/\/www.rizoma.com\/fr\/wp-json\/wp\/v2\/rizoma_family?post=317325"},{"taxonomy":"rizoma_model_category","embeddable":true,"href":"https:\/\/www.rizoma.com\/fr\/wp-json\/wp\/v2\/rizoma_model_category?post=317325"},{"taxonomy":"rizoma_product_template","embeddable":true,"href":"https:\/\/www.rizoma.com\/fr\/wp-json\/wp\/v2\/rizoma_product_template?post=317325"},{"taxonomy":"product_brand","embeddable":true,"href":"https:\/\/www.rizoma.com\/fr\/wp-json\/wp\/v2\/product_brand?post=317325"},{"taxonomy":"product_cat","embeddable":true,"href":"https:\/\/www.rizoma.com\/fr\/wp-json\/wp\/v2\/product_cat?post=317325"},{"taxonomy":"product_tag","embeddable":true,"href":"https:\/\/www.rizoma.com\/fr\/wp-json\/wp\/v2\/product_tag?post=317325"}],"curies":[{"name":"wp","href":"https:\/\/api.w.org\/{rel}","templated":true}]}}