{"id":317140,"date":"2024-11-21T17:20:02","date_gmt":"2024-11-21T16:20:02","guid":{"rendered":"https:\/\/rwp.rizoma.com\/negozio\/kit-de-montage-embouts-de-guidon-pour-guidons-oem-ma601\/"},"modified":"2026-03-27T19:59:36","modified_gmt":"2026-03-27T18:59:36","slug":"kit-de-montage-embouts-de-guidon-pour-guidons-oem-ma601","status":"publish","type":"product","link":"https:\/\/www.rizoma.com\/fr\/negozio\/kit-pour-guidons\/MA601\/kit-de-montage-embouts-de-guidon-pour-guidons-oem-ma601\/","title":{"rendered":"Kit de montage embouts de guidon pour guidons OEM"},"content":{"rendered":"<p>Chaque adaptateur Rizoma sp\u00e9cifique est r\u00e9alis\u00e9 sp\u00e9cifiquement pour le mod\u00e8le de moto correspondant, afin de garantir une fixation optimale sur le guidon.<\/p>\n","protected":false},"excerpt":{"rendered":"<p>Chaque adaptateur Rizoma sp\u00e9cifique est r\u00e9alis\u00e9 sp\u00e9cifiquement pour le mod\u00e8le de moto correspondant, afin de garantir une fixation optimale sur le guidon.<\/p>\n","protected":false},"featured_media":296912,"template":"","meta":{"_acf_changed":false},"rizoma_assembly_time":[42664],"rizoma_bike":[42447,43421,44422,42448,43422],"rizoma_division":[42651],"rizoma_family":[42734],"rizoma_model_category":[],"rizoma_product_template":[],"product_brand":[],"product_cat":[42661],"product_tag":[],"class_list":{"0":"post-317140","1":"product","2":"type-product","3":"status-publish","4":"has-post-thumbnail","6":"rizoma_bike-t-max-560-2022-24","7":"rizoma_bike-t-max-560-2025-26","8":"rizoma_bike-t-max-560-25th-anniversary-2026","9":"rizoma_bike-t-max-560-tech-max-2022-24","10":"rizoma_bike-t-max-560-tech-max-2025-26","11":"product_cat-kit-pour-guidons","13":"first","14":"instock","15":"taxable","16":"shipping-taxable","17":"purchasable","18":"product-type-variable"},"acf":[],"_links":{"self":[{"href":"https:\/\/www.rizoma.com\/fr\/wp-json\/wp\/v2\/product\/317140","targetHints":{"allow":["GET"]}}],"collection":[{"href":"https:\/\/www.rizoma.com\/fr\/wp-json\/wp\/v2\/product"}],"about":[{"href":"https:\/\/www.rizoma.com\/fr\/wp-json\/wp\/v2\/types\/product"}],"wp:featuredmedia":[{"embeddable":true,"href":"https:\/\/www.rizoma.com\/fr\/wp-json\/wp\/v2\/media\/296912"}],"wp:attachment":[{"href":"https:\/\/www.rizoma.com\/fr\/wp-json\/wp\/v2\/media?parent=317140"}],"wp:term":[{"taxonomy":"rizoma_assembly_time","embeddable":true,"href":"https:\/\/www.rizoma.com\/fr\/wp-json\/wp\/v2\/rizoma_assembly_time?post=317140"},{"taxonomy":"rizoma_bike","embeddable":true,"href":"https:\/\/www.rizoma.com\/fr\/wp-json\/wp\/v2\/rizoma_bike?post=317140"},{"taxonomy":"rizoma_division","embeddable":true,"href":"https:\/\/www.rizoma.com\/fr\/wp-json\/wp\/v2\/rizoma_division?post=317140"},{"taxonomy":"rizoma_family","embeddable":true,"href":"https:\/\/www.rizoma.com\/fr\/wp-json\/wp\/v2\/rizoma_family?post=317140"},{"taxonomy":"rizoma_model_category","embeddable":true,"href":"https:\/\/www.rizoma.com\/fr\/wp-json\/wp\/v2\/rizoma_model_category?post=317140"},{"taxonomy":"rizoma_product_template","embeddable":true,"href":"https:\/\/www.rizoma.com\/fr\/wp-json\/wp\/v2\/rizoma_product_template?post=317140"},{"taxonomy":"product_brand","embeddable":true,"href":"https:\/\/www.rizoma.com\/fr\/wp-json\/wp\/v2\/product_brand?post=317140"},{"taxonomy":"product_cat","embeddable":true,"href":"https:\/\/www.rizoma.com\/fr\/wp-json\/wp\/v2\/product_cat?post=317140"},{"taxonomy":"product_tag","embeddable":true,"href":"https:\/\/www.rizoma.com\/fr\/wp-json\/wp\/v2\/product_tag?post=317140"}],"curies":[{"name":"wp","href":"https:\/\/api.w.org\/{rel}","templated":true}]}}