{"id":316990,"date":"2024-11-21T17:16:36","date_gmt":"2024-11-21T16:16:36","guid":{"rendered":"https:\/\/rwp.rizoma.com\/negozio\/saute-vent-avec-kit-de-montage-zdm159\/"},"modified":"2025-01-14T12:37:31","modified_gmt":"2025-01-14T11:37:31","slug":"saute-vent-avec-kit-de-montage-zdm159","status":"publish","type":"product","link":"https:\/\/www.rizoma.com\/fr\/negozio\/saute-vents\/ZDM159\/saute-vent-avec-kit-de-montage-zdm159\/","title":{"rendered":"Saute-vent avec Kit de montage"},"content":{"rendered":"<p>Design innovant pour le car\u00e9nage Rizoma, cr\u00e9\u00e9 pour capter l&#8217;attention. Fabriqu\u00e9 en carbone, un mat\u00e9riau l\u00e9ger et r\u00e9sistant, qui correspond au style dynamique de cette moto. Livr\u00e9 complet avec kit de montage.<\/p>\n","protected":false},"excerpt":{"rendered":"<p>Design innovant pour le car\u00e9nage Rizoma, cr\u00e9\u00e9 pour capter l&#8217;attention. Fabriqu\u00e9 en carbone, un mat\u00e9riau l\u00e9ger et r\u00e9sistant, qui correspond au style dynamique de cette moto. Livr\u00e9 complet avec kit de montage.<\/p>\n","protected":false},"featured_media":309176,"template":"","meta":{"_acf_changed":false},"rizoma_assembly_time":[42675],"rizoma_bike":[42430,42499],"rizoma_division":[42651],"rizoma_family":[],"rizoma_model_category":[],"rizoma_product_template":[],"product_brand":[],"product_cat":[42827],"product_tag":[],"class_list":{"0":"post-316990","1":"product","2":"type-product","3":"status-publish","4":"has-post-thumbnail","6":"rizoma_bike-streetfighter-v2-2022-24","7":"rizoma_bike-streetfighter-v2-955-green-2022-23","8":"product_cat-saute-vents","10":"first","11":"instock","12":"taxable","13":"shipping-taxable","14":"purchasable","15":"product-type-variable"},"acf":[],"_links":{"self":[{"href":"https:\/\/www.rizoma.com\/fr\/wp-json\/wp\/v2\/product\/316990","targetHints":{"allow":["GET"]}}],"collection":[{"href":"https:\/\/www.rizoma.com\/fr\/wp-json\/wp\/v2\/product"}],"about":[{"href":"https:\/\/www.rizoma.com\/fr\/wp-json\/wp\/v2\/types\/product"}],"wp:featuredmedia":[{"embeddable":true,"href":"https:\/\/www.rizoma.com\/fr\/wp-json\/wp\/v2\/media\/309176"}],"wp:attachment":[{"href":"https:\/\/www.rizoma.com\/fr\/wp-json\/wp\/v2\/media?parent=316990"}],"wp:term":[{"taxonomy":"rizoma_assembly_time","embeddable":true,"href":"https:\/\/www.rizoma.com\/fr\/wp-json\/wp\/v2\/rizoma_assembly_time?post=316990"},{"taxonomy":"rizoma_bike","embeddable":true,"href":"https:\/\/www.rizoma.com\/fr\/wp-json\/wp\/v2\/rizoma_bike?post=316990"},{"taxonomy":"rizoma_division","embeddable":true,"href":"https:\/\/www.rizoma.com\/fr\/wp-json\/wp\/v2\/rizoma_division?post=316990"},{"taxonomy":"rizoma_family","embeddable":true,"href":"https:\/\/www.rizoma.com\/fr\/wp-json\/wp\/v2\/rizoma_family?post=316990"},{"taxonomy":"rizoma_model_category","embeddable":true,"href":"https:\/\/www.rizoma.com\/fr\/wp-json\/wp\/v2\/rizoma_model_category?post=316990"},{"taxonomy":"rizoma_product_template","embeddable":true,"href":"https:\/\/www.rizoma.com\/fr\/wp-json\/wp\/v2\/rizoma_product_template?post=316990"},{"taxonomy":"product_brand","embeddable":true,"href":"https:\/\/www.rizoma.com\/fr\/wp-json\/wp\/v2\/product_brand?post=316990"},{"taxonomy":"product_cat","embeddable":true,"href":"https:\/\/www.rizoma.com\/fr\/wp-json\/wp\/v2\/product_cat?post=316990"},{"taxonomy":"product_tag","embeddable":true,"href":"https:\/\/www.rizoma.com\/fr\/wp-json\/wp\/v2\/product_tag?post=316990"}],"curies":[{"name":"wp","href":"https:\/\/api.w.org\/{rel}","templated":true}]}}