{"id":316930,"date":"2024-11-21T17:15:14","date_gmt":"2024-11-21T16:15:14","guid":{"rendered":"https:\/\/rwp.rizoma.com\/negozio\/saute-vent-avec-kit-de-montage-zdm150\/"},"modified":"2025-12-01T14:14:41","modified_gmt":"2025-12-01T13:14:41","slug":"saute-vent-avec-kit-de-montage-zdm150","status":"publish","type":"product","link":"https:\/\/www.rizoma.com\/fr\/negozio\/saute-vents\/ZDM150\/saute-vent-avec-kit-de-montage-zdm150\/","title":{"rendered":"Saute-vent avec Kit de montage"},"content":{"rendered":"<p>Design innovant pour le car\u00e9nage Rizoma, cr\u00e9\u00e9 pour capter l&#8217;attention. Fabriqu\u00e9 en carbone et aluminium, deux mat\u00e9riaux l\u00e9gers et r\u00e9sistants, qui correspondent au style dynamique de cette moto. Livr\u00e9 complet avec kit de montage.<\/p>\n","protected":false},"excerpt":{"rendered":"<p>Design innovant pour le car\u00e9nage Rizoma, cr\u00e9\u00e9 pour capter l&#8217;attention. Fabriqu\u00e9 en carbone et aluminium, deux mat\u00e9riaux l\u00e9gers et r\u00e9sistants, qui correspondent au style dynamique de cette moto. Livr\u00e9 complet avec kit de montage.<\/p>\n","protected":false},"featured_media":311041,"template":"","meta":{"_acf_changed":false},"rizoma_assembly_time":[42675],"rizoma_bike":[42341,42342,42587,42518],"rizoma_division":[42651],"rizoma_family":[],"rizoma_model_category":[],"rizoma_product_template":[],"product_brand":[],"product_cat":[42827],"product_tag":[],"class_list":{"0":"post-316930","1":"product","2":"type-product","3":"status-publish","4":"has-post-thumbnail","6":"rizoma_bike-monster-937-2021-25","7":"rizoma_bike-monster-937-2021-25-1","8":"rizoma_bike-monster-937-30-anniversario-2023-24","9":"rizoma_bike-monster-937-sp-2023-25","10":"product_cat-saute-vents","12":"first","13":"instock","14":"taxable","15":"shipping-taxable","16":"purchasable","17":"product-type-variable"},"acf":[],"_links":{"self":[{"href":"https:\/\/www.rizoma.com\/fr\/wp-json\/wp\/v2\/product\/316930","targetHints":{"allow":["GET"]}}],"collection":[{"href":"https:\/\/www.rizoma.com\/fr\/wp-json\/wp\/v2\/product"}],"about":[{"href":"https:\/\/www.rizoma.com\/fr\/wp-json\/wp\/v2\/types\/product"}],"wp:featuredmedia":[{"embeddable":true,"href":"https:\/\/www.rizoma.com\/fr\/wp-json\/wp\/v2\/media\/311041"}],"wp:attachment":[{"href":"https:\/\/www.rizoma.com\/fr\/wp-json\/wp\/v2\/media?parent=316930"}],"wp:term":[{"taxonomy":"rizoma_assembly_time","embeddable":true,"href":"https:\/\/www.rizoma.com\/fr\/wp-json\/wp\/v2\/rizoma_assembly_time?post=316930"},{"taxonomy":"rizoma_bike","embeddable":true,"href":"https:\/\/www.rizoma.com\/fr\/wp-json\/wp\/v2\/rizoma_bike?post=316930"},{"taxonomy":"rizoma_division","embeddable":true,"href":"https:\/\/www.rizoma.com\/fr\/wp-json\/wp\/v2\/rizoma_division?post=316930"},{"taxonomy":"rizoma_family","embeddable":true,"href":"https:\/\/www.rizoma.com\/fr\/wp-json\/wp\/v2\/rizoma_family?post=316930"},{"taxonomy":"rizoma_model_category","embeddable":true,"href":"https:\/\/www.rizoma.com\/fr\/wp-json\/wp\/v2\/rizoma_model_category?post=316930"},{"taxonomy":"rizoma_product_template","embeddable":true,"href":"https:\/\/www.rizoma.com\/fr\/wp-json\/wp\/v2\/rizoma_product_template?post=316930"},{"taxonomy":"product_brand","embeddable":true,"href":"https:\/\/www.rizoma.com\/fr\/wp-json\/wp\/v2\/product_brand?post=316930"},{"taxonomy":"product_cat","embeddable":true,"href":"https:\/\/www.rizoma.com\/fr\/wp-json\/wp\/v2\/product_cat?post=316930"},{"taxonomy":"product_tag","embeddable":true,"href":"https:\/\/www.rizoma.com\/fr\/wp-json\/wp\/v2\/product_tag?post=316930"}],"curies":[{"name":"wp","href":"https:\/\/api.w.org\/{rel}","templated":true}]}}