{"id":316910,"date":"2024-11-21T17:14:48","date_gmt":"2024-11-21T16:14:48","guid":{"rendered":"https:\/\/rwp.rizoma.com\/negozio\/kit-de-montage-pour-repose-pieds-rizoma-pe667\/"},"modified":"2025-03-04T15:36:45","modified_gmt":"2025-03-04T14:36:45","slug":"kit-repose-pieds-supplementaires-tout-terrain-pe667","status":"publish","type":"product","link":"https:\/\/www.rizoma.com\/fr\/negozio\/repose-pieds\/PE667\/kit-repose-pieds-supplementaires-tout-terrain-pe667\/","title":{"rendered":"Kit repose-pieds suppl\u00e9mentaires tout terrain"},"content":{"rendered":"<p>Le kit repose-pieds tout terrain, embl\u00e8me de l\u2019innovation de Rizoma, s\u2019\u00e9volue et aiguise l\u2019esprit urbain-explorer du v\u00e9hicule. <br \/>Les repose-pieds suppl\u00e9mentaires, avec leur positionnement arri\u00e8re, permettent de parcourir d\u00e9bout les parcours les plus opposants, tout en garan\u00e7ant non seulement un amusement majeur, mais aussi en toute s\u00e9curit\u00e9. Cela est possible gr\u00e2ce \u00e0 un control plus efficace du v\u00e9hicule et \u00e0 une distribution du poids plus \u00e9quilibr\u00e9e en phase de conduite. <br \/>Les valeurs caract\u00e9risant le produit sont la versatilit\u00e9 et le confort. L\u2019\u00e9tude ergonomique approfondie ne s\u2019est pas limit\u00e9 \u00e0 l\u2019utilisation tout-terrain, mais il s\u2019est aussi concentr\u00e9 sur la praticit\u00e9 lors d\u2019un usage quotidien : voil\u00e0 pourquoi les repose-pieds sont refermables, ce qui assure un confort majeur lors de la conduite en ville. <br \/>Les repose-pieds, si bien que les adaptateurs, sont taill\u00e9 dans la masse d\u2019aluminium, ce qui permet d\u2019installer un caoutchouc en EPDM, qui limite les vibrations et fournit la prise n\u00e9cessaire \u00e0 une sensation de conduite plus agr\u00e9able et d\u00e9tendue. Le caoutchouc est facile \u00e0 monter et s\u2019harmonise parfaitement avec les dents du repose-pied. En retirant l\u2019insert en EPDM, le repose-pied se transforme et s\u2019adapte \u00e0 un style de conduite plus agressif.  <br \/>La denture ext\u00e9rieure, en acier bross\u00e9, est orient\u00e9e de mani\u00e8re \u00e0 \u00e9viter la perte d&#8217;adh\u00e9rence lat\u00e9rale, en particulier lorsque le pilote exerce une plus grande pression du pied sur la partie ext\u00e9rieure du repose-pied.<br \/>Repose-pieds certifi\u00e9s T\u00dcV<\/p>\n","protected":false},"excerpt":{"rendered":"<p>Le kit repose-pieds tout terrain, embl\u00e8me de l\u2019innovation de Rizoma, s\u2019\u00e9volue et aiguise l\u2019esprit urbain-explorer du v\u00e9hicule. Les repose-pieds suppl\u00e9mentaires, avec leur positionnement arri\u00e8re, permettent de parcourir d\u00e9bout les parcours les plus opposants, tout en garan\u00e7ant non seulement un amusement majeur, mais aussi en toute s\u00e9curit\u00e9. Cela est possible gr\u00e2ce \u00e0 un control plus efficace [&hellip;]<\/p>\n","protected":false},"featured_media":304146,"template":"","meta":{"_acf_changed":false},"rizoma_assembly_time":[42742],"rizoma_bike":[42323,42484,43872,43873,42510,42417,42418,42419,43874,44012,43875],"rizoma_division":[42651],"rizoma_family":[42745],"rizoma_model_category":[],"rizoma_product_template":[],"product_brand":[],"product_cat":[42750],"product_tag":[],"class_list":{"0":"post-316910","1":"product","2":"type-product","3":"status-publish","4":"has-post-thumbnail","6":"rizoma_bike-x-adv-750-2021","7":"rizoma_bike-x-adv-750-2022","8":"rizoma_bike-x-adv-750-2025-26","9":"rizoma_bike-x-adv-750-adventure-2025-26","10":"rizoma_bike-x-adv-750-dct-2021-24","11":"rizoma_bike-x-adv-750-dct-adventure-2021-24","12":"rizoma_bike-x-adv-750-dct-gravel-2021-24","13":"rizoma_bike-x-adv-750-dct-travel-2021-24","14":"rizoma_bike-x-adv-750-gravel-2025-26","15":"rizoma_bike-x-adv-750-special-edition-2026","16":"rizoma_bike-x-adv-750-travel-2025-26","17":"product_cat-repose-pieds","19":"first","20":"instock","21":"taxable","22":"shipping-taxable","23":"purchasable","24":"product-type-variable"},"acf":[],"_links":{"self":[{"href":"https:\/\/www.rizoma.com\/fr\/wp-json\/wp\/v2\/product\/316910","targetHints":{"allow":["GET"]}}],"collection":[{"href":"https:\/\/www.rizoma.com\/fr\/wp-json\/wp\/v2\/product"}],"about":[{"href":"https:\/\/www.rizoma.com\/fr\/wp-json\/wp\/v2\/types\/product"}],"wp:featuredmedia":[{"embeddable":true,"href":"https:\/\/www.rizoma.com\/fr\/wp-json\/wp\/v2\/media\/304146"}],"wp:attachment":[{"href":"https:\/\/www.rizoma.com\/fr\/wp-json\/wp\/v2\/media?parent=316910"}],"wp:term":[{"taxonomy":"rizoma_assembly_time","embeddable":true,"href":"https:\/\/www.rizoma.com\/fr\/wp-json\/wp\/v2\/rizoma_assembly_time?post=316910"},{"taxonomy":"rizoma_bike","embeddable":true,"href":"https:\/\/www.rizoma.com\/fr\/wp-json\/wp\/v2\/rizoma_bike?post=316910"},{"taxonomy":"rizoma_division","embeddable":true,"href":"https:\/\/www.rizoma.com\/fr\/wp-json\/wp\/v2\/rizoma_division?post=316910"},{"taxonomy":"rizoma_family","embeddable":true,"href":"https:\/\/www.rizoma.com\/fr\/wp-json\/wp\/v2\/rizoma_family?post=316910"},{"taxonomy":"rizoma_model_category","embeddable":true,"href":"https:\/\/www.rizoma.com\/fr\/wp-json\/wp\/v2\/rizoma_model_category?post=316910"},{"taxonomy":"rizoma_product_template","embeddable":true,"href":"https:\/\/www.rizoma.com\/fr\/wp-json\/wp\/v2\/rizoma_product_template?post=316910"},{"taxonomy":"product_brand","embeddable":true,"href":"https:\/\/www.rizoma.com\/fr\/wp-json\/wp\/v2\/product_brand?post=316910"},{"taxonomy":"product_cat","embeddable":true,"href":"https:\/\/www.rizoma.com\/fr\/wp-json\/wp\/v2\/product_cat?post=316910"},{"taxonomy":"product_tag","embeddable":true,"href":"https:\/\/www.rizoma.com\/fr\/wp-json\/wp\/v2\/product_tag?post=316910"}],"curies":[{"name":"wp","href":"https:\/\/api.w.org\/{rel}","templated":true}]}}