{"id":316775,"date":"2024-11-21T17:11:45","date_gmt":"2024-11-21T16:11:45","guid":{"rendered":"https:\/\/rwp.rizoma.com\/negozio\/kit-de-montage-retroviseur-pour-carenage-bs737\/"},"modified":"2025-01-27T23:37:02","modified_gmt":"2025-01-27T22:37:02","slug":"kit-de-montage-retroviseur-pour-carenage-bs737","status":"publish","type":"product","link":"https:\/\/www.rizoma.com\/fr\/negozio\/retroviseurs\/BS737\/kit-de-montage-retroviseur-pour-carenage-bs737\/","title":{"rendered":"Kit de montage r\u00e9troviseur pour car\u00e9nage"},"content":{"rendered":"<p>Chaque adaptateur de r\u00e9troviseur Rizoma est r\u00e9alis\u00e9 sp\u00e9cifiquement pour le mod\u00e8le de moto correspondant, afin de garantir une fixation parfaite sur le car\u00e9nage. Taill\u00e9 dans la masse d\u2019aluminium, il est robuste et r\u00e9sistant dans le temps, m\u00eame en cas de fortes sollicitations.<\/p>\n","protected":false},"excerpt":{"rendered":"<p>Chaque adaptateur de r\u00e9troviseur Rizoma est r\u00e9alis\u00e9 sp\u00e9cifiquement pour le mod\u00e8le de moto correspondant, afin de garantir une fixation parfaite sur le car\u00e9nage. Taill\u00e9 dans la masse d\u2019aluminium, il est robuste et r\u00e9sistant dans le temps, m\u00eame en cas de fortes sollicitations.<\/p>\n","protected":false},"featured_media":302762,"template":"","meta":{"_acf_changed":false},"rizoma_assembly_time":[42664],"rizoma_bike":[42233,42573,42497,42354,42355,42576,41618,41619,41620,41993,41910,41994,42134,41911,41752],"rizoma_division":[42651],"rizoma_family":[42667],"rizoma_model_category":[],"rizoma_product_template":[],"product_brand":[],"product_cat":[43939],"product_tag":[],"class_list":{"0":"post-316775","1":"product","2":"type-product","3":"status-publish","4":"has-post-thumbnail","6":"rizoma_bike-rs-660-2020-24","7":"rizoma_bike-rs-660-extrema-2023-24","8":"rizoma_bike-rs-660-limited-edition-2020-23","9":"rizoma_bike-rsv4-1100-2021-24","10":"rizoma_bike-rsv4-1100-factory-2021-24","11":"rizoma_bike-rsv4-1100-factory-speed-white-2023-24","12":"rizoma_bike-rsv4-factory-2009-12","13":"rizoma_bike-rsv4-factory-aprc-abs-2011-15","14":"rizoma_bike-rsv4-r-2009-12","15":"rizoma_bike-rsv4-rf-2017-19","16":"rizoma_bike-rsv4-rf-abs-2015-17","17":"rizoma_bike-rsv4-rr-2017-18","18":"rizoma_bike-rsv4-rr-2019-20","19":"rizoma_bike-rsv4-rr-abs-2015-17","20":"rizoma_bike-rsv4-rr-aprc-abs-2011-15","21":"product_cat-retroviseurs","23":"first","24":"instock","25":"taxable","26":"shipping-taxable","27":"purchasable","28":"product-type-variable"},"acf":[],"_links":{"self":[{"href":"https:\/\/www.rizoma.com\/fr\/wp-json\/wp\/v2\/product\/316775","targetHints":{"allow":["GET"]}}],"collection":[{"href":"https:\/\/www.rizoma.com\/fr\/wp-json\/wp\/v2\/product"}],"about":[{"href":"https:\/\/www.rizoma.com\/fr\/wp-json\/wp\/v2\/types\/product"}],"wp:featuredmedia":[{"embeddable":true,"href":"https:\/\/www.rizoma.com\/fr\/wp-json\/wp\/v2\/media\/302762"}],"wp:attachment":[{"href":"https:\/\/www.rizoma.com\/fr\/wp-json\/wp\/v2\/media?parent=316775"}],"wp:term":[{"taxonomy":"rizoma_assembly_time","embeddable":true,"href":"https:\/\/www.rizoma.com\/fr\/wp-json\/wp\/v2\/rizoma_assembly_time?post=316775"},{"taxonomy":"rizoma_bike","embeddable":true,"href":"https:\/\/www.rizoma.com\/fr\/wp-json\/wp\/v2\/rizoma_bike?post=316775"},{"taxonomy":"rizoma_division","embeddable":true,"href":"https:\/\/www.rizoma.com\/fr\/wp-json\/wp\/v2\/rizoma_division?post=316775"},{"taxonomy":"rizoma_family","embeddable":true,"href":"https:\/\/www.rizoma.com\/fr\/wp-json\/wp\/v2\/rizoma_family?post=316775"},{"taxonomy":"rizoma_model_category","embeddable":true,"href":"https:\/\/www.rizoma.com\/fr\/wp-json\/wp\/v2\/rizoma_model_category?post=316775"},{"taxonomy":"rizoma_product_template","embeddable":true,"href":"https:\/\/www.rizoma.com\/fr\/wp-json\/wp\/v2\/rizoma_product_template?post=316775"},{"taxonomy":"product_brand","embeddable":true,"href":"https:\/\/www.rizoma.com\/fr\/wp-json\/wp\/v2\/product_brand?post=316775"},{"taxonomy":"product_cat","embeddable":true,"href":"https:\/\/www.rizoma.com\/fr\/wp-json\/wp\/v2\/product_cat?post=316775"},{"taxonomy":"product_tag","embeddable":true,"href":"https:\/\/www.rizoma.com\/fr\/wp-json\/wp\/v2\/product_tag?post=316775"}],"curies":[{"name":"wp","href":"https:\/\/api.w.org\/{rel}","templated":true}]}}