{"id":316745,"date":"2024-11-21T17:11:05","date_gmt":"2024-11-21T16:11:05","guid":{"rendered":"https:\/\/rwp.rizoma.com\/negozio\/kit-support-dimmatriculation-side-arm-pt607\/"},"modified":"2025-01-14T12:26:22","modified_gmt":"2025-01-14T11:26:22","slug":"kit-support-dimmatriculation-side-arm-pt607","status":"publish","type":"product","link":"https:\/\/www.rizoma.com\/fr\/negozio\/support-dimmatriculation\/PT607\/kit-support-dimmatriculation-side-arm-pt607\/motorbike\/121\/ducati\/900-ss\/","title":{"rendered":"Kit Support d\u2019immatriculation Side Arm"},"content":{"rendered":"<p>Le kit support d\u2019immatriculation Side Arm, dot\u00e9 d\u2019un bras structurel taill\u00e9 dans la masse d\u2019aluminium, permet de modifier totalement l\u2019arri\u00e8re de la moto. Ce kit aux performances structurelles et esth\u00e9tiques optimales, gr\u00e2ce au remarquable design et \u00e0 la qualit\u00e9 du mat\u00e9riau, est conforme aux normes r\u00e9glementaires. Il est facile \u00e0 monter car il a \u00e9t\u00e9 sp\u00e9cifiquement con\u00e7u pour le mod\u00e8le de moto auquel il est destin\u00e9. Le kit comprend\u00a0un support de plaque 173&#215;173 mm ainsi qu\u2019un support de plaque USA et des supports pour clignotants Rizoma, et il est dot\u00e9 de l\u2019\u00e9clairage de plaque d\u2019immatriculation \u00e0 LED SMD (homologu\u00e9) et du catadioptre. Le support de d\u2019immatriculation Rizoma Side Arm est compatible avec le garde-boue en carbone Rizoma ZDM098K. Le support d\u2019immatriculation Side Arm est certifi\u00e9 ABE.<\/p>\n","protected":false},"excerpt":{"rendered":"<p>Le kit support d\u2019immatriculation Side Arm, dot\u00e9 d\u2019un bras structurel taill\u00e9 dans la masse d\u2019aluminium, permet de modifier totalement l\u2019arri\u00e8re de la moto. Ce kit aux performances structurelles et esth\u00e9tiques optimales, gr\u00e2ce au remarquable design et \u00e0 la qualit\u00e9 du mat\u00e9riau, est conforme aux normes r\u00e9glementaires. Il est facile \u00e0 monter car il a \u00e9t\u00e9 [&hellip;]<\/p>\n","protected":false},"featured_media":301812,"template":"","meta":{"_acf_changed":false},"rizoma_assembly_time":[42691],"rizoma_bike":[42040,42578,44369,42391,44366,44377],"rizoma_division":[42651],"rizoma_family":[],"rizoma_model_category":[],"rizoma_product_template":[],"product_brand":[],"product_cat":[42766],"product_tag":[],"class_list":{"0":"post-316745","1":"product","2":"type-product","3":"status-publish","4":"has-post-thumbnail","6":"rizoma_bike-f3-800-eas-abs-2017-20","7":"rizoma_bike-f3-800-r-2023-26","8":"rizoma_bike-f3-800-rc-2022-25","9":"rizoma_bike-f3-800-rosso-2021-23","10":"rizoma_bike-f3-800-rr-2022-25","11":"rizoma_bike-f3-800-rr-ottantesimo-2025-26","12":"product_cat-support-dimmatriculation","14":"first","15":"instock","16":"sale","17":"taxable","18":"shipping-taxable","19":"purchasable","20":"product-type-variable"},"acf":[],"_links":{"self":[{"href":"https:\/\/www.rizoma.com\/fr\/wp-json\/wp\/v2\/product\/316745","targetHints":{"allow":["GET"]}}],"collection":[{"href":"https:\/\/www.rizoma.com\/fr\/wp-json\/wp\/v2\/product"}],"about":[{"href":"https:\/\/www.rizoma.com\/fr\/wp-json\/wp\/v2\/types\/product"}],"wp:featuredmedia":[{"embeddable":true,"href":"https:\/\/www.rizoma.com\/fr\/wp-json\/wp\/v2\/media\/301812"}],"wp:attachment":[{"href":"https:\/\/www.rizoma.com\/fr\/wp-json\/wp\/v2\/media?parent=316745"}],"wp:term":[{"taxonomy":"rizoma_assembly_time","embeddable":true,"href":"https:\/\/www.rizoma.com\/fr\/wp-json\/wp\/v2\/rizoma_assembly_time?post=316745"},{"taxonomy":"rizoma_bike","embeddable":true,"href":"https:\/\/www.rizoma.com\/fr\/wp-json\/wp\/v2\/rizoma_bike?post=316745"},{"taxonomy":"rizoma_division","embeddable":true,"href":"https:\/\/www.rizoma.com\/fr\/wp-json\/wp\/v2\/rizoma_division?post=316745"},{"taxonomy":"rizoma_family","embeddable":true,"href":"https:\/\/www.rizoma.com\/fr\/wp-json\/wp\/v2\/rizoma_family?post=316745"},{"taxonomy":"rizoma_model_category","embeddable":true,"href":"https:\/\/www.rizoma.com\/fr\/wp-json\/wp\/v2\/rizoma_model_category?post=316745"},{"taxonomy":"rizoma_product_template","embeddable":true,"href":"https:\/\/www.rizoma.com\/fr\/wp-json\/wp\/v2\/rizoma_product_template?post=316745"},{"taxonomy":"product_brand","embeddable":true,"href":"https:\/\/www.rizoma.com\/fr\/wp-json\/wp\/v2\/product_brand?post=316745"},{"taxonomy":"product_cat","embeddable":true,"href":"https:\/\/www.rizoma.com\/fr\/wp-json\/wp\/v2\/product_cat?post=316745"},{"taxonomy":"product_tag","embeddable":true,"href":"https:\/\/www.rizoma.com\/fr\/wp-json\/wp\/v2\/product_tag?post=316745"}],"curies":[{"name":"wp","href":"https:\/\/api.w.org\/{rel}","templated":true}]}}