{"id":316578,"date":"2024-11-21T17:07:06","date_gmt":"2024-11-21T16:07:06","guid":{"rendered":"https:\/\/rwp.rizoma.com\/negozio\/kit-cablage-de-clignotants-et-retroviseur-avec-clignotant-integre-ee047\/"},"modified":"2026-04-29T18:25:07","modified_gmt":"2026-04-29T16:25:07","slug":"kit-cablage-de-clignotants-et-retroviseur-avec-clignotant-integre-ee047","status":"publish","type":"product","link":"https:\/\/www.rizoma.com\/fr\/negozio\/clignotants\/EE047\/kit-cablage-de-clignotants-et-retroviseur-avec-clignotant-integre-ee047\/","title":{"rendered":"Kit c\u00e2blage de clignotants et r\u00e9troviseur avec clignotant int\u00e9gr\u00e9"},"content":{"rendered":"<p>Le kit de c\u00e2blage \u00e9lectrique Rizoma est n\u00e9cessaire pour le montage des clignotants Rizoma (et pour le montage de r\u00e9troviseurs Rizoma \u00e0 clignotant int\u00e9gr\u00e9).<br \/>Il est conseill\u00e9 de v\u00e9rifier les dessins techniques avant l\u2019achat. Chaque kit comprend 2 c\u00e2blages. Pour monter 4 clignotants, il est n\u00e9cessaire d\u2019acheter 2 kits.<\/p>\n","protected":false},"excerpt":{"rendered":"<p>Le kit de c\u00e2blage \u00e9lectrique Rizoma est n\u00e9cessaire pour le montage des clignotants Rizoma (et pour le montage de r\u00e9troviseurs Rizoma \u00e0 clignotant int\u00e9gr\u00e9).Il est conseill\u00e9 de v\u00e9rifier les dessins techniques avant l\u2019achat. Chaque kit comprend 2 c\u00e2blages. Pour monter 4 clignotants, il est n\u00e9cessaire d\u2019acheter 2 kits.<\/p>\n","protected":false},"featured_media":298497,"template":"","meta":{"_acf_changed":false},"rizoma_assembly_time":[42664],"rizoma_bike":[41996,41978,41623,41624,41625,41626,41627,41628,41629,41630,41631,41768,41789,41799,41769,41790,41777,41863,41987,41997,41837,42021,41939,41912,42070,41913,41972,42094,43690,42399,42479,41644,41645,41770,41836,41949,42092,41542,41543,41827,41762,41828,41847,41545,41546,41801,41829,41950,41848,41751,41548,41696,42040,42578,44369,42391,44366,44377,43418,44375,44378,43419,43420,41843,42061,42311,42214,42401,42432,42101,42215,42425,42197,42335,42477,42545,42546,42153,42539,42433,42093,42216,42426,42162,42612,42102,41794,42014,42251,42312,42336,42337,42100,42525,43685,42570,42571,43686,42526,42472,42589,41764],"rizoma_division":[42651],"rizoma_family":[42858],"rizoma_model_category":[],"rizoma_product_template":[],"product_brand":[],"product_cat":[42714],"product_tag":[],"class_list":{"0":"post-316578","1":"product","2":"type-product","3":"status-publish","4":"has-post-thumbnail","6":"rizoma_bike-1090-adventure-r-2017-19","7":"rizoma_bike-1090-adventure-s-l-2017-19","8":"rizoma_bike-1098-2006-09","9":"rizoma_bike-1098-r-2007-11","10":"rizoma_bike-1098-r-bayliss-le-2009-11","11":"rizoma_bike-1098-s-2006-11","12":"rizoma_bike-1198-2009-12","13":"rizoma_bike-1198-r-corse-special-edition-2010-12","14":"rizoma_bike-1198-s","15":"rizoma_bike-1198-s-corse-special-edition-2010-12","16":"rizoma_bike-1198-sp-2011-12","17":"rizoma_bike-1199-panigale-2012-13","18":"rizoma_bike-1199-panigale-abs-2013-14","19":"rizoma_bike-1199-panigale-r-abs-2013-17","20":"rizoma_bike-1199-panigale-s-2013-14","21":"rizoma_bike-1199-panigale-s-abs-2013-14","22":"rizoma_bike-1199-panigale-s-tricolore-2012-14","23":"rizoma_bike-1199-superleggera-2014","24":"rizoma_bike-1290-super-adventure-r-2017-20","25":"rizoma_bike-1290-super-adventure-s-2017-20","26":"rizoma_bike-1290-super-duke-r-abs-2014-16","27":"rizoma_bike-1290-super-duke-r-abs-2017-18","28":"rizoma_bike-1290-super-duke-r-se-abs-2016","29":"rizoma_bike-1299-panigale-2015-17","30":"rizoma_bike-1299-panigale-r-final-edition-2017-20","31":"rizoma_bike-1299-panigale-s-2015-18","32":"rizoma_bike-1299-panigale-s-anniversario-2016","33":"rizoma_bike-790-duke-2018-20","34":"rizoma_bike-790-duke-2025-26","35":"rizoma_bike-790-duke-l-2019-20","36":"rizoma_bike-790-duke-l-2023-24","37":"rizoma_bike-848-2007-13","38":"rizoma_bike-848-evo-2010-12","39":"rizoma_bike-848-evo-corse-special-edition-2011-13","40":"rizoma_bike-899-panigale-abs-2013-15","41":"rizoma_bike-959-panigale-2016-19","42":"rizoma_bike-959-panigale-corse-2018-19","43":"rizoma_bike-brutale-1078-rr-1","44":"rizoma_bike-brutale-1090-rr-1","45":"rizoma_bike-brutale-1090-rr-abs-2009-19","46":"rizoma_bike-brutale-675-2011-15","47":"rizoma_bike-brutale-675-eas-2011-14","48":"rizoma_bike-brutale-675-eas-abs-2011-16","49":"rizoma_bike-brutale-750-america-2004-06","50":"rizoma_bike-brutale-750-serie-oro-2001-05","51":"rizoma_bike-brutale-800-2012-15","52":"rizoma_bike-brutale-800-eas-2012-14","53":"rizoma_bike-brutale-800-eas-2015","54":"rizoma_bike-brutale-800-eas-abs-2012-15","55":"rizoma_bike-brutale-920-2011-12","56":"rizoma_bike-brutale-989-r-1","57":"rizoma_bike-f3-675-2011-15","58":"rizoma_bike-f3-800-eas-abs-2017-20","59":"rizoma_bike-f3-800-r-2023-25","60":"rizoma_bike-f3-800-rc-2022-25","61":"rizoma_bike-f3-800-rosso-2021-23","62":"rizoma_bike-f3-800-rr-2022-25","63":"rizoma_bike-f3-800-rr-ottantesimo-2025-26","64":"rizoma_bike-gsx-8s-2023-24","65":"rizoma_bike-gsx-8s-2025-26","66":"rizoma_bike-gsx-8s-evo-2025-26","67":"rizoma_bike-gsx-8s-kevin-schwantz-edition-2023","68":"rizoma_bike-gsx-8s-team-suzuki-edition-2024","69":"rizoma_bike-monster-696-abs-2009-14","70":"rizoma_bike-monster-696-plus-2007-14","71":"rizoma_bike-panigale-v2-2021-24","72":"rizoma_bike-panigale-v2-955-2020","73":"rizoma_bike-panigale-v2-bayliss-1st-championship-20th-anniversary-2021-24","74":"rizoma_bike-panigale-v4-2022-24","75":"rizoma_bike-panigale-v4-1100-2018-19","76":"rizoma_bike-panigale-v4-1100-2020","77":"rizoma_bike-panigale-v4-1100-2021","78":"rizoma_bike-panigale-v4-1100-25-anniversario-2019-20","79":"rizoma_bike-panigale-v4-1100-sp-2021","80":"rizoma_bike-panigale-v4-1100-sp2-2022-23","81":"rizoma_bike-panigale-v4-bagnaia-2022-world-champion-replica-2023","82":"rizoma_bike-panigale-v4-bautista-2022-world-champion-replica-2023","83":"rizoma_bike-panigale-v4-r-2023-24","84":"rizoma_bike-panigale-v4-r-1000-2019-20","85":"rizoma_bike-panigale-v4-s-2022-24","86":"rizoma_bike-panigale-v4-s-1100-2018-19","87":"rizoma_bike-panigale-v4-s-1100-2020","88":"rizoma_bike-panigale-v4-s-1100-2021","89":"rizoma_bike-panigale-v4-s-1100-corse-2019","90":"rizoma_bike-panigale-v4-sp2-30-anniversario-916-2024","91":"rizoma_bike-panigale-v4-speciale-1100-2018-19","92":"rizoma_bike-rivale-800-eas-2013-15","93":"rizoma_bike-superleggera-1299-2017","94":"rizoma_bike-superleggera-v4-1000-2020","95":"rizoma_bike-superleggera-v4-1000-2021-23","96":"rizoma_bike-supersport-950-2021-24","97":"rizoma_bike-supersport-950-s-2021-24","98":"rizoma_bike-svartpilen-401-2018-19","99":"rizoma_bike-tenere-700-2022-24","100":"rizoma_bike-tenere-700-2025-26","101":"rizoma_bike-tenere-700-explore-edition-2023-25","102":"rizoma_bike-tenere-700-extreme-edition-2023-25","103":"rizoma_bike-tenere-700-rally-2025-26","104":"rizoma_bike-tenere-700-rally-edition-2022-24","105":"rizoma_bike-tenere-700-world-raid-2022-25","106":"rizoma_bike-tenere-700-world-rally-2023-25","107":"rizoma_bike-tiger-explorer-1215-abs-2011-14","108":"product_cat-clignotants","110":"first","111":"instock","112":"taxable","113":"shipping-taxable","114":"purchasable","115":"product-type-variable"},"acf":[],"_links":{"self":[{"href":"https:\/\/www.rizoma.com\/fr\/wp-json\/wp\/v2\/product\/316578","targetHints":{"allow":["GET"]}}],"collection":[{"href":"https:\/\/www.rizoma.com\/fr\/wp-json\/wp\/v2\/product"}],"about":[{"href":"https:\/\/www.rizoma.com\/fr\/wp-json\/wp\/v2\/types\/product"}],"wp:featuredmedia":[{"embeddable":true,"href":"https:\/\/www.rizoma.com\/fr\/wp-json\/wp\/v2\/media\/298497"}],"wp:attachment":[{"href":"https:\/\/www.rizoma.com\/fr\/wp-json\/wp\/v2\/media?parent=316578"}],"wp:term":[{"taxonomy":"rizoma_assembly_time","embeddable":true,"href":"https:\/\/www.rizoma.com\/fr\/wp-json\/wp\/v2\/rizoma_assembly_time?post=316578"},{"taxonomy":"rizoma_bike","embeddable":true,"href":"https:\/\/www.rizoma.com\/fr\/wp-json\/wp\/v2\/rizoma_bike?post=316578"},{"taxonomy":"rizoma_division","embeddable":true,"href":"https:\/\/www.rizoma.com\/fr\/wp-json\/wp\/v2\/rizoma_division?post=316578"},{"taxonomy":"rizoma_family","embeddable":true,"href":"https:\/\/www.rizoma.com\/fr\/wp-json\/wp\/v2\/rizoma_family?post=316578"},{"taxonomy":"rizoma_model_category","embeddable":true,"href":"https:\/\/www.rizoma.com\/fr\/wp-json\/wp\/v2\/rizoma_model_category?post=316578"},{"taxonomy":"rizoma_product_template","embeddable":true,"href":"https:\/\/www.rizoma.com\/fr\/wp-json\/wp\/v2\/rizoma_product_template?post=316578"},{"taxonomy":"product_brand","embeddable":true,"href":"https:\/\/www.rizoma.com\/fr\/wp-json\/wp\/v2\/product_brand?post=316578"},{"taxonomy":"product_cat","embeddable":true,"href":"https:\/\/www.rizoma.com\/fr\/wp-json\/wp\/v2\/product_cat?post=316578"},{"taxonomy":"product_tag","embeddable":true,"href":"https:\/\/www.rizoma.com\/fr\/wp-json\/wp\/v2\/product_tag?post=316578"}],"curies":[{"name":"wp","href":"https:\/\/api.w.org\/{rel}","templated":true}]}}