{"id":316568,"date":"2024-11-21T17:06:52","date_gmt":"2024-11-21T16:06:52","guid":{"rendered":"https:\/\/rwp.rizoma.com\/negozio\/kit-de-montage-pour-saute-vent-court-zth061\/"},"modified":"2025-01-14T11:23:45","modified_gmt":"2025-01-14T10:23:45","slug":"kit-de-montage-pour-saute-vent-court-zth061","status":"publish","type":"product","link":"https:\/\/www.rizoma.com\/fr\/negozio\/saute-vents\/ZTH061\/kit-de-montage-pour-saute-vent-court-zth061\/","title":{"rendered":"Kit de montage pour Saute-vent court"},"content":{"rendered":"<p>L\u2019adaptateur pour saute-vent Rizoma CF011 est r\u00e9alis\u00e9 en acier Inox thermolaqu\u00e9.<\/p>\n","protected":false},"excerpt":{"rendered":"<p>L\u2019adaptateur pour saute-vent Rizoma CF011 est r\u00e9alis\u00e9 en acier Inox thermolaqu\u00e9.<\/p>\n","protected":false},"featured_media":298792,"template":"","meta":{"_acf_changed":false},"rizoma_assembly_time":[42742],"rizoma_bike":[42169,41937,42047,42554,42599],"rizoma_division":[42651],"rizoma_family":[42822],"rizoma_model_category":[],"rizoma_product_template":[],"product_brand":[],"product_cat":[42827],"product_tag":[],"class_list":{"0":"post-316568","1":"product","2":"type-product","3":"status-publish","4":"has-post-thumbnail","6":"rizoma_bike-speed-twin-1200-2019-20","7":"rizoma_bike-thruxton-1200-r-2016","8":"rizoma_bike-thruxton-1200-r-2017-18","9":"rizoma_bike-thruxton-rs-chrome-edition-2023","10":"rizoma_bike-thruxton-rs-final-edition-2024-25","11":"product_cat-saute-vents","13":"first","14":"instock","15":"taxable","16":"shipping-taxable","17":"purchasable","18":"product-type-variable"},"acf":[],"_links":{"self":[{"href":"https:\/\/www.rizoma.com\/fr\/wp-json\/wp\/v2\/product\/316568","targetHints":{"allow":["GET"]}}],"collection":[{"href":"https:\/\/www.rizoma.com\/fr\/wp-json\/wp\/v2\/product"}],"about":[{"href":"https:\/\/www.rizoma.com\/fr\/wp-json\/wp\/v2\/types\/product"}],"wp:featuredmedia":[{"embeddable":true,"href":"https:\/\/www.rizoma.com\/fr\/wp-json\/wp\/v2\/media\/298792"}],"wp:attachment":[{"href":"https:\/\/www.rizoma.com\/fr\/wp-json\/wp\/v2\/media?parent=316568"}],"wp:term":[{"taxonomy":"rizoma_assembly_time","embeddable":true,"href":"https:\/\/www.rizoma.com\/fr\/wp-json\/wp\/v2\/rizoma_assembly_time?post=316568"},{"taxonomy":"rizoma_bike","embeddable":true,"href":"https:\/\/www.rizoma.com\/fr\/wp-json\/wp\/v2\/rizoma_bike?post=316568"},{"taxonomy":"rizoma_division","embeddable":true,"href":"https:\/\/www.rizoma.com\/fr\/wp-json\/wp\/v2\/rizoma_division?post=316568"},{"taxonomy":"rizoma_family","embeddable":true,"href":"https:\/\/www.rizoma.com\/fr\/wp-json\/wp\/v2\/rizoma_family?post=316568"},{"taxonomy":"rizoma_model_category","embeddable":true,"href":"https:\/\/www.rizoma.com\/fr\/wp-json\/wp\/v2\/rizoma_model_category?post=316568"},{"taxonomy":"rizoma_product_template","embeddable":true,"href":"https:\/\/www.rizoma.com\/fr\/wp-json\/wp\/v2\/rizoma_product_template?post=316568"},{"taxonomy":"product_brand","embeddable":true,"href":"https:\/\/www.rizoma.com\/fr\/wp-json\/wp\/v2\/product_brand?post=316568"},{"taxonomy":"product_cat","embeddable":true,"href":"https:\/\/www.rizoma.com\/fr\/wp-json\/wp\/v2\/product_cat?post=316568"},{"taxonomy":"product_tag","embeddable":true,"href":"https:\/\/www.rizoma.com\/fr\/wp-json\/wp\/v2\/product_tag?post=316568"}],"curies":[{"name":"wp","href":"https:\/\/api.w.org\/{rel}","templated":true}]}}