{"id":316488,"date":"2024-11-21T17:05:08","date_gmt":"2024-11-21T16:05:08","guid":{"rendered":"https:\/\/rwp.rizoma.com\/negozio\/protection-axe-de-roue-arriere-sport-r-pwr108\/"},"modified":"2025-12-18T00:37:13","modified_gmt":"2025-12-17T23:37:13","slug":"protection-axe-de-roue-arriere-sport-r-pwr108","status":"publish","type":"product","link":"https:\/\/www.rizoma.com\/fr\/negozio\/protections-axe-de-roue\/PWR108\/protection-axe-de-roue-arriere-sport-r-pwr108\/","title":{"rendered":"Protection axe de roue arri\u00e8re Sport R"},"content":{"rendered":"<p>Les fourches sont parmi les premi\u00e8res extr\u00e9mit\u00e9s \u00e0 entrer en contact avec le sol en cas de chute. Les protections d\u2019axe de roue \u00ab\u00a0SPORT R\u00a0\u00bb ont \u00e9t\u00e9 d\u00e9velopp\u00e9es pour des motos super sportives et leur utilisation sur piste. Outre la r\u00e9duction du frottement sur le sol et l&#8217;att\u00e9nuation des chocs \u00e9ventuels en cas de glissade, elles ont \u00e9galement \u00e9t\u00e9 \u00e9tudi\u00e9es pour acc\u00e9l\u00e9rer les temps de d\u00e9pose et de remontage de l\u2019axe de roue, de mani\u00e8re \u00e0 simplifier le changement de roue avant ou arri\u00e8re. Partie structurelle taill\u00e9e dans la masse d\u2019aluminium et slider en Delrin\u00ae rempla\u00e7able. Un excellent compromis entre esth\u00e9tique, l\u00e9g\u00e8ret\u00e9 et fonctionnalit\u00e9.<\/p>\n","protected":false},"excerpt":{"rendered":"<p>Les fourches sont parmi les premi\u00e8res extr\u00e9mit\u00e9s \u00e0 entrer en contact avec le sol en cas de chute. Les protections d\u2019axe de roue \u00ab\u00a0SPORT R\u00a0\u00bb ont \u00e9t\u00e9 d\u00e9velopp\u00e9es pour des motos super sportives et leur utilisation sur piste. Outre la r\u00e9duction du frottement sur le sol et l&#8217;att\u00e9nuation des chocs \u00e9ventuels en cas de glissade, [&hellip;]<\/p>\n","protected":false},"featured_media":296542,"template":"","meta":{"_acf_changed":false},"rizoma_assembly_time":[42664],"rizoma_bike":[42053,41947,41992,42058],"rizoma_division":[42651],"rizoma_family":[],"rizoma_model_category":[],"rizoma_product_template":[],"product_brand":[],"product_cat":[42993],"product_tag":[],"class_list":{"0":"post-316488","1":"product","2":"type-product","3":"status-publish","4":"has-post-thumbnail","6":"rizoma_bike-mt-10-2017-20","7":"rizoma_bike-mt-10-abs-2016-17","8":"rizoma_bike-mt-10-sp-2017-20","9":"rizoma_bike-mt-10-tourer-edition-2017-20","10":"product_cat-protections-axe-de-roue","12":"first","13":"instock","14":"sale","15":"taxable","16":"shipping-taxable","17":"purchasable","18":"product-type-variable"},"acf":[],"_links":{"self":[{"href":"https:\/\/www.rizoma.com\/fr\/wp-json\/wp\/v2\/product\/316488","targetHints":{"allow":["GET"]}}],"collection":[{"href":"https:\/\/www.rizoma.com\/fr\/wp-json\/wp\/v2\/product"}],"about":[{"href":"https:\/\/www.rizoma.com\/fr\/wp-json\/wp\/v2\/types\/product"}],"wp:featuredmedia":[{"embeddable":true,"href":"https:\/\/www.rizoma.com\/fr\/wp-json\/wp\/v2\/media\/296542"}],"wp:attachment":[{"href":"https:\/\/www.rizoma.com\/fr\/wp-json\/wp\/v2\/media?parent=316488"}],"wp:term":[{"taxonomy":"rizoma_assembly_time","embeddable":true,"href":"https:\/\/www.rizoma.com\/fr\/wp-json\/wp\/v2\/rizoma_assembly_time?post=316488"},{"taxonomy":"rizoma_bike","embeddable":true,"href":"https:\/\/www.rizoma.com\/fr\/wp-json\/wp\/v2\/rizoma_bike?post=316488"},{"taxonomy":"rizoma_division","embeddable":true,"href":"https:\/\/www.rizoma.com\/fr\/wp-json\/wp\/v2\/rizoma_division?post=316488"},{"taxonomy":"rizoma_family","embeddable":true,"href":"https:\/\/www.rizoma.com\/fr\/wp-json\/wp\/v2\/rizoma_family?post=316488"},{"taxonomy":"rizoma_model_category","embeddable":true,"href":"https:\/\/www.rizoma.com\/fr\/wp-json\/wp\/v2\/rizoma_model_category?post=316488"},{"taxonomy":"rizoma_product_template","embeddable":true,"href":"https:\/\/www.rizoma.com\/fr\/wp-json\/wp\/v2\/rizoma_product_template?post=316488"},{"taxonomy":"product_brand","embeddable":true,"href":"https:\/\/www.rizoma.com\/fr\/wp-json\/wp\/v2\/product_brand?post=316488"},{"taxonomy":"product_cat","embeddable":true,"href":"https:\/\/www.rizoma.com\/fr\/wp-json\/wp\/v2\/product_cat?post=316488"},{"taxonomy":"product_tag","embeddable":true,"href":"https:\/\/www.rizoma.com\/fr\/wp-json\/wp\/v2\/product_tag?post=316488"}],"curies":[{"name":"wp","href":"https:\/\/api.w.org\/{rel}","templated":true}]}}