{"id":316233,"date":"2024-11-21T16:59:16","date_gmt":"2024-11-21T15:59:16","guid":{"rendered":"https:\/\/rwp.rizoma.com\/negozio\/kit-support-dimmatriculation-fox-pt227\/"},"modified":"2025-01-14T11:32:08","modified_gmt":"2025-01-14T10:32:08","slug":"kit-support-dimmatriculation-fox-pt227","status":"publish","type":"product","link":"https:\/\/www.rizoma.com\/fr\/negozio\/support-dimmatriculation\/PT227\/kit-support-dimmatriculation-fox-pt227\/","title":{"rendered":"Kit Support d\u2019immatriculation Fox"},"content":{"rendered":"<p>R\u00e9alis\u00e9 en aluminium, chaque kit support d\u2019immatriculation Fox est sp\u00e9cifiquement con\u00e7u pour le mod\u00e8le de moto auquel il est destin\u00e9. Il s\u2019int\u00e8gre ainsi \u00e0 la perfection \u00e0 la ligne de la moto et rend en outre l\u2019installation facile et rapide. En effet, chaque kit est fourni avec tout le mat\u00e9riel n\u00e9cessaire pour un montage qui ne requiert aucune modification aux composants OEM. Une grande fonctionnalit\u00e9 et des dimensions extr\u00eamement r\u00e9duites, toujours en conformit\u00e9 avec les normes r\u00e9glementaires. Les kits Fox comprennent\u00a0l\u2019\u00e9clairage de plaque d\u2019immatriculation \u00e0 LED SMD, le catadioptre, les supports pour clignotants Rizoma. Ils sont r\u00e9glables et fournis avec un arr\u00eat de s\u00e9curit\u00e9, pour garantir une inclinaison correcte.<\/p>\n","protected":false},"excerpt":{"rendered":"<p>R\u00e9alis\u00e9 en aluminium, chaque kit support d\u2019immatriculation Fox est sp\u00e9cifiquement con\u00e7u pour le mod\u00e8le de moto auquel il est destin\u00e9. Il s\u2019int\u00e8gre ainsi \u00e0 la perfection \u00e0 la ligne de la moto et rend en outre l\u2019installation facile et rapide. En effet, chaque kit est fourni avec tout le mat\u00e9riel n\u00e9cessaire pour un montage qui [&hellip;]<\/p>\n","protected":false},"featured_media":296317,"template":"","meta":{"_acf_changed":false},"rizoma_assembly_time":[42789],"rizoma_bike":[41991,42263,42107,41854],"rizoma_division":[42651],"rizoma_family":[],"rizoma_model_category":[],"rizoma_product_template":[],"product_brand":[],"product_cat":[42766],"product_tag":[],"class_list":{"0":"post-316233","1":"product","2":"type-product","3":"status-publish","4":"has-post-thumbnail","6":"rizoma_bike-mt-09-2017-20","7":"rizoma_bike-mt-09-2020","8":"rizoma_bike-mt-09-sp-2018-20","9":"rizoma_bike-mt-09-street-rally-2014-16","10":"product_cat-support-dimmatriculation","12":"first","13":"instock","14":"taxable","15":"shipping-taxable","16":"purchasable","17":"product-type-variable"},"acf":[],"_links":{"self":[{"href":"https:\/\/www.rizoma.com\/fr\/wp-json\/wp\/v2\/product\/316233","targetHints":{"allow":["GET"]}}],"collection":[{"href":"https:\/\/www.rizoma.com\/fr\/wp-json\/wp\/v2\/product"}],"about":[{"href":"https:\/\/www.rizoma.com\/fr\/wp-json\/wp\/v2\/types\/product"}],"wp:featuredmedia":[{"embeddable":true,"href":"https:\/\/www.rizoma.com\/fr\/wp-json\/wp\/v2\/media\/296317"}],"wp:attachment":[{"href":"https:\/\/www.rizoma.com\/fr\/wp-json\/wp\/v2\/media?parent=316233"}],"wp:term":[{"taxonomy":"rizoma_assembly_time","embeddable":true,"href":"https:\/\/www.rizoma.com\/fr\/wp-json\/wp\/v2\/rizoma_assembly_time?post=316233"},{"taxonomy":"rizoma_bike","embeddable":true,"href":"https:\/\/www.rizoma.com\/fr\/wp-json\/wp\/v2\/rizoma_bike?post=316233"},{"taxonomy":"rizoma_division","embeddable":true,"href":"https:\/\/www.rizoma.com\/fr\/wp-json\/wp\/v2\/rizoma_division?post=316233"},{"taxonomy":"rizoma_family","embeddable":true,"href":"https:\/\/www.rizoma.com\/fr\/wp-json\/wp\/v2\/rizoma_family?post=316233"},{"taxonomy":"rizoma_model_category","embeddable":true,"href":"https:\/\/www.rizoma.com\/fr\/wp-json\/wp\/v2\/rizoma_model_category?post=316233"},{"taxonomy":"rizoma_product_template","embeddable":true,"href":"https:\/\/www.rizoma.com\/fr\/wp-json\/wp\/v2\/rizoma_product_template?post=316233"},{"taxonomy":"product_brand","embeddable":true,"href":"https:\/\/www.rizoma.com\/fr\/wp-json\/wp\/v2\/product_brand?post=316233"},{"taxonomy":"product_cat","embeddable":true,"href":"https:\/\/www.rizoma.com\/fr\/wp-json\/wp\/v2\/product_cat?post=316233"},{"taxonomy":"product_tag","embeddable":true,"href":"https:\/\/www.rizoma.com\/fr\/wp-json\/wp\/v2\/product_tag?post=316233"}],"curies":[{"name":"wp","href":"https:\/\/api.w.org\/{rel}","templated":true}]}}