{"id":316103,"date":"2024-11-21T16:56:25","date_gmt":"2024-11-21T15:56:25","guid":{"rendered":"https:\/\/rwp.rizoma.com\/negozio\/protections-lateral-b-pro-pm251\/"},"modified":"2026-04-03T07:21:14","modified_gmt":"2026-04-03T05:21:14","slug":"protections-lateral-b-pro-pm251","status":"publish","type":"product","link":"https:\/\/www.rizoma.com\/fr\/negozio\/protections-lateral\/PM251\/protections-lateral-b-pro-pm251\/","title":{"rendered":"Protections lat\u00e9ral B-Pro"},"content":{"rendered":"<p>Les protections de moteur Rizoma sont sp\u00e9cifiquement d\u00e9velopp\u00e9es pour chaque type de mod\u00e8le afin de garantir une compatibilit\u00e9 et une fonctionnalit\u00e9 optimales.<br \/>Les lignes simples soulignent le soin extr\u00eame apport\u00e9 aux d\u00e9tails des protections qui, au-del\u00e0 de leur utilisation fonctionnelle, deviennent \u00e9galement de v\u00e9ritables objets de design.<br \/>La partie structurelle est taill\u00e9e dans la masse d\u2019aluminium, et le slider est en Delrin\u00ae afin de pouvoir le remplacer facilement en cas de chute.<\/p>\n","protected":false},"excerpt":{"rendered":"<p>Les protections de moteur Rizoma sont sp\u00e9cifiquement d\u00e9velopp\u00e9es pour chaque type de mod\u00e8le afin de garantir une compatibilit\u00e9 et une fonctionnalit\u00e9 optimales.Les lignes simples soulignent le soin extr\u00eame apport\u00e9 aux d\u00e9tails des protections qui, au-del\u00e0 de leur utilisation fonctionnelle, deviennent \u00e9galement de v\u00e9ritables objets de design.La partie structurelle est taill\u00e9e dans la masse d\u2019aluminium, et [&hellip;]<\/p>\n","protected":false},"featured_media":342149,"template":"","meta":{"_acf_changed":false},"rizoma_assembly_time":[42789],"rizoma_bike":[41571,41833,41765,41834,41940,42115,42116,41941],"rizoma_division":[42651],"rizoma_family":[],"rizoma_model_category":[],"rizoma_product_template":[],"product_brand":[],"product_cat":[42756],"product_tag":[],"class_list":{"0":"post-316103","1":"product","2":"type-product","3":"status-publish","4":"has-post-thumbnail","6":"rizoma_bike-speed-triple-1050-2011-13","7":"rizoma_bike-speed-triple-1050-abs-2011-15","8":"rizoma_bike-speed-triple-1050-r-2011-13","9":"rizoma_bike-speed-triple-1050-r-abs-2011-15","10":"rizoma_bike-speed-triple-1050-r-abs-2016-17","11":"rizoma_bike-speed-triple-1050-rs-2018-20","12":"rizoma_bike-speed-triple-1050-s-2018-20","13":"rizoma_bike-speed-triple-1050-s-abs-2016-17","14":"product_cat-protections-lateral","16":"first","17":"instock","18":"taxable","19":"shipping-taxable","20":"purchasable","21":"product-type-variable"},"acf":[],"_links":{"self":[{"href":"https:\/\/www.rizoma.com\/fr\/wp-json\/wp\/v2\/product\/316103","targetHints":{"allow":["GET"]}}],"collection":[{"href":"https:\/\/www.rizoma.com\/fr\/wp-json\/wp\/v2\/product"}],"about":[{"href":"https:\/\/www.rizoma.com\/fr\/wp-json\/wp\/v2\/types\/product"}],"wp:featuredmedia":[{"embeddable":true,"href":"https:\/\/www.rizoma.com\/fr\/wp-json\/wp\/v2\/media\/342149"}],"wp:attachment":[{"href":"https:\/\/www.rizoma.com\/fr\/wp-json\/wp\/v2\/media?parent=316103"}],"wp:term":[{"taxonomy":"rizoma_assembly_time","embeddable":true,"href":"https:\/\/www.rizoma.com\/fr\/wp-json\/wp\/v2\/rizoma_assembly_time?post=316103"},{"taxonomy":"rizoma_bike","embeddable":true,"href":"https:\/\/www.rizoma.com\/fr\/wp-json\/wp\/v2\/rizoma_bike?post=316103"},{"taxonomy":"rizoma_division","embeddable":true,"href":"https:\/\/www.rizoma.com\/fr\/wp-json\/wp\/v2\/rizoma_division?post=316103"},{"taxonomy":"rizoma_family","embeddable":true,"href":"https:\/\/www.rizoma.com\/fr\/wp-json\/wp\/v2\/rizoma_family?post=316103"},{"taxonomy":"rizoma_model_category","embeddable":true,"href":"https:\/\/www.rizoma.com\/fr\/wp-json\/wp\/v2\/rizoma_model_category?post=316103"},{"taxonomy":"rizoma_product_template","embeddable":true,"href":"https:\/\/www.rizoma.com\/fr\/wp-json\/wp\/v2\/rizoma_product_template?post=316103"},{"taxonomy":"product_brand","embeddable":true,"href":"https:\/\/www.rizoma.com\/fr\/wp-json\/wp\/v2\/product_brand?post=316103"},{"taxonomy":"product_cat","embeddable":true,"href":"https:\/\/www.rizoma.com\/fr\/wp-json\/wp\/v2\/product_cat?post=316103"},{"taxonomy":"product_tag","embeddable":true,"href":"https:\/\/www.rizoma.com\/fr\/wp-json\/wp\/v2\/product_tag?post=316103"}],"curies":[{"name":"wp","href":"https:\/\/api.w.org\/{rel}","templated":true}]}}