{"id":316078,"date":"2024-11-21T16:55:52","date_gmt":"2024-11-21T15:55:52","guid":{"rendered":"https:\/\/rwp.rizoma.com\/negozio\/protections-lateral-pro-pm205\/"},"modified":"2025-12-18T00:36:43","modified_gmt":"2025-12-17T23:36:43","slug":"protections-lateral-pro-pm205","status":"publish","type":"product","link":"https:\/\/www.rizoma.com\/fr\/negozio\/protections-lateral\/PM205\/protections-lateral-pro-pm205\/","title":{"rendered":"Protections lat\u00e9ral Pro"},"content":{"rendered":"<p>Les protections de moteur Rizoma sont sp\u00e9cifiquement d\u00e9velopp\u00e9es pour le mod\u00e8le de moto auquel elles sont destin\u00e9es, afin de garantir une compatibilit\u00e9 et une fonctionnalit\u00e9 optimales, ainsi qu\u2019un montage simple et rapide.<br \/>La partie structurelle est taill\u00e9e dans la masse d\u2019aluminium, et le slider en Delrin\u00ae est rempla\u00e7able en cas de chute.<\/p>\n","protected":false},"excerpt":{"rendered":"<p>Les protections de moteur Rizoma sont sp\u00e9cifiquement d\u00e9velopp\u00e9es pour le mod\u00e8le de moto auquel elles sont destin\u00e9es, afin de garantir une compatibilit\u00e9 et une fonctionnalit\u00e9 optimales, ainsi qu\u2019un montage simple et rapide.La partie structurelle est taill\u00e9e dans la masse d\u2019aluminium, et le slider en Delrin\u00ae est rempla\u00e7able en cas de chute.<\/p>\n","protected":false},"featured_media":297037,"template":"","meta":{"_acf_changed":false},"rizoma_assembly_time":[42789],"rizoma_bike":[41719,41728,41729,41725],"rizoma_division":[42651],"rizoma_family":[],"rizoma_model_category":[],"rizoma_product_template":[],"product_brand":[],"product_cat":[42756],"product_tag":[],"class_list":{"0":"post-316078","1":"product","2":"type-product","3":"status-publish","4":"has-post-thumbnail","6":"rizoma_bike-yzf-r1-2002-03","7":"rizoma_bike-yzf-r6-2003-04","8":"rizoma_bike-yzf-r6-2005-06","9":"rizoma_bike-yzf-r6-2005","10":"product_cat-protections-lateral","12":"first","13":"instock","14":"sale","15":"taxable","16":"shipping-taxable","17":"purchasable","18":"product-type-variable"},"acf":[],"_links":{"self":[{"href":"https:\/\/www.rizoma.com\/fr\/wp-json\/wp\/v2\/product\/316078","targetHints":{"allow":["GET"]}}],"collection":[{"href":"https:\/\/www.rizoma.com\/fr\/wp-json\/wp\/v2\/product"}],"about":[{"href":"https:\/\/www.rizoma.com\/fr\/wp-json\/wp\/v2\/types\/product"}],"wp:featuredmedia":[{"embeddable":true,"href":"https:\/\/www.rizoma.com\/fr\/wp-json\/wp\/v2\/media\/297037"}],"wp:attachment":[{"href":"https:\/\/www.rizoma.com\/fr\/wp-json\/wp\/v2\/media?parent=316078"}],"wp:term":[{"taxonomy":"rizoma_assembly_time","embeddable":true,"href":"https:\/\/www.rizoma.com\/fr\/wp-json\/wp\/v2\/rizoma_assembly_time?post=316078"},{"taxonomy":"rizoma_bike","embeddable":true,"href":"https:\/\/www.rizoma.com\/fr\/wp-json\/wp\/v2\/rizoma_bike?post=316078"},{"taxonomy":"rizoma_division","embeddable":true,"href":"https:\/\/www.rizoma.com\/fr\/wp-json\/wp\/v2\/rizoma_division?post=316078"},{"taxonomy":"rizoma_family","embeddable":true,"href":"https:\/\/www.rizoma.com\/fr\/wp-json\/wp\/v2\/rizoma_family?post=316078"},{"taxonomy":"rizoma_model_category","embeddable":true,"href":"https:\/\/www.rizoma.com\/fr\/wp-json\/wp\/v2\/rizoma_model_category?post=316078"},{"taxonomy":"rizoma_product_template","embeddable":true,"href":"https:\/\/www.rizoma.com\/fr\/wp-json\/wp\/v2\/rizoma_product_template?post=316078"},{"taxonomy":"product_brand","embeddable":true,"href":"https:\/\/www.rizoma.com\/fr\/wp-json\/wp\/v2\/product_brand?post=316078"},{"taxonomy":"product_cat","embeddable":true,"href":"https:\/\/www.rizoma.com\/fr\/wp-json\/wp\/v2\/product_cat?post=316078"},{"taxonomy":"product_tag","embeddable":true,"href":"https:\/\/www.rizoma.com\/fr\/wp-json\/wp\/v2\/product_tag?post=316078"}],"curies":[{"name":"wp","href":"https:\/\/api.w.org\/{rel}","templated":true}]}}